{"id":760,"date":"2018-10-14T22:27:55","date_gmt":"2018-10-14T20:27:55","guid":{"rendered":"http:\/\/www.mg-modelleisenbahnbau.de\/?post_type=product&#038;p=760"},"modified":"2025-06-29T23:11:27","modified_gmt":"2025-06-29T21:11:27","slug":"5280-multiprotokoll-schalt-und-weichendecoder","status":"publish","type":"product","link":"https:\/\/www.mg-modelleisenbahnbau.de\/startseite-2\/produkt\/5280-multiprotokoll-schalt-und-weichendecoder\/","title":{"rendered":"5280 Multiprotokoll Schalt- und Weichendecoder"},"content":{"rendered":"<p>Produktinformationen &#8222;Multiprotokoll Schalt- und Weichendecoder&#8220;<br \/>\nDer Decoder ist ein Multiprotokoll-Decoder f\u00fcr das DCC- und M\u00e4rklin-Motorola-Format. Er ist als Weichendecoder f\u00fcr 4 Weichen mit Doppelspulen ausgelegt und steuert zus\u00e4tzlich 2 Servos an. Er besitzt 4 Ausgangspaare, die auch f\u00fcr Sonderfunktionen konfiguriert werden k\u00f6nnen. So k\u00f6nnen diverse Lichteffekte erzeugt werden, wie Blinken f\u00fcr Baustellenbeleuchtung oder Reklame. An den Weichenausg\u00e4ngen erkennt der Decoder bei entsprechender Konfiguration die Stellung von Weichen mit Endlagenabschaltung und meldet diese Stellung per RailCom zur\u00fcck. Merkmale: 4 Paar Weichenausg\u00e4nge (Doppelspule), Ausg\u00e4nge auch konfigurierbar als Einzelausg\u00e4nge, positive Spannung geschaltet, Versorgung wahlweise aus dem Gleissignal oder \u00fcber externe Versorgung f\u00fcr die zu schaltende Last, verschiedene Funktionalit\u00e4ten der Ausg\u00e4nge: Impuls-, Dauer-, Blinkausgang, Dimmen, Signale, Zufallssteuerung (auch bei den Servoausg\u00e4ngen). Schaltstrom bis maximal 5 A pro Ausgang, Decoder gesamt maximal 5 A. Mit E-Buchse zur Einspeisung des Schaltstroms \u00fcber einen separaten Trafo. Maximaler Gesamtstrom des Decoders einstellbar. LEDs an den Ausg\u00e4ngen signalisieren den Schaltbefehl, Gleiseingang, Programmierung auf dem Programmiergleis, Programmierung auf dem Hauptgleis (POM), Adressprogrammierung auch per Taster, RailCom. Die Servoausg\u00e4nge k\u00f6nnen bzgl. Stellwegen und Geschwindigkeiten konfiguriert werden, Versorgungsstrom f\u00fcr beide Servos gesamt: 300 mA dauernd, 450 mA kurzzeitig. Mit Schraubklemmen.<\/p>\n","protected":false},"excerpt":{"rendered":"<p>Produktinformationen &#8222;Multiprotokoll Schalt- und Weichendecoder&#8220; Der Decoder ist ein Multiprotokoll-Decoder f\u00fcr das DCC- und M\u00e4rklin-Motorola-Format. Er ist als Weichendecoder f\u00fcr 4 Weichen mit Doppelspulen ausgelegt und steuert zus\u00e4tzlich 2 Servos an. Er besitzt 4 Ausgangspaare, die auch f\u00fcr Sonderfunktionen konfiguriert werden k\u00f6nnen. So k\u00f6nnen diverse Lichteffekte erzeugt werden, wie Blinken f\u00fcr Baustellenbeleuchtung oder Reklame. An&#8230;<\/p>\n","protected":false},"featured_media":762,"comment_status":"open","ping_status":"closed","template":"","meta":[],"product_brand":[],"product_cat":[151,38,37,148],"product_tag":[292,291],"class_list":{"0":"post-760","1":"product","2":"type-product","3":"status-publish","4":"has-post-thumbnail","6":"product_cat-digitaltechnik","7":"product_cat-unkategorisiert","8":"product_cat-viessmann","9":"product_cat-viessmann-elektronik","10":"product_tag-kein-spielzeug-nicht-geeignet-fuer-kinder-unter-14-jahren","11":"product_tag-warn-und-sicherheitshinweise-modellbauartikel","13":"first","14":"instock","15":"taxable","16":"shipping-taxable","17":"purchasable","18":"product-type-simple"},"jetpack_sharing_enabled":true,"_links":{"self":[{"href":"https:\/\/www.mg-modelleisenbahnbau.de\/startseite-2\/wp-json\/wp\/v2\/product\/760","targetHints":{"allow":["GET"]}}],"collection":[{"href":"https:\/\/www.mg-modelleisenbahnbau.de\/startseite-2\/wp-json\/wp\/v2\/product"}],"about":[{"href":"https:\/\/www.mg-modelleisenbahnbau.de\/startseite-2\/wp-json\/wp\/v2\/types\/product"}],"replies":[{"embeddable":true,"href":"https:\/\/www.mg-modelleisenbahnbau.de\/startseite-2\/wp-json\/wp\/v2\/comments?post=760"}],"wp:featuredmedia":[{"embeddable":true,"href":"https:\/\/www.mg-modelleisenbahnbau.de\/startseite-2\/wp-json\/wp\/v2\/media\/762"}],"wp:attachment":[{"href":"https:\/\/www.mg-modelleisenbahnbau.de\/startseite-2\/wp-json\/wp\/v2\/media?parent=760"}],"wp:term":[{"taxonomy":"product_brand","embeddable":true,"href":"https:\/\/www.mg-modelleisenbahnbau.de\/startseite-2\/wp-json\/wp\/v2\/product_brand?post=760"},{"taxonomy":"product_cat","embeddable":true,"href":"https:\/\/www.mg-modelleisenbahnbau.de\/startseite-2\/wp-json\/wp\/v2\/product_cat?post=760"},{"taxonomy":"product_tag","embeddable":true,"href":"https:\/\/www.mg-modelleisenbahnbau.de\/startseite-2\/wp-json\/wp\/v2\/product_tag?post=760"}],"curies":[{"name":"wp","href":"https:\/\/api.w.org\/{rel}","templated":true}]}}