{"id":755,"date":"2018-10-14T22:20:36","date_gmt":"2018-10-14T20:20:36","guid":{"rendered":"http:\/\/www.mg-modelleisenbahnbau.de\/?post_type=product&#038;p=755"},"modified":"2025-06-29T23:11:23","modified_gmt":"2025-06-29T21:11:23","slug":"5230-verlaengerungskabel-fuer-s88-bus-15-m","status":"publish","type":"product","link":"https:\/\/www.mg-modelleisenbahnbau.de\/startseite-2\/produkt\/5230-verlaengerungskabel-fuer-s88-bus-15-m\/","title":{"rendered":"5230 Verl\u00e4ngerungskabel f\u00fcr s88-Bus, 1,5 m"},"content":{"rendered":"<p>Produktinformationen &#8222;Verl\u00e4ngerungskabel f\u00fcr s88-Bus, 1,5 m&#8220;<br \/>\nPassend zu den R\u00fcckmeldedecodern Art. 5217, 5233, Viessmann Commander, M\u00e4rklin s88 und Uhlenbrock Intellibox. Kann an ein vorhandenes Kabel angesteckt werden. Dadurch ergibt sich eine echte Kabelverl\u00e4ngerung.<\/p>\n","protected":false},"excerpt":{"rendered":"<p>Produktinformationen &#8222;Verl\u00e4ngerungskabel f\u00fcr s88-Bus, 1,5 m&#8220; Passend zu den R\u00fcckmeldedecodern Art. 5217, 5233, Viessmann Commander, M\u00e4rklin s88 und Uhlenbrock Intellibox. Kann an ein vorhandenes Kabel angesteckt werden. Dadurch ergibt sich eine echte Kabelverl\u00e4ngerung.<\/p>\n","protected":false},"featured_media":756,"comment_status":"open","ping_status":"closed","template":"","meta":[],"product_brand":[],"product_cat":[151,38,37,148],"product_tag":[292,291],"class_list":{"0":"post-755","1":"product","2":"type-product","3":"status-publish","4":"has-post-thumbnail","6":"product_cat-digitaltechnik","7":"product_cat-unkategorisiert","8":"product_cat-viessmann","9":"product_cat-viessmann-elektronik","10":"product_tag-kein-spielzeug-nicht-geeignet-fuer-kinder-unter-14-jahren","11":"product_tag-warn-und-sicherheitshinweise-modellbauartikel","13":"first","14":"instock","15":"taxable","16":"shipping-taxable","17":"purchasable","18":"product-type-simple"},"jetpack_sharing_enabled":true,"_links":{"self":[{"href":"https:\/\/www.mg-modelleisenbahnbau.de\/startseite-2\/wp-json\/wp\/v2\/product\/755","targetHints":{"allow":["GET"]}}],"collection":[{"href":"https:\/\/www.mg-modelleisenbahnbau.de\/startseite-2\/wp-json\/wp\/v2\/product"}],"about":[{"href":"https:\/\/www.mg-modelleisenbahnbau.de\/startseite-2\/wp-json\/wp\/v2\/types\/product"}],"replies":[{"embeddable":true,"href":"https:\/\/www.mg-modelleisenbahnbau.de\/startseite-2\/wp-json\/wp\/v2\/comments?post=755"}],"wp:featuredmedia":[{"embeddable":true,"href":"https:\/\/www.mg-modelleisenbahnbau.de\/startseite-2\/wp-json\/wp\/v2\/media\/756"}],"wp:attachment":[{"href":"https:\/\/www.mg-modelleisenbahnbau.de\/startseite-2\/wp-json\/wp\/v2\/media?parent=755"}],"wp:term":[{"taxonomy":"product_brand","embeddable":true,"href":"https:\/\/www.mg-modelleisenbahnbau.de\/startseite-2\/wp-json\/wp\/v2\/product_brand?post=755"},{"taxonomy":"product_cat","embeddable":true,"href":"https:\/\/www.mg-modelleisenbahnbau.de\/startseite-2\/wp-json\/wp\/v2\/product_cat?post=755"},{"taxonomy":"product_tag","embeddable":true,"href":"https:\/\/www.mg-modelleisenbahnbau.de\/startseite-2\/wp-json\/wp\/v2\/product_tag?post=755"}],"curies":[{"name":"wp","href":"https:\/\/api.w.org\/{rel}","templated":true}]}}