{"id":753,"date":"2018-10-14T22:17:50","date_gmt":"2018-10-14T20:17:50","guid":{"rendered":"http:\/\/www.mg-modelleisenbahnbau.de\/?post_type=product&#038;p=753"},"modified":"2025-06-29T22:53:53","modified_gmt":"2025-06-29T20:53:53","slug":"5217-rueckmeldedecoder-fuer-s88-bus","status":"publish","type":"product","link":"https:\/\/www.mg-modelleisenbahnbau.de\/startseite-2\/produkt\/5217-rueckmeldedecoder-fuer-s88-bus\/","title":{"rendered":"5217 R\u00fcckmeldedecoder f\u00fcr s88-Bus"},"content":{"rendered":"<p>Produktinformationen &#8222;R\u00fcckmeldedecoder f\u00fcr s88-Bus&#8220;<br \/>\nKompatibel zum s88. Der R\u00fcckmeldedecoder ist mit dem M\u00e4rklin Interface, dem M\u00e4rklin Memory, der Uhlenbrock Intellibox und dem Viessmann Commander einsetzbar. Die 16 Eing\u00e4nge des Moduls sind zur Belegtmeldung oder zum Ausl\u00f6sen von Memory-Schaltfunktionen an Schaltgleisen, Schaltkontakten Art. 6840 (H0) oder bei M\u00e4rklin K- und C-Gleisen direkt an Kontaktgleisstrecken anschlie\u00dfbar. Ein 15 cm langes Flachkabel mit originalem s88-Stecker liegt bei. Speziell f\u00fcr Zweileitergleise empfehlen wir auch den Einsatz des R\u00fcckmeldedecoders in Verbindung mit dem Gleisbesetztmelder Art. 5233.<\/p>\n","protected":false},"excerpt":{"rendered":"<p>Produktinformationen &#8222;R\u00fcckmeldedecoder f\u00fcr s88-Bus&#8220; Kompatibel zum s88. Der R\u00fcckmeldedecoder ist mit dem M\u00e4rklin Interface, dem M\u00e4rklin Memory, der Uhlenbrock Intellibox und dem Viessmann Commander einsetzbar. Die 16 Eing\u00e4nge des Moduls sind zur Belegtmeldung oder zum Ausl\u00f6sen von Memory-Schaltfunktionen an Schaltgleisen, Schaltkontakten Art. 6840 (H0) oder bei M\u00e4rklin K- und C-Gleisen direkt an Kontaktgleisstrecken anschlie\u00dfbar. Ein&#8230;<\/p>\n","protected":false},"featured_media":754,"comment_status":"open","ping_status":"closed","template":"","meta":[],"product_brand":[],"product_cat":[151,38,37,148],"product_tag":[292,291],"class_list":{"0":"post-753","1":"product","2":"type-product","3":"status-publish","4":"has-post-thumbnail","6":"product_cat-digitaltechnik","7":"product_cat-unkategorisiert","8":"product_cat-viessmann","9":"product_cat-viessmann-elektronik","10":"product_tag-kein-spielzeug-nicht-geeignet-fuer-kinder-unter-14-jahren","11":"product_tag-warn-und-sicherheitshinweise-modellbauartikel","13":"first","14":"instock","15":"taxable","16":"shipping-taxable","17":"purchasable","18":"product-type-simple"},"jetpack_sharing_enabled":true,"_links":{"self":[{"href":"https:\/\/www.mg-modelleisenbahnbau.de\/startseite-2\/wp-json\/wp\/v2\/product\/753","targetHints":{"allow":["GET"]}}],"collection":[{"href":"https:\/\/www.mg-modelleisenbahnbau.de\/startseite-2\/wp-json\/wp\/v2\/product"}],"about":[{"href":"https:\/\/www.mg-modelleisenbahnbau.de\/startseite-2\/wp-json\/wp\/v2\/types\/product"}],"replies":[{"embeddable":true,"href":"https:\/\/www.mg-modelleisenbahnbau.de\/startseite-2\/wp-json\/wp\/v2\/comments?post=753"}],"wp:featuredmedia":[{"embeddable":true,"href":"https:\/\/www.mg-modelleisenbahnbau.de\/startseite-2\/wp-json\/wp\/v2\/media\/754"}],"wp:attachment":[{"href":"https:\/\/www.mg-modelleisenbahnbau.de\/startseite-2\/wp-json\/wp\/v2\/media?parent=753"}],"wp:term":[{"taxonomy":"product_brand","embeddable":true,"href":"https:\/\/www.mg-modelleisenbahnbau.de\/startseite-2\/wp-json\/wp\/v2\/product_brand?post=753"},{"taxonomy":"product_cat","embeddable":true,"href":"https:\/\/www.mg-modelleisenbahnbau.de\/startseite-2\/wp-json\/wp\/v2\/product_cat?post=753"},{"taxonomy":"product_tag","embeddable":true,"href":"https:\/\/www.mg-modelleisenbahnbau.de\/startseite-2\/wp-json\/wp\/v2\/product_tag?post=753"}],"curies":[{"name":"wp","href":"https:\/\/api.w.org\/{rel}","templated":true}]}}