{"id":748,"date":"2018-10-14T22:09:40","date_gmt":"2018-10-14T20:09:40","guid":{"rendered":"http:\/\/www.mg-modelleisenbahnbau.de\/?post_type=product&#038;p=748"},"modified":"2025-06-29T23:11:24","modified_gmt":"2025-06-29T21:11:24","slug":"5235-dreiwegweichendecoder-fuer-c-gleis","status":"publish","type":"product","link":"https:\/\/www.mg-modelleisenbahnbau.de\/startseite-2\/produkt\/5235-dreiwegweichendecoder-fuer-c-gleis\/","title":{"rendered":"5235 Dreiwegweichendecoder f\u00fcr C-Gleis"},"content":{"rendered":"<p>Produktinformationen &#8222;Dreiwegweichendecoder f\u00fcr C-Gleis&#8220;<br \/>\nWie Art. 5231 Einzelweichendecoder, jedoch f\u00fcr eine M\u00e4rklin C-Gleis Dreiwegweiche. Steuert 2 Antriebe an. Die Bedienung des Decoders ist auch \u00fcber Lokadressen m\u00f6glich, somit ist er mit Fahrger\u00e4ten verwendbar, die keine Schaltdecoder adressieren k\u00f6nnen (z. B. fr\u00fche Mobile Station und Roco Lokm\u00e4use). F\u00fcr M\u00e4rklin-Motorola, NMRA-DCC und M\u00e4rklin Systems.<\/p>\n","protected":false},"excerpt":{"rendered":"<p>Produktinformationen &#8222;Dreiwegweichendecoder f\u00fcr C-Gleis&#8220; Wie Art. 5231 Einzelweichendecoder, jedoch f\u00fcr eine M\u00e4rklin C-Gleis Dreiwegweiche. Steuert 2 Antriebe an. Die Bedienung des Decoders ist auch \u00fcber Lokadressen m\u00f6glich, somit ist er mit Fahrger\u00e4ten verwendbar, die keine Schaltdecoder adressieren k\u00f6nnen (z. B. fr\u00fche Mobile Station und Roco Lokm\u00e4use). F\u00fcr M\u00e4rklin-Motorola, NMRA-DCC und M\u00e4rklin Systems.<\/p>\n","protected":false},"featured_media":749,"comment_status":"open","ping_status":"closed","template":"","meta":[],"product_brand":[],"product_cat":[151,38,37,148],"product_tag":[292,291],"class_list":{"0":"post-748","1":"product","2":"type-product","3":"status-publish","4":"has-post-thumbnail","6":"product_cat-digitaltechnik","7":"product_cat-unkategorisiert","8":"product_cat-viessmann","9":"product_cat-viessmann-elektronik","10":"product_tag-kein-spielzeug-nicht-geeignet-fuer-kinder-unter-14-jahren","11":"product_tag-warn-und-sicherheitshinweise-modellbauartikel","13":"first","14":"instock","15":"taxable","16":"shipping-taxable","17":"purchasable","18":"product-type-simple"},"jetpack_sharing_enabled":true,"_links":{"self":[{"href":"https:\/\/www.mg-modelleisenbahnbau.de\/startseite-2\/wp-json\/wp\/v2\/product\/748","targetHints":{"allow":["GET"]}}],"collection":[{"href":"https:\/\/www.mg-modelleisenbahnbau.de\/startseite-2\/wp-json\/wp\/v2\/product"}],"about":[{"href":"https:\/\/www.mg-modelleisenbahnbau.de\/startseite-2\/wp-json\/wp\/v2\/types\/product"}],"replies":[{"embeddable":true,"href":"https:\/\/www.mg-modelleisenbahnbau.de\/startseite-2\/wp-json\/wp\/v2\/comments?post=748"}],"wp:featuredmedia":[{"embeddable":true,"href":"https:\/\/www.mg-modelleisenbahnbau.de\/startseite-2\/wp-json\/wp\/v2\/media\/749"}],"wp:attachment":[{"href":"https:\/\/www.mg-modelleisenbahnbau.de\/startseite-2\/wp-json\/wp\/v2\/media?parent=748"}],"wp:term":[{"taxonomy":"product_brand","embeddable":true,"href":"https:\/\/www.mg-modelleisenbahnbau.de\/startseite-2\/wp-json\/wp\/v2\/product_brand?post=748"},{"taxonomy":"product_cat","embeddable":true,"href":"https:\/\/www.mg-modelleisenbahnbau.de\/startseite-2\/wp-json\/wp\/v2\/product_cat?post=748"},{"taxonomy":"product_tag","embeddable":true,"href":"https:\/\/www.mg-modelleisenbahnbau.de\/startseite-2\/wp-json\/wp\/v2\/product_tag?post=748"}],"curies":[{"name":"wp","href":"https:\/\/api.w.org\/{rel}","templated":true}]}}