{"id":7427,"date":"2021-05-15T12:30:32","date_gmt":"2021-05-15T10:30:32","guid":{"rendered":"https:\/\/www.mg-modelleisenbahnbau.de\/?post_type=product&#038;p=7427"},"modified":"2025-03-06T16:30:45","modified_gmt":"2025-03-06T15:30:45","slug":"10830008-magiflex-fur-modelleisenbahnnetze-schnell-und-sparsam","status":"publish","type":"product","link":"https:\/\/www.mg-modelleisenbahnbau.de\/startseite-2\/produkt\/10830008-magiflex-fur-modelleisenbahnnetze-schnell-und-sparsam\/","title":{"rendered":"10 830 008 Magiflex f\u00fbr Modelleisenbahnnetze, schnell und sparsam"},"content":{"rendered":"<div id=\"description\" class=\"tab-pane fade in active\" role=\"tabpanel\">\n<div class=\"product-description\">\n<h2>Modelleisenbahnnetzen schnell und sparsam!<\/h2>\n<p>Die meisten Modellbauer die Dioramen realisieren, sind mit der Realisierung der Struktur konfrontiert. Normalerweise ist die herk\u00f6mmliche Struktur aus Holz, Gitter und Gibs hergestellt. Dieses braucht Zeit und ist teuer! Eine einfachere und g\u00fcnstigere Methode ist Styroporplatten zu benutzen! Diese Platten lassen sich einfach mit einem Kutter schneiden. Das Kunstharz Magiplast-Dur mit Verdickungsmittel erm\u00f6glicht eine rasche Verklebung der Styroporplatten in weniger als einer Stunde. Die Hohlr\u00e4ume k\u00f6nnen mit einem Gemisch aus Styropor K\u00fcgelchen und Magiflex ausgef\u00fcllt werden. Die Oberfl\u00e4che bleibt obwohl erstarrt, weich und leicht manipulierbar! Einfaches Schneiden mit dem Kutter ! Einfaches einstechen von Nadeln, N\u00e4geln usw. f\u00fcr das fixieren von Gegenst\u00e4nden. Eine Schicht mit Flexigras f\u00fcr die End Verarbeitung der Landschaft !<br \/>\nDieses Kunstharz ist Magiflex ein zus\u00e4tzliches Produkt in der Kunstharzpalette von Microrama .Die Herstellung ben\u00f6tigt wenig Werkzeuge und ist ger\u00e4uschlos. Dank unserer feuerbest\u00e4ndigen Kunstharze K\u00f6nnen sie mit einem Styropor m1 eine feuerbest\u00e4ndige Anlage bauen f\u00fcr das sie ein certificat feuerbest\u00e4ndig bekommen Um die Stabilit\u00e4t zu Vergr\u00f6\u00dfern empfehlen wir ihnen Platten aus Papierwaben zu benutzen die f\u00fcr geringes Gewicht und gute Stabilit\u00e4t sorgen !<br \/>\nDieses Kunstharz gibt es jetzt. Das ist Magiflex.<\/p>\n<h2>\u00dcbersicht von Magiflex<\/h2>\n<p>\u2013Ist ideal f\u00fcr die Anfertigung von Modelleisenbahnstrukturen und Dioramas.<br \/>\n\u2013F\u00fcr gr\u00f6\u00dfere Volumen kann man K\u00fcgelchen aus Styropor beimischen<br \/>\n\u2013Magiflex bleibt flexibel, l\u00e4sst sich gut mit einem Kutter schneiden<br \/>\n\u2013Haftet auf fast allen Materialien (auch Styropor)<br \/>\n\u2013Tr\u00e4gt sich mit einem Spachtel in feinen schichten auf<br \/>\n\u2013Reinigung aller Hilfsmittel mit Wasser<br \/>\n\u2013Magiflex ist nicht giftig, kann aber eine allergische Reaktion hervorrufen das es Zement enth\u00e4lt. Daher Handschuhe tragen.<br \/>\n\u2013Eine Stunde nach dem Auftragen k\u00f6nnen sie ein Tuch benutzen um eventuelle Spachtelspuren abzutupfen<br \/>\n-Feuerbest\u00e4ndig und hohe Lebensdauer<\/p>\n<\/div>\n<\/div>\n","protected":false},"excerpt":{"rendered":"<p>Modelleisenbahnnetzen schnell und sparsam! Die meisten Modellbauer die Dioramen realisieren, sind mit der Realisierung der Struktur konfrontiert. Normalerweise ist die herk\u00f6mmliche Struktur aus Holz, Gitter und Gibs hergestellt. Dieses braucht Zeit und ist teuer! Eine einfachere und g\u00fcnstigere Methode ist Styroporplatten zu benutzen! Diese Platten lassen sich einfach mit einem Kutter schneiden. Das Kunstharz Magiplast-Dur&#8230;<\/p>\n","protected":false},"featured_media":7428,"comment_status":"open","ping_status":"closed","template":"","meta":[],"product_brand":[],"product_cat":[245,45],"product_tag":[292,291],"class_list":{"0":"post-7427","1":"product","2":"type-product","3":"status-publish","4":"has-post-thumbnail","6":"product_cat-kleber-kunsthatz","7":"product_cat-microrama-miniature","8":"product_tag-kein-spielzeug-nicht-geeignet-fuer-kinder-unter-14-jahren","9":"product_tag-warn-und-sicherheitshinweise-modellbauartikel","11":"first","12":"instock","13":"taxable","14":"shipping-taxable","15":"purchasable","16":"product-type-simple"},"jetpack_sharing_enabled":true,"_links":{"self":[{"href":"https:\/\/www.mg-modelleisenbahnbau.de\/startseite-2\/wp-json\/wp\/v2\/product\/7427","targetHints":{"allow":["GET"]}}],"collection":[{"href":"https:\/\/www.mg-modelleisenbahnbau.de\/startseite-2\/wp-json\/wp\/v2\/product"}],"about":[{"href":"https:\/\/www.mg-modelleisenbahnbau.de\/startseite-2\/wp-json\/wp\/v2\/types\/product"}],"replies":[{"embeddable":true,"href":"https:\/\/www.mg-modelleisenbahnbau.de\/startseite-2\/wp-json\/wp\/v2\/comments?post=7427"}],"wp:featuredmedia":[{"embeddable":true,"href":"https:\/\/www.mg-modelleisenbahnbau.de\/startseite-2\/wp-json\/wp\/v2\/media\/7428"}],"wp:attachment":[{"href":"https:\/\/www.mg-modelleisenbahnbau.de\/startseite-2\/wp-json\/wp\/v2\/media?parent=7427"}],"wp:term":[{"taxonomy":"product_brand","embeddable":true,"href":"https:\/\/www.mg-modelleisenbahnbau.de\/startseite-2\/wp-json\/wp\/v2\/product_brand?post=7427"},{"taxonomy":"product_cat","embeddable":true,"href":"https:\/\/www.mg-modelleisenbahnbau.de\/startseite-2\/wp-json\/wp\/v2\/product_cat?post=7427"},{"taxonomy":"product_tag","embeddable":true,"href":"https:\/\/www.mg-modelleisenbahnbau.de\/startseite-2\/wp-json\/wp\/v2\/product_tag?post=7427"}],"curies":[{"name":"wp","href":"https:\/\/api.w.org\/{rel}","templated":true}]}}