{"id":742,"date":"2018-10-14T21:56:13","date_gmt":"2018-10-14T19:56:13","guid":{"rendered":"http:\/\/www.mg-modelleisenbahnbau.de\/?post_type=product&#038;p=742"},"modified":"2025-06-29T22:53:51","modified_gmt":"2025-06-29T20:53:51","slug":"5211-motorola-magnetartikeldecoder","status":"publish","type":"product","link":"https:\/\/www.mg-modelleisenbahnbau.de\/startseite-2\/produkt\/5211-motorola-magnetartikeldecoder\/","title":{"rendered":"5211 Motorola-Magnetartikeldecoder"},"content":{"rendered":"<p>Produktinformationen &#8222;Motorola-Magnetartikeldecoder&#8220;<br \/>\n8 Impulsausg\u00e4nge zur Steuerung von 4 Magnetartikeln mit Doppelspulenantrieb. Der Codierschalter zum Einstellen von 80 m\u00f6glichen Decoderadressen ist von au\u00dfen zug\u00e4nglich. Mit E-Buchse zur Einspeisung des Schaltstroms \u00fcber einen separaten Trafo. Dies gew\u00e4hrleistet auch bei vielen gleichzeitig fahrenden Z\u00fcgen ein sicheres Schalten der Weichen und Signale. Leistungsstarke Impulsausg\u00e4nge mit bis zu 2 A belastbar. Mit Kurzschluss- und \u00dcberlastschutz. Positive Schaltimpulse. Kompatibel zu Viessmann Commander, M\u00e4rklin Digital und Uhlenbrock Intellibox.<\/p>\n","protected":false},"excerpt":{"rendered":"<p>Produktinformationen &#8222;Motorola-Magnetartikeldecoder&#8220; 8 Impulsausg\u00e4nge zur Steuerung von 4 Magnetartikeln mit Doppelspulenantrieb. Der Codierschalter zum Einstellen von 80 m\u00f6glichen Decoderadressen ist von au\u00dfen zug\u00e4nglich. Mit E-Buchse zur Einspeisung des Schaltstroms \u00fcber einen separaten Trafo. Dies gew\u00e4hrleistet auch bei vielen gleichzeitig fahrenden Z\u00fcgen ein sicheres Schalten der Weichen und Signale. Leistungsstarke Impulsausg\u00e4nge mit bis zu 2 A&#8230;<\/p>\n","protected":false},"featured_media":743,"comment_status":"open","ping_status":"closed","template":"","meta":[],"product_brand":[],"product_cat":[151,38,37,148],"product_tag":[292,291],"class_list":{"0":"post-742","1":"product","2":"type-product","3":"status-publish","4":"has-post-thumbnail","6":"product_cat-digitaltechnik","7":"product_cat-unkategorisiert","8":"product_cat-viessmann","9":"product_cat-viessmann-elektronik","10":"product_tag-kein-spielzeug-nicht-geeignet-fuer-kinder-unter-14-jahren","11":"product_tag-warn-und-sicherheitshinweise-modellbauartikel","13":"first","14":"instock","15":"taxable","16":"shipping-taxable","17":"purchasable","18":"product-type-simple"},"jetpack_sharing_enabled":true,"_links":{"self":[{"href":"https:\/\/www.mg-modelleisenbahnbau.de\/startseite-2\/wp-json\/wp\/v2\/product\/742","targetHints":{"allow":["GET"]}}],"collection":[{"href":"https:\/\/www.mg-modelleisenbahnbau.de\/startseite-2\/wp-json\/wp\/v2\/product"}],"about":[{"href":"https:\/\/www.mg-modelleisenbahnbau.de\/startseite-2\/wp-json\/wp\/v2\/types\/product"}],"replies":[{"embeddable":true,"href":"https:\/\/www.mg-modelleisenbahnbau.de\/startseite-2\/wp-json\/wp\/v2\/comments?post=742"}],"wp:featuredmedia":[{"embeddable":true,"href":"https:\/\/www.mg-modelleisenbahnbau.de\/startseite-2\/wp-json\/wp\/v2\/media\/743"}],"wp:attachment":[{"href":"https:\/\/www.mg-modelleisenbahnbau.de\/startseite-2\/wp-json\/wp\/v2\/media?parent=742"}],"wp:term":[{"taxonomy":"product_brand","embeddable":true,"href":"https:\/\/www.mg-modelleisenbahnbau.de\/startseite-2\/wp-json\/wp\/v2\/product_brand?post=742"},{"taxonomy":"product_cat","embeddable":true,"href":"https:\/\/www.mg-modelleisenbahnbau.de\/startseite-2\/wp-json\/wp\/v2\/product_cat?post=742"},{"taxonomy":"product_tag","embeddable":true,"href":"https:\/\/www.mg-modelleisenbahnbau.de\/startseite-2\/wp-json\/wp\/v2\/product_tag?post=742"}],"curies":[{"name":"wp","href":"https:\/\/api.w.org\/{rel}","templated":true}]}}