{"id":7354,"date":"2021-04-22T09:42:15","date_gmt":"2021-04-22T07:42:15","guid":{"rendered":"https:\/\/www.mg-modelleisenbahnbau.de\/?post_type=product&#038;p=7354"},"modified":"2025-11-28T11:49:59","modified_gmt":"2025-11-28T10:49:59","slug":"104-gleisschotter-aus-naturstein-diabas-300-g-spur-n","status":"publish","type":"product","link":"https:\/\/www.mg-modelleisenbahnbau.de\/startseite-2\/produkt\/104-gleisschotter-aus-naturstein-diabas-300-g-spur-n\/","title":{"rendered":"104 Gleisschotter aus Naturstein Diabas  300 g Spur N"},"content":{"rendered":"<p>K\u00f6rnung 0.20 \u2013 0.40 mm in 300g Becher<br \/>\nBahnschotter aus dem Hartsteinwerk Kitzb\u00fchel wird aus dem DIABAS \u2013 Gestein gebrochen und hat im Lieferzustand eine K\u00f6rnung von 32 bis 63 mm. Er wird seit Jahrzehnten an die Bahnverwaltungen der \u00d6BB und der DB geliefert mit einer j\u00e4hrlichen Abnahmemenge von ca. 150.000 Tonnen.<br \/>\n10 Becher auf Lager<br \/>\nAls Spielzeug und f\u00fcr Kinder unter 10 Jahren sind sie nicht geeignet !<\/p>\n<h1><span style=\"font-size: 20.0pt;\">Wir empfehlen Heki 3342 <\/span>HEKI Latex<\/h1>\n<h1>Oder Heki 1830 Schotterkleber beides im Shop zu bekommen<\/h1>\n","protected":false},"excerpt":{"rendered":"<p>K\u00f6rnung 0.20 \u2013 0.40 mm in 300g Becher Bahnschotter aus dem Hartsteinwerk Kitzb\u00fchel wird aus dem DIABAS \u2013 Gestein gebrochen und hat im Lieferzustand eine K\u00f6rnung von 32 bis 63 mm. Er wird seit Jahrzehnten an die Bahnverwaltungen der \u00d6BB und der DB geliefert mit einer j\u00e4hrlichen Abnahmemenge von ca. 150.000 Tonnen. 10 Becher auf&#8230;<\/p>\n","protected":false},"featured_media":5972,"comment_status":"open","ping_status":"closed","template":"","meta":[],"product_brand":[],"product_cat":[36,239,40,38],"product_tag":[292,293,294,291],"class_list":{"0":"post-7354","1":"product","2":"type-product","3":"status-publish","4":"has-post-thumbnail","6":"product_cat-eigene-produkte","7":"product_cat-eigener-schotter","8":"product_cat-heki","9":"product_cat-unkategorisiert","10":"product_tag-kein-spielzeug-nicht-geeignet-fuer-kinder-unter-14-jahren","11":"product_tag-produktsicherheit-warn-und-sicherheitshinweise-modellbauartikel","12":"product_tag-produktsicherheit-warn-und-sicherheitshinweise-warn-und-sicherheitshinweise-modellbauartikel","13":"product_tag-warn-und-sicherheitshinweise-modellbauartikel","15":"first","16":"instock","17":"taxable","18":"shipping-taxable","19":"purchasable","20":"product-type-simple"},"jetpack_sharing_enabled":true,"_links":{"self":[{"href":"https:\/\/www.mg-modelleisenbahnbau.de\/startseite-2\/wp-json\/wp\/v2\/product\/7354","targetHints":{"allow":["GET"]}}],"collection":[{"href":"https:\/\/www.mg-modelleisenbahnbau.de\/startseite-2\/wp-json\/wp\/v2\/product"}],"about":[{"href":"https:\/\/www.mg-modelleisenbahnbau.de\/startseite-2\/wp-json\/wp\/v2\/types\/product"}],"replies":[{"embeddable":true,"href":"https:\/\/www.mg-modelleisenbahnbau.de\/startseite-2\/wp-json\/wp\/v2\/comments?post=7354"}],"wp:featuredmedia":[{"embeddable":true,"href":"https:\/\/www.mg-modelleisenbahnbau.de\/startseite-2\/wp-json\/wp\/v2\/media\/5972"}],"wp:attachment":[{"href":"https:\/\/www.mg-modelleisenbahnbau.de\/startseite-2\/wp-json\/wp\/v2\/media?parent=7354"}],"wp:term":[{"taxonomy":"product_brand","embeddable":true,"href":"https:\/\/www.mg-modelleisenbahnbau.de\/startseite-2\/wp-json\/wp\/v2\/product_brand?post=7354"},{"taxonomy":"product_cat","embeddable":true,"href":"https:\/\/www.mg-modelleisenbahnbau.de\/startseite-2\/wp-json\/wp\/v2\/product_cat?post=7354"},{"taxonomy":"product_tag","embeddable":true,"href":"https:\/\/www.mg-modelleisenbahnbau.de\/startseite-2\/wp-json\/wp\/v2\/product_tag?post=7354"}],"curies":[{"name":"wp","href":"https:\/\/api.w.org\/{rel}","templated":true}]}}