{"id":7284,"date":"2021-04-14T15:23:15","date_gmt":"2021-04-14T13:23:15","guid":{"rendered":"https:\/\/www.mg-modelleisenbahnbau.de\/?post_type=product&#038;p=7284"},"modified":"2025-03-06T16:30:46","modified_gmt":"2025-03-06T15:30:46","slug":"85000205-praegewalze-fuer-gepflasterte-strassenbahnschiene-o","status":"publish","type":"product","link":"https:\/\/www.mg-modelleisenbahnbau.de\/startseite-2\/produkt\/85000205-praegewalze-fuer-gepflasterte-strassenbahnschiene-o\/","title":{"rendered":"85000205  Pr\u00e4gewalze f\u00fcr Gepflasterte Strassenbahnschiene O"},"content":{"rendered":"<p>Stempelrolle oder Pr\u00e4gewalze zum gravieren von Gepflasterte Strassenbahnschiene auf weiche Materialen wie Styrodur, Polypur Platten oder Polymere Knete. Die Pr\u00e4gewalze wird auf einen Mahlerrolle aufgesetzt. Mahlerrolle wird nicht mitgeliefert.<\/p>\n","protected":false},"excerpt":{"rendered":"<p>Stempelrolle oder Pr\u00e4gewalze zum gravieren von Gepflasterte Strassenbahnschiene auf weiche Materialen wie Styrodur, Polypur Platten oder Polymere Knete. Die Pr\u00e4gewalze wird auf einen Mahlerrolle aufgesetzt. Mahlerrolle wird nicht mitgeliefert.<\/p>\n","protected":false},"featured_media":7285,"comment_status":"open","ping_status":"closed","template":"","meta":[],"product_brand":[],"product_cat":[45,246,38],"product_tag":[292,291],"class_list":{"0":"post-7284","1":"product","2":"type-product","3":"status-publish","4":"has-post-thumbnail","6":"product_cat-microrama-miniature","7":"product_cat-stempelrollen-oder-praegewalzen","8":"product_cat-unkategorisiert","9":"product_tag-kein-spielzeug-nicht-geeignet-fuer-kinder-unter-14-jahren","10":"product_tag-warn-und-sicherheitshinweise-modellbauartikel","12":"first","13":"instock","14":"taxable","15":"shipping-taxable","16":"purchasable","17":"product-type-simple"},"jetpack_sharing_enabled":true,"_links":{"self":[{"href":"https:\/\/www.mg-modelleisenbahnbau.de\/startseite-2\/wp-json\/wp\/v2\/product\/7284","targetHints":{"allow":["GET"]}}],"collection":[{"href":"https:\/\/www.mg-modelleisenbahnbau.de\/startseite-2\/wp-json\/wp\/v2\/product"}],"about":[{"href":"https:\/\/www.mg-modelleisenbahnbau.de\/startseite-2\/wp-json\/wp\/v2\/types\/product"}],"replies":[{"embeddable":true,"href":"https:\/\/www.mg-modelleisenbahnbau.de\/startseite-2\/wp-json\/wp\/v2\/comments?post=7284"}],"wp:featuredmedia":[{"embeddable":true,"href":"https:\/\/www.mg-modelleisenbahnbau.de\/startseite-2\/wp-json\/wp\/v2\/media\/7285"}],"wp:attachment":[{"href":"https:\/\/www.mg-modelleisenbahnbau.de\/startseite-2\/wp-json\/wp\/v2\/media?parent=7284"}],"wp:term":[{"taxonomy":"product_brand","embeddable":true,"href":"https:\/\/www.mg-modelleisenbahnbau.de\/startseite-2\/wp-json\/wp\/v2\/product_brand?post=7284"},{"taxonomy":"product_cat","embeddable":true,"href":"https:\/\/www.mg-modelleisenbahnbau.de\/startseite-2\/wp-json\/wp\/v2\/product_cat?post=7284"},{"taxonomy":"product_tag","embeddable":true,"href":"https:\/\/www.mg-modelleisenbahnbau.de\/startseite-2\/wp-json\/wp\/v2\/product_tag?post=7284"}],"curies":[{"name":"wp","href":"https:\/\/api.w.org\/{rel}","templated":true}]}}