{"id":7160,"date":"2021-03-28T11:13:30","date_gmt":"2021-03-28T09:13:30","guid":{"rendered":"https:\/\/www.mg-modelleisenbahnbau.de\/?post_type=product&#038;p=7160"},"modified":"2025-03-06T16:31:44","modified_gmt":"2025-03-06T15:31:44","slug":"81002-deckel-fuer-behaelter-150ml-und-250ml-neuankuendigung","status":"publish","type":"product","link":"https:\/\/www.mg-modelleisenbahnbau.de\/startseite-2\/produkt\/81002-deckel-fuer-behaelter-150ml-und-250ml-neuankuendigung\/","title":{"rendered":"81002218   3 Deckel f\u00fcr Beh\u00e4lter 150ml und 250ml Neuank\u00fcndigung"},"content":{"rendered":"<p>3 Deckel f\u00fcr Beh\u00e4lter 150ml und 250ml<\/p>\n<h3><span style=\"color: #ff0000;\">Neuank\u00fcndigung<\/span><\/h3>\n","protected":false},"excerpt":{"rendered":"<p>3 Deckel f\u00fcr Beh\u00e4lter 150ml und 250ml Neuank\u00fcndigung<\/p>\n","protected":false},"featured_media":7161,"comment_status":"open","ping_status":"closed","template":"","meta":[],"product_brand":[],"product_cat":[242,248,45,38],"product_tag":[292,291],"class_list":{"0":"post-7160","1":"product","2":"type-product","3":"status-publish","4":"has-post-thumbnail","6":"product_cat-begrasungsgeraet-bflock-50","7":"product_cat-begrasungsgeraete-und-zubehoer","8":"product_cat-microrama-miniature","9":"product_cat-unkategorisiert","10":"product_tag-kein-spielzeug-nicht-geeignet-fuer-kinder-unter-14-jahren","11":"product_tag-warn-und-sicherheitshinweise-modellbauartikel","13":"first","14":"instock","15":"taxable","16":"shipping-taxable","17":"purchasable","18":"product-type-simple"},"jetpack_sharing_enabled":true,"_links":{"self":[{"href":"https:\/\/www.mg-modelleisenbahnbau.de\/startseite-2\/wp-json\/wp\/v2\/product\/7160","targetHints":{"allow":["GET"]}}],"collection":[{"href":"https:\/\/www.mg-modelleisenbahnbau.de\/startseite-2\/wp-json\/wp\/v2\/product"}],"about":[{"href":"https:\/\/www.mg-modelleisenbahnbau.de\/startseite-2\/wp-json\/wp\/v2\/types\/product"}],"replies":[{"embeddable":true,"href":"https:\/\/www.mg-modelleisenbahnbau.de\/startseite-2\/wp-json\/wp\/v2\/comments?post=7160"}],"wp:featuredmedia":[{"embeddable":true,"href":"https:\/\/www.mg-modelleisenbahnbau.de\/startseite-2\/wp-json\/wp\/v2\/media\/7161"}],"wp:attachment":[{"href":"https:\/\/www.mg-modelleisenbahnbau.de\/startseite-2\/wp-json\/wp\/v2\/media?parent=7160"}],"wp:term":[{"taxonomy":"product_brand","embeddable":true,"href":"https:\/\/www.mg-modelleisenbahnbau.de\/startseite-2\/wp-json\/wp\/v2\/product_brand?post=7160"},{"taxonomy":"product_cat","embeddable":true,"href":"https:\/\/www.mg-modelleisenbahnbau.de\/startseite-2\/wp-json\/wp\/v2\/product_cat?post=7160"},{"taxonomy":"product_tag","embeddable":true,"href":"https:\/\/www.mg-modelleisenbahnbau.de\/startseite-2\/wp-json\/wp\/v2\/product_tag?post=7160"}],"curies":[{"name":"wp","href":"https:\/\/api.w.org\/{rel}","templated":true}]}}