{"id":7149,"date":"2021-03-28T10:52:24","date_gmt":"2021-03-28T08:52:24","guid":{"rendered":"https:\/\/www.mg-modelleisenbahnbau.de\/?post_type=product&#038;p=7149"},"modified":"2025-11-11T21:19:15","modified_gmt":"2025-11-11T20:19:15","slug":"81002-flaechensiebe-fuer-behaelter-50ml-fuer-bflock-behaelter-50-ml-neuankuendigung","status":"publish","type":"product","link":"https:\/\/www.mg-modelleisenbahnbau.de\/startseite-2\/produkt\/81002-flaechensiebe-fuer-behaelter-50ml-fuer-bflock-behaelter-50-ml-neuankuendigung\/","title":{"rendered":"81002231&#8230;Fl\u00e4chensiebe f\u00fcr Beh\u00e4lter 50ml f\u00fcr bFlock  50  Neuank\u00fcndigung"},"content":{"rendered":"<p>Fl\u00e4chensiebe 3 St\u00fcck f\u00fcr Beh\u00e4lter 50ml<\/p>\n<h3><span style=\"color: #ff0000;\">\u00a0<\/span><\/h3>\n","protected":false},"excerpt":{"rendered":"<p>Fl\u00e4chensiebe 3 St\u00fcck f\u00fcr Beh\u00e4lter 50ml \u00a0<\/p>\n","protected":false},"featured_media":7153,"comment_status":"open","ping_status":"closed","template":"","meta":[],"product_brand":[],"product_cat":[242,248,45,38],"product_tag":[292,291],"class_list":{"0":"post-7149","1":"product","2":"type-product","3":"status-publish","4":"has-post-thumbnail","6":"product_cat-begrasungsgeraet-bflock-50","7":"product_cat-begrasungsgeraete-und-zubehoer","8":"product_cat-microrama-miniature","9":"product_cat-unkategorisiert","10":"product_tag-kein-spielzeug-nicht-geeignet-fuer-kinder-unter-14-jahren","11":"product_tag-warn-und-sicherheitshinweise-modellbauartikel","13":"first","14":"outofstock","15":"taxable","16":"shipping-taxable","17":"purchasable","18":"product-type-simple"},"jetpack_sharing_enabled":true,"_links":{"self":[{"href":"https:\/\/www.mg-modelleisenbahnbau.de\/startseite-2\/wp-json\/wp\/v2\/product\/7149","targetHints":{"allow":["GET"]}}],"collection":[{"href":"https:\/\/www.mg-modelleisenbahnbau.de\/startseite-2\/wp-json\/wp\/v2\/product"}],"about":[{"href":"https:\/\/www.mg-modelleisenbahnbau.de\/startseite-2\/wp-json\/wp\/v2\/types\/product"}],"replies":[{"embeddable":true,"href":"https:\/\/www.mg-modelleisenbahnbau.de\/startseite-2\/wp-json\/wp\/v2\/comments?post=7149"}],"wp:featuredmedia":[{"embeddable":true,"href":"https:\/\/www.mg-modelleisenbahnbau.de\/startseite-2\/wp-json\/wp\/v2\/media\/7153"}],"wp:attachment":[{"href":"https:\/\/www.mg-modelleisenbahnbau.de\/startseite-2\/wp-json\/wp\/v2\/media?parent=7149"}],"wp:term":[{"taxonomy":"product_brand","embeddable":true,"href":"https:\/\/www.mg-modelleisenbahnbau.de\/startseite-2\/wp-json\/wp\/v2\/product_brand?post=7149"},{"taxonomy":"product_cat","embeddable":true,"href":"https:\/\/www.mg-modelleisenbahnbau.de\/startseite-2\/wp-json\/wp\/v2\/product_cat?post=7149"},{"taxonomy":"product_tag","embeddable":true,"href":"https:\/\/www.mg-modelleisenbahnbau.de\/startseite-2\/wp-json\/wp\/v2\/product_tag?post=7149"}],"curies":[{"name":"wp","href":"https:\/\/api.w.org\/{rel}","templated":true}]}}