{"id":7126,"date":"2021-03-26T19:44:13","date_gmt":"2021-03-26T18:44:13","guid":{"rendered":"https:\/\/www.mg-modelleisenbahnbau.de\/?post_type=product&#038;p=7126"},"modified":"2026-02-20T11:52:08","modified_gmt":"2026-02-20T10:52:08","slug":"19125-8-buesche-und-hecken-07-5-cm-fuer-die-spurweiten-ho-tt-n","status":"publish","type":"product","link":"https:\/\/www.mg-modelleisenbahnbau.de\/startseite-2\/produkt\/19125-8-buesche-und-hecken-07-5-cm-fuer-die-spurweiten-ho-tt-n\/","title":{"rendered":"19126  8 B\u00fcsche und Hecken 0,7 &#8211; 5 cm f\u00fcr die spurweiten HO\/TT\/N"},"content":{"rendered":"<p>\u00fcsche und Hecken als Grundbewuchs, Abgrenzungen oder einfach als Auflockerung Ihrer Modelllandschaft. Ein unverzichtbares Accessoire sowohl f\u00fcr st\u00e4dtische als auch f\u00fcr l\u00e4ndliche Szenen.<\/p>\n","protected":false},"excerpt":{"rendered":"<p>\u00fcsche und Hecken als Grundbewuchs, Abgrenzungen oder einfach als Auflockerung Ihrer Modelllandschaft. Ein unverzichtbares Accessoire sowohl f\u00fcr st\u00e4dtische als auch f\u00fcr l\u00e4ndliche Szenen.<\/p>\n","protected":false},"featured_media":7127,"comment_status":"open","ping_status":"closed","template":"","meta":[],"product_brand":[],"product_cat":[40,38],"product_tag":[292,291],"class_list":{"0":"post-7126","1":"product","2":"type-product","3":"status-publish","4":"has-post-thumbnail","6":"product_cat-heki","7":"product_cat-unkategorisiert","8":"product_tag-kein-spielzeug-nicht-geeignet-fuer-kinder-unter-14-jahren","9":"product_tag-warn-und-sicherheitshinweise-modellbauartikel","11":"first","12":"instock","13":"taxable","14":"shipping-taxable","15":"purchasable","16":"product-type-simple"},"jetpack_sharing_enabled":true,"_links":{"self":[{"href":"https:\/\/www.mg-modelleisenbahnbau.de\/startseite-2\/wp-json\/wp\/v2\/product\/7126","targetHints":{"allow":["GET"]}}],"collection":[{"href":"https:\/\/www.mg-modelleisenbahnbau.de\/startseite-2\/wp-json\/wp\/v2\/product"}],"about":[{"href":"https:\/\/www.mg-modelleisenbahnbau.de\/startseite-2\/wp-json\/wp\/v2\/types\/product"}],"replies":[{"embeddable":true,"href":"https:\/\/www.mg-modelleisenbahnbau.de\/startseite-2\/wp-json\/wp\/v2\/comments?post=7126"}],"wp:featuredmedia":[{"embeddable":true,"href":"https:\/\/www.mg-modelleisenbahnbau.de\/startseite-2\/wp-json\/wp\/v2\/media\/7127"}],"wp:attachment":[{"href":"https:\/\/www.mg-modelleisenbahnbau.de\/startseite-2\/wp-json\/wp\/v2\/media?parent=7126"}],"wp:term":[{"taxonomy":"product_brand","embeddable":true,"href":"https:\/\/www.mg-modelleisenbahnbau.de\/startseite-2\/wp-json\/wp\/v2\/product_brand?post=7126"},{"taxonomy":"product_cat","embeddable":true,"href":"https:\/\/www.mg-modelleisenbahnbau.de\/startseite-2\/wp-json\/wp\/v2\/product_cat?post=7126"},{"taxonomy":"product_tag","embeddable":true,"href":"https:\/\/www.mg-modelleisenbahnbau.de\/startseite-2\/wp-json\/wp\/v2\/product_tag?post=7126"}],"curies":[{"name":"wp","href":"https:\/\/api.w.org\/{rel}","templated":true}]}}