{"id":7110,"date":"2021-03-26T19:18:06","date_gmt":"2021-03-26T18:18:06","guid":{"rendered":"https:\/\/www.mg-modelleisenbahnbau.de\/?post_type=product&#038;p=7110"},"modified":"2026-02-20T11:52:08","modified_gmt":"2026-02-20T10:52:08","slug":"19131-5-apfelbaeume-3-cm-klein-aber-fein-fuer-die-spurweiten-ho-bis-z","status":"publish","type":"product","link":"https:\/\/www.mg-modelleisenbahnbau.de\/startseite-2\/produkt\/19131-5-apfelbaeume-3-cm-klein-aber-fein-fuer-die-spurweiten-ho-bis-z\/","title":{"rendered":"19131 5 Apfelb\u00e4ume 3 cm Klein aber fein f\u00fcr die spurweiten HO bis Z"},"content":{"rendered":"<p>Diese super artline Modellb\u00e4ume k\u00f6nnen f\u00fcr alle Spurweiten von H0 &#8211; Z eingesetzt werden. Nur 3 cm hoch &#8211; und trotzdem sehr filigran. Ob als Jungb\u00e4ume f\u00fcr H0 oder normale Obst und Laubb\u00e4ume f\u00fcr N + Z finden sie auf jeder Anlage ihren Platz.<\/p>\n","protected":false},"excerpt":{"rendered":"<p>Diese super artline Modellb\u00e4ume k\u00f6nnen f\u00fcr alle Spurweiten von H0 &#8211; Z eingesetzt werden. Nur 3 cm hoch &#8211; und trotzdem sehr filigran. Ob als Jungb\u00e4ume f\u00fcr H0 oder normale Obst und Laubb\u00e4ume f\u00fcr N + Z finden sie auf jeder Anlage ihren Platz.<\/p>\n","protected":false},"featured_media":7111,"comment_status":"open","ping_status":"closed","template":"","meta":[],"product_brand":[],"product_cat":[40,38],"product_tag":[292,291],"class_list":{"0":"post-7110","1":"product","2":"type-product","3":"status-publish","4":"has-post-thumbnail","6":"product_cat-heki","7":"product_cat-unkategorisiert","8":"product_tag-kein-spielzeug-nicht-geeignet-fuer-kinder-unter-14-jahren","9":"product_tag-warn-und-sicherheitshinweise-modellbauartikel","11":"first","12":"instock","13":"taxable","14":"shipping-taxable","15":"purchasable","16":"product-type-simple"},"jetpack_sharing_enabled":true,"_links":{"self":[{"href":"https:\/\/www.mg-modelleisenbahnbau.de\/startseite-2\/wp-json\/wp\/v2\/product\/7110","targetHints":{"allow":["GET"]}}],"collection":[{"href":"https:\/\/www.mg-modelleisenbahnbau.de\/startseite-2\/wp-json\/wp\/v2\/product"}],"about":[{"href":"https:\/\/www.mg-modelleisenbahnbau.de\/startseite-2\/wp-json\/wp\/v2\/types\/product"}],"replies":[{"embeddable":true,"href":"https:\/\/www.mg-modelleisenbahnbau.de\/startseite-2\/wp-json\/wp\/v2\/comments?post=7110"}],"wp:featuredmedia":[{"embeddable":true,"href":"https:\/\/www.mg-modelleisenbahnbau.de\/startseite-2\/wp-json\/wp\/v2\/media\/7111"}],"wp:attachment":[{"href":"https:\/\/www.mg-modelleisenbahnbau.de\/startseite-2\/wp-json\/wp\/v2\/media?parent=7110"}],"wp:term":[{"taxonomy":"product_brand","embeddable":true,"href":"https:\/\/www.mg-modelleisenbahnbau.de\/startseite-2\/wp-json\/wp\/v2\/product_brand?post=7110"},{"taxonomy":"product_cat","embeddable":true,"href":"https:\/\/www.mg-modelleisenbahnbau.de\/startseite-2\/wp-json\/wp\/v2\/product_cat?post=7110"},{"taxonomy":"product_tag","embeddable":true,"href":"https:\/\/www.mg-modelleisenbahnbau.de\/startseite-2\/wp-json\/wp\/v2\/product_tag?post=7110"}],"curies":[{"name":"wp","href":"https:\/\/api.w.org\/{rel}","templated":true}]}}