{"id":708,"date":"2018-10-14T18:41:48","date_gmt":"2018-10-14T16:41:48","guid":{"rendered":"http:\/\/www.mg-modelleisenbahnbau.de\/?post_type=product&#038;p=708"},"modified":"2025-06-29T18:42:47","modified_gmt":"2025-06-29T16:42:47","slug":"4179-h0-grundtraeger-fuer-streckenmasten-10-stueck","status":"publish","type":"product","link":"https:\/\/www.mg-modelleisenbahnbau.de\/startseite-2\/produkt\/4179-h0-grundtraeger-fuer-streckenmasten-10-stueck\/","title":{"rendered":"4179 H0 Grundtr\u00e4ger f\u00fcr Streckenmasten, 10 St\u00fcck"},"content":{"rendered":"<p>,Produktinformationen &#8222;H0 Grundtr\u00e4ger f\u00fcr Streckenmasten, 10 St\u00fcck&#8220;<br \/>\nGeeignet f\u00fcr folgende Gleissysteme: Roco LINE mit Bettung (alt), Roco LINE, Piko A-Gleis, M\u00e4rklin C-, M- und K-Gleis, Fleischmann Modellgleis, Tillig, Roco geoLINE und Fleischmann Profi-Gleis. Individuell k\u00fcrzbar.<\/p>\n","protected":false},"excerpt":{"rendered":"<p>,Produktinformationen &#8222;H0 Grundtr\u00e4ger f\u00fcr Streckenmasten, 10 St\u00fcck&#8220; Geeignet f\u00fcr folgende Gleissysteme: Roco LINE mit Bettung (alt), Roco LINE, Piko A-Gleis, M\u00e4rklin C-, M- und K-Gleis, Fleischmann Modellgleis, Tillig, Roco geoLINE und Fleischmann Profi-Gleis. Individuell k\u00fcrzbar.<\/p>\n","protected":false},"featured_media":711,"comment_status":"open","ping_status":"closed","template":"","meta":[],"product_brand":[],"product_cat":[127,38,37,124],"product_tag":[292,291],"class_list":{"0":"post-708","1":"product","2":"type-product","3":"status-publish","4":"has-post-thumbnail","6":"product_cat-oberleitung-h0","7":"product_cat-unkategorisiert","8":"product_cat-viessmann","9":"product_cat-viessmann-spur-h0","10":"product_tag-kein-spielzeug-nicht-geeignet-fuer-kinder-unter-14-jahren","11":"product_tag-warn-und-sicherheitshinweise-modellbauartikel","13":"first","14":"instock","15":"taxable","16":"shipping-taxable","17":"purchasable","18":"product-type-simple"},"jetpack_sharing_enabled":true,"_links":{"self":[{"href":"https:\/\/www.mg-modelleisenbahnbau.de\/startseite-2\/wp-json\/wp\/v2\/product\/708","targetHints":{"allow":["GET"]}}],"collection":[{"href":"https:\/\/www.mg-modelleisenbahnbau.de\/startseite-2\/wp-json\/wp\/v2\/product"}],"about":[{"href":"https:\/\/www.mg-modelleisenbahnbau.de\/startseite-2\/wp-json\/wp\/v2\/types\/product"}],"replies":[{"embeddable":true,"href":"https:\/\/www.mg-modelleisenbahnbau.de\/startseite-2\/wp-json\/wp\/v2\/comments?post=708"}],"wp:featuredmedia":[{"embeddable":true,"href":"https:\/\/www.mg-modelleisenbahnbau.de\/startseite-2\/wp-json\/wp\/v2\/media\/711"}],"wp:attachment":[{"href":"https:\/\/www.mg-modelleisenbahnbau.de\/startseite-2\/wp-json\/wp\/v2\/media?parent=708"}],"wp:term":[{"taxonomy":"product_brand","embeddable":true,"href":"https:\/\/www.mg-modelleisenbahnbau.de\/startseite-2\/wp-json\/wp\/v2\/product_brand?post=708"},{"taxonomy":"product_cat","embeddable":true,"href":"https:\/\/www.mg-modelleisenbahnbau.de\/startseite-2\/wp-json\/wp\/v2\/product_cat?post=708"},{"taxonomy":"product_tag","embeddable":true,"href":"https:\/\/www.mg-modelleisenbahnbau.de\/startseite-2\/wp-json\/wp\/v2\/product_tag?post=708"}],"curies":[{"name":"wp","href":"https:\/\/api.w.org\/{rel}","templated":true}]}}