{"id":6818,"date":"2021-01-27T11:34:35","date_gmt":"2021-01-27T10:34:35","guid":{"rendered":"http:\/\/www.mg-modelleisenbahnbau.de\/?post_type=product&#038;p=6818"},"modified":"2025-06-30T16:37:20","modified_gmt":"2025-06-30T14:37:20","slug":"39255-h0-buerobereich-fuer-industriehallen-neuheit-2021","status":"publish","type":"product","link":"https:\/\/www.mg-modelleisenbahnbau.de\/startseite-2\/produkt\/39255-h0-buerobereich-fuer-industriehallen-neuheit-2021\/","title":{"rendered":"39255 H0 B\u00fcrobereich f\u00fcr Industriehallen Neuheit 2021"},"content":{"rendered":"<div class=\"content--description\">\n<div class=\"content--title\">Produktinformationen &#8222;H0 B\u00fcrobereich f\u00fcr Industriehallen&#8220;<\/div>\n<div class=\"product--description\">Bausatz. Erg\u00e4nzungsbausatz f\u00fcr Lager-\/ Industriehalle, Art. 39250 und Wartungshalle GleisBau, Art. 39252.<br \/>\nL 6,3 x B 6,3 x H 7,5 cm<br \/>\nSchwierigkeitsgrad: 1 (Einsteiger)<\/div>\n<\/div>\n<h2><span style=\"color: #808000;\">\u00a0<\/span><\/h2>\n","protected":false},"excerpt":{"rendered":"<p>Produktinformationen &#8222;H0 B\u00fcrobereich f\u00fcr Industriehallen&#8220; Bausatz. Erg\u00e4nzungsbausatz f\u00fcr Lager-\/ Industriehalle, Art. 39250 und Wartungshalle GleisBau, Art. 39252. L 6,3 x B 6,3 x H 7,5 cm Schwierigkeitsgrad: 1 (Einsteiger) \u00a0<\/p>\n","protected":false},"featured_media":6819,"comment_status":"open","ping_status":"closed","template":"","meta":[],"product_brand":[],"product_cat":[207,208,44,201,38],"product_tag":[292,291],"class_list":{"0":"post-6818","1":"product","2":"type-product","3":"status-publish","4":"has-post-thumbnail","6":"product_cat-bahnbetriebswerke-lokschuppen","7":"product_cat-industrie-gewerbe-hallen","8":"product_cat-kibri","9":"product_cat-kibri-spur-ho","10":"product_cat-unkategorisiert","11":"product_tag-kein-spielzeug-nicht-geeignet-fuer-kinder-unter-14-jahren","12":"product_tag-warn-und-sicherheitshinweise-modellbauartikel","14":"first","15":"instock","16":"taxable","17":"shipping-taxable","18":"purchasable","19":"product-type-simple"},"jetpack_sharing_enabled":true,"_links":{"self":[{"href":"https:\/\/www.mg-modelleisenbahnbau.de\/startseite-2\/wp-json\/wp\/v2\/product\/6818","targetHints":{"allow":["GET"]}}],"collection":[{"href":"https:\/\/www.mg-modelleisenbahnbau.de\/startseite-2\/wp-json\/wp\/v2\/product"}],"about":[{"href":"https:\/\/www.mg-modelleisenbahnbau.de\/startseite-2\/wp-json\/wp\/v2\/types\/product"}],"replies":[{"embeddable":true,"href":"https:\/\/www.mg-modelleisenbahnbau.de\/startseite-2\/wp-json\/wp\/v2\/comments?post=6818"}],"wp:featuredmedia":[{"embeddable":true,"href":"https:\/\/www.mg-modelleisenbahnbau.de\/startseite-2\/wp-json\/wp\/v2\/media\/6819"}],"wp:attachment":[{"href":"https:\/\/www.mg-modelleisenbahnbau.de\/startseite-2\/wp-json\/wp\/v2\/media?parent=6818"}],"wp:term":[{"taxonomy":"product_brand","embeddable":true,"href":"https:\/\/www.mg-modelleisenbahnbau.de\/startseite-2\/wp-json\/wp\/v2\/product_brand?post=6818"},{"taxonomy":"product_cat","embeddable":true,"href":"https:\/\/www.mg-modelleisenbahnbau.de\/startseite-2\/wp-json\/wp\/v2\/product_cat?post=6818"},{"taxonomy":"product_tag","embeddable":true,"href":"https:\/\/www.mg-modelleisenbahnbau.de\/startseite-2\/wp-json\/wp\/v2\/product_tag?post=6818"}],"curies":[{"name":"wp","href":"https:\/\/api.w.org\/{rel}","templated":true}]}}