{"id":6814,"date":"2021-01-27T11:23:26","date_gmt":"2021-01-27T10:23:26","guid":{"rendered":"http:\/\/www.mg-modelleisenbahnbau.de\/?post_type=product&#038;p=6814"},"modified":"2025-06-30T16:37:19","modified_gmt":"2025-06-30T14:37:19","slug":"39253-h0-erweiterungs-set-fuer-wartungshalle-gleisbau-39252-neuheit-2021","status":"publish","type":"product","link":"https:\/\/www.mg-modelleisenbahnbau.de\/startseite-2\/produkt\/39253-h0-erweiterungs-set-fuer-wartungshalle-gleisbau-39252-neuheit-2021\/","title":{"rendered":"39253 H0 Erweiterungs-Set f\u00fcr Wartungshalle GleisBau 39252 Neuheit 2021"},"content":{"rendered":"<div class=\"content--description\">\n<div class=\"content--title\">Produktinformationen &#8222;H0 Erweiterungs-Set f\u00fcr Wartungshalle GleisBau 39252&#8220;<\/div>\n<div class=\"product--description\">Bausatz. Erweiterungs-Set zur individuellen Verl\u00e4ngerung der Wartungshalle GleisBau, Art. 39252 (je Feld ca. 7 cm). Inhalt: Je 2 Elemente f\u00fcr beide Seiten, Dachteile, Schienenprofile, Grube. F\u00fcr 2- und 3-Leiter Systeme geeignet.<br \/>\nWandelement L 14 x B 14 x H 9 cm<br \/>\nSchwierigkeitsgrad: 1 (Einsteiger)<\/div>\n<\/div>\n<h2><span style=\"color: #808000;\">\u00a0<\/span><\/h2>\n","protected":false},"excerpt":{"rendered":"<p>Produktinformationen &#8222;H0 Erweiterungs-Set f\u00fcr Wartungshalle GleisBau 39252&#8220; Bausatz. Erweiterungs-Set zur individuellen Verl\u00e4ngerung der Wartungshalle GleisBau, Art. 39252 (je Feld ca. 7 cm). Inhalt: Je 2 Elemente f\u00fcr beide Seiten, Dachteile, Schienenprofile, Grube. F\u00fcr 2- und 3-Leiter Systeme geeignet. Wandelement L 14 x B 14 x H 9 cm Schwierigkeitsgrad: 1 (Einsteiger) \u00a0<\/p>\n","protected":false},"featured_media":6815,"comment_status":"open","ping_status":"closed","template":"","meta":[],"product_brand":[],"product_cat":[207,208,44,201,38],"product_tag":[292,291],"class_list":{"0":"post-6814","1":"product","2":"type-product","3":"status-publish","4":"has-post-thumbnail","6":"product_cat-bahnbetriebswerke-lokschuppen","7":"product_cat-industrie-gewerbe-hallen","8":"product_cat-kibri","9":"product_cat-kibri-spur-ho","10":"product_cat-unkategorisiert","11":"product_tag-kein-spielzeug-nicht-geeignet-fuer-kinder-unter-14-jahren","12":"product_tag-warn-und-sicherheitshinweise-modellbauartikel","14":"first","15":"instock","16":"taxable","17":"shipping-taxable","18":"purchasable","19":"product-type-simple"},"jetpack_sharing_enabled":true,"_links":{"self":[{"href":"https:\/\/www.mg-modelleisenbahnbau.de\/startseite-2\/wp-json\/wp\/v2\/product\/6814","targetHints":{"allow":["GET"]}}],"collection":[{"href":"https:\/\/www.mg-modelleisenbahnbau.de\/startseite-2\/wp-json\/wp\/v2\/product"}],"about":[{"href":"https:\/\/www.mg-modelleisenbahnbau.de\/startseite-2\/wp-json\/wp\/v2\/types\/product"}],"replies":[{"embeddable":true,"href":"https:\/\/www.mg-modelleisenbahnbau.de\/startseite-2\/wp-json\/wp\/v2\/comments?post=6814"}],"wp:featuredmedia":[{"embeddable":true,"href":"https:\/\/www.mg-modelleisenbahnbau.de\/startseite-2\/wp-json\/wp\/v2\/media\/6815"}],"wp:attachment":[{"href":"https:\/\/www.mg-modelleisenbahnbau.de\/startseite-2\/wp-json\/wp\/v2\/media?parent=6814"}],"wp:term":[{"taxonomy":"product_brand","embeddable":true,"href":"https:\/\/www.mg-modelleisenbahnbau.de\/startseite-2\/wp-json\/wp\/v2\/product_brand?post=6814"},{"taxonomy":"product_cat","embeddable":true,"href":"https:\/\/www.mg-modelleisenbahnbau.de\/startseite-2\/wp-json\/wp\/v2\/product_cat?post=6814"},{"taxonomy":"product_tag","embeddable":true,"href":"https:\/\/www.mg-modelleisenbahnbau.de\/startseite-2\/wp-json\/wp\/v2\/product_tag?post=6814"}],"curies":[{"name":"wp","href":"https:\/\/api.w.org\/{rel}","templated":true}]}}