{"id":6812,"date":"2021-01-27T11:19:56","date_gmt":"2021-01-27T10:19:56","guid":{"rendered":"http:\/\/www.mg-modelleisenbahnbau.de\/?post_type=product&#038;p=6812"},"modified":"2025-06-30T16:37:19","modified_gmt":"2025-06-30T14:37:19","slug":"39252-h0-wartungshalle-gleisbau-modern-neuheit-2021","status":"publish","type":"product","link":"https:\/\/www.mg-modelleisenbahnbau.de\/startseite-2\/produkt\/39252-h0-wartungshalle-gleisbau-modern-neuheit-2021\/","title":{"rendered":"39252 H0 Wartungshalle GleisBau, modern Neuheit 2021"},"content":{"rendered":"<div class=\"content--description\">\n<div class=\"content--title\">Produktinformationen &#8222;H0 Wartungshalle GleisBau, modern&#8220;<\/div>\n<div class=\"product--description\">Bausatz. Mit durchgehender Wartungs- und Reparaturgrube. Durchgehend befahrbar mit 2- oder 3-Leiter Fahrzeugen. Schienenprofile sind im Lieferumfang enthalten. Die beiden Rolltore sind vormontiert und zum manuellen Aufrollen geeignet. Die Halle kann mit dem Erweiterungs-Set, Art. 39253 beliebig verl\u00e4ngert werden. Das Dach ist abnehmbar.<br \/>\nMit Fundament L 34,9 x B 14,3 x H 12,5 cm<br \/>\nSchwierigkeitsgrad: 2 (Fortgeschrittene)<\/div>\n<\/div>\n<div><\/div>\n<div>wir empfehlen Ihnen dazu<\/div>\n<div>\n<h6 class=\"product--title\">5172 H0 Rolltor mit motorischem Antrieb<\/h6>\n<div class=\"content--description\">\n<div class=\"content--title\">Produktinformationen &#8222;H0 Rolltor mit motorischem Antrieb&#8220;<\/div>\n<div class=\"product--description\">Universell einsetzbar f\u00fcr jede Modellhalle mit ausreichender H\u00f6he. Das Rolltor kann unten gek\u00fcrzt werden. Es f\u00e4hrt hoch und Fahrzeuge k\u00f6nnen ein- und ausfahren. Es kann problemlos nachger\u00fcstet werden. Analog und digital steuerbar. Das Rolltor passt sehr gut zu den kibri Artikeln 39250 Lager-\/ Industriehalle, 39212 Fahrzeughalle und 39219 Feuerwehrhalle. Ma\u00df f\u00fcr Wandausschnitt: B 4,9 x H 6,1 cm. Inneres Einbauma\u00df: B 6 x H 8 cm. Lieferumfang: Tor mit Schiene, je 1 blauer und 1 roter Rahmen.<\/div>\n<\/div>\n<\/div>\n<h2><span style=\"color: #808000;\">\u00a0<\/span><\/h2>\n<p>&nbsp;<\/p>\n","protected":false},"excerpt":{"rendered":"<p>Produktinformationen &#8222;H0 Wartungshalle GleisBau, modern&#8220; Bausatz. Mit durchgehender Wartungs- und Reparaturgrube. Durchgehend befahrbar mit 2- oder 3-Leiter Fahrzeugen. Schienenprofile sind im Lieferumfang enthalten. Die beiden Rolltore sind vormontiert und zum manuellen Aufrollen geeignet. Die Halle kann mit dem Erweiterungs-Set, Art. 39253 beliebig verl\u00e4ngert werden. Das Dach ist abnehmbar. Mit Fundament L 34,9 x B 14,3&#8230;<\/p>\n","protected":false},"featured_media":6813,"comment_status":"open","ping_status":"closed","template":"","meta":[],"product_brand":[],"product_cat":[207,208,44,201,38],"product_tag":[292,291],"class_list":{"0":"post-6812","1":"product","2":"type-product","3":"status-publish","4":"has-post-thumbnail","6":"product_cat-bahnbetriebswerke-lokschuppen","7":"product_cat-industrie-gewerbe-hallen","8":"product_cat-kibri","9":"product_cat-kibri-spur-ho","10":"product_cat-unkategorisiert","11":"product_tag-kein-spielzeug-nicht-geeignet-fuer-kinder-unter-14-jahren","12":"product_tag-warn-und-sicherheitshinweise-modellbauartikel","14":"first","15":"instock","16":"taxable","17":"shipping-taxable","18":"purchasable","19":"product-type-simple"},"jetpack_sharing_enabled":true,"_links":{"self":[{"href":"https:\/\/www.mg-modelleisenbahnbau.de\/startseite-2\/wp-json\/wp\/v2\/product\/6812","targetHints":{"allow":["GET"]}}],"collection":[{"href":"https:\/\/www.mg-modelleisenbahnbau.de\/startseite-2\/wp-json\/wp\/v2\/product"}],"about":[{"href":"https:\/\/www.mg-modelleisenbahnbau.de\/startseite-2\/wp-json\/wp\/v2\/types\/product"}],"replies":[{"embeddable":true,"href":"https:\/\/www.mg-modelleisenbahnbau.de\/startseite-2\/wp-json\/wp\/v2\/comments?post=6812"}],"wp:featuredmedia":[{"embeddable":true,"href":"https:\/\/www.mg-modelleisenbahnbau.de\/startseite-2\/wp-json\/wp\/v2\/media\/6813"}],"wp:attachment":[{"href":"https:\/\/www.mg-modelleisenbahnbau.de\/startseite-2\/wp-json\/wp\/v2\/media?parent=6812"}],"wp:term":[{"taxonomy":"product_brand","embeddable":true,"href":"https:\/\/www.mg-modelleisenbahnbau.de\/startseite-2\/wp-json\/wp\/v2\/product_brand?post=6812"},{"taxonomy":"product_cat","embeddable":true,"href":"https:\/\/www.mg-modelleisenbahnbau.de\/startseite-2\/wp-json\/wp\/v2\/product_cat?post=6812"},{"taxonomy":"product_tag","embeddable":true,"href":"https:\/\/www.mg-modelleisenbahnbau.de\/startseite-2\/wp-json\/wp\/v2\/product_tag?post=6812"}],"curies":[{"name":"wp","href":"https:\/\/api.w.org\/{rel}","templated":true}]}}