{"id":6789,"date":"2021-01-26T18:06:15","date_gmt":"2021-01-26T17:06:15","guid":{"rendered":"http:\/\/www.mg-modelleisenbahnbau.de\/?post_type=product&#038;p=6789"},"modified":"2025-06-29T21:53:03","modified_gmt":"2025-06-29T19:53:03","slug":"4733-h0-signalsockel-2-stueck-neuheit","status":"publish","type":"product","link":"https:\/\/www.mg-modelleisenbahnbau.de\/startseite-2\/produkt\/4733-h0-signalsockel-2-stueck-neuheit\/","title":{"rendered":"4733 H0 Signalsockel, 2 St\u00fcck Neuheit 2021"},"content":{"rendered":"<div class=\"content--description\">\n<div class=\"content--title\">Produktinformationen &#8222;H0 Signalsockel, 2 St\u00fcck&#8220;<\/div>\n<div class=\"product--description\">Passend f\u00fcr Bettungsgleise M\u00e4rklin C-Gleis, Trix und Roco GEO-Line. Kompatibel f\u00fcr alle Viessmann H0 Lichtsignale mit Patentsteckfu\u00df.<br \/>\nL 3,06 x B 2 x H 0,95 cm<\/div>\n<\/div>\n<p>&nbsp;<\/p>\n<h1 class=\"product--title\"><\/h1>\n","protected":false},"excerpt":{"rendered":"<p>Produktinformationen &#8222;H0 Signalsockel, 2 St\u00fcck&#8220; Passend f\u00fcr Bettungsgleise M\u00e4rklin C-Gleis, Trix und Roco GEO-Line. Kompatibel f\u00fcr alle Viessmann H0 Lichtsignale mit Patentsteckfu\u00df. L 3,06 x B 2 x H 0,95 cm &nbsp;<\/p>\n","protected":false},"featured_media":6790,"comment_status":"open","ping_status":"closed","template":"","meta":[],"product_brand":[],"product_cat":[126,38,37],"product_tag":[292,291],"class_list":{"0":"post-6789","1":"product","2":"type-product","3":"status-publish","4":"has-post-thumbnail","6":"product_cat-lichtsignale-h0","7":"product_cat-unkategorisiert","8":"product_cat-viessmann","9":"product_tag-kein-spielzeug-nicht-geeignet-fuer-kinder-unter-14-jahren","10":"product_tag-warn-und-sicherheitshinweise-modellbauartikel","12":"first","13":"instock","14":"taxable","15":"shipping-taxable","16":"purchasable","17":"product-type-simple"},"jetpack_sharing_enabled":true,"_links":{"self":[{"href":"https:\/\/www.mg-modelleisenbahnbau.de\/startseite-2\/wp-json\/wp\/v2\/product\/6789","targetHints":{"allow":["GET"]}}],"collection":[{"href":"https:\/\/www.mg-modelleisenbahnbau.de\/startseite-2\/wp-json\/wp\/v2\/product"}],"about":[{"href":"https:\/\/www.mg-modelleisenbahnbau.de\/startseite-2\/wp-json\/wp\/v2\/types\/product"}],"replies":[{"embeddable":true,"href":"https:\/\/www.mg-modelleisenbahnbau.de\/startseite-2\/wp-json\/wp\/v2\/comments?post=6789"}],"wp:featuredmedia":[{"embeddable":true,"href":"https:\/\/www.mg-modelleisenbahnbau.de\/startseite-2\/wp-json\/wp\/v2\/media\/6790"}],"wp:attachment":[{"href":"https:\/\/www.mg-modelleisenbahnbau.de\/startseite-2\/wp-json\/wp\/v2\/media?parent=6789"}],"wp:term":[{"taxonomy":"product_brand","embeddable":true,"href":"https:\/\/www.mg-modelleisenbahnbau.de\/startseite-2\/wp-json\/wp\/v2\/product_brand?post=6789"},{"taxonomy":"product_cat","embeddable":true,"href":"https:\/\/www.mg-modelleisenbahnbau.de\/startseite-2\/wp-json\/wp\/v2\/product_cat?post=6789"},{"taxonomy":"product_tag","embeddable":true,"href":"https:\/\/www.mg-modelleisenbahnbau.de\/startseite-2\/wp-json\/wp\/v2\/product_tag?post=6789"}],"curies":[{"name":"wp","href":"https:\/\/api.w.org\/{rel}","templated":true}]}}