{"id":6786,"date":"2021-01-26T17:55:46","date_gmt":"2021-01-26T16:55:46","guid":{"rendered":"http:\/\/www.mg-modelleisenbahnbau.de\/?post_type=product&#038;p=6786"},"modified":"2025-03-06T18:07:09","modified_gmt":"2025-03-06T17:07:09","slug":"2629-h0-robel-gleiskraftwagen-54-22-aarsleff-version-mit-motorisch-bewegtem-kran-funktionsmodell-f-2l-neuheit","status":"publish","type":"product","link":"https:\/\/www.mg-modelleisenbahnbau.de\/startseite-2\/produkt\/2629-h0-robel-gleiskraftwagen-54-22-aarsleff-version-mit-motorisch-bewegtem-kran-funktionsmodell-f-2l-neuheit\/","title":{"rendered":"2629 H0 ROBEL Gleiskraftwagen 54.22 Aarsleff Version mit motorisch bewegtem Kran, Funktionsmodell f. 2L Neuheit 2021"},"content":{"rendered":"<div class=\"content--description\">\n<div class=\"content--title\">Produktinformationen &#8222;H0 ROBEL Gleiskraftwagen 54.22 Aarsleff Version mit motorisch bewegtem Kran, Funktionsmodell f. 2L&#8220;<\/div>\n<div class=\"product--description\">Funktionsmodell f\u00fcr Zweileitersysteme.<br \/>\n&#8211; Patentierte Antriebstechnologie, die der flache Bauweise des Gleisbaufahrzeuges angepasst ist.<br \/>\n&#8211; Sehr stabile Fahreigenschaften.<br \/>\n&#8211; Beweglicher Arbeitskran, der motorisch nach rechts und links unbegrenzt schwenkbar ist.<br \/>\n&#8211; Der Kranarm erhebt sich von der Ladefl\u00e4che und senkt sich anschlie\u00dfend neben dem Gleis.<br \/>\n&#8211; Mit elektrischem Antrieb, fahrtrichtungsabh\u00e4ngiger Dreilicht-Spitzenbeleuchtung bzw. roten Schlussleuchten, gelber Warnblinkleuchte. Integriertes<br \/>\nSoundmodul f\u00fcr Pfeife und verschiedene betriebsabh\u00e4ngige Ger\u00e4usche. RailCom-f\u00e4higer Digitaldecoder f\u00fcr DCC\/MM und Analogbetrieb (DC\/AC)<br \/>\nmit integriertem Stromspeicher. Mit Kupplungssch\u00e4chten nach NEM 362 beidseitig, Kurzkupplungskinematik und beiliegender Systemkupplung.<br \/>\n&#8211; Funktionsumfang im Analogbetrieb:<br \/>\nFahrmodus vorw\u00e4rts\/r\u00fcckw\u00e4rts, Bewegung des Kranarms m\u00f6glich, Warnblinkleuchte und Kabinenbeleuchtung aktiv, Sound aktiv (Lautst\u00e4rke<br \/>\neinstellbar \u00fcber CV), Licht aktiv.<br \/>\n&#8211; Funktionsumfang im Digitalbetrieb:<br \/>\nFahrmodus vorw\u00e4rts\/r\u00fcckw\u00e4rts, schaltbare Funktionen: Bewegung des Kranarms \u00fcber Fahrregler, Warnblinkleuchte, Kabinenbeleuchtung,<br \/>\nSound (Lautst\u00e4rke einstellbar \u00fcber CV), Pfeife, Kompressorsound, Licht.<br \/>\nL\u00fcP 13,4 x B 3,6 x H 4,8 cm<\/div>\n<\/div>\n<div><\/div>\n<div>\n<h2><span style=\"color: #808000;\">kann vorbestelt werden<\/span> , <span style=\"color: #ff0000;\">abnahne ist dann verflichtet<\/span><\/h2>\n<\/div>\n","protected":false},"excerpt":{"rendered":"<p>Produktinformationen &#8222;H0 ROBEL Gleiskraftwagen 54.22 Aarsleff Version mit motorisch bewegtem Kran, Funktionsmodell f. 2L&#8220; Funktionsmodell f\u00fcr Zweileitersysteme. &#8211; Patentierte Antriebstechnologie, die der flache Bauweise des Gleisbaufahrzeuges angepasst ist. &#8211; Sehr stabile Fahreigenschaften. &#8211; Beweglicher Arbeitskran, der motorisch nach rechts und links unbegrenzt schwenkbar ist. &#8211; Der Kranarm erhebt sich von der Ladefl\u00e4che und senkt sich&#8230;<\/p>\n","protected":false},"featured_media":6787,"comment_status":"open","ping_status":"closed","template":"","meta":[],"product_brand":[],"product_cat":[128,38,37],"product_tag":[292,291],"class_list":{"0":"post-6786","1":"product","2":"type-product","3":"status-publish","4":"has-post-thumbnail","6":"product_cat-railmotion-h0","7":"product_cat-unkategorisiert","8":"product_cat-viessmann","9":"product_tag-kein-spielzeug-nicht-geeignet-fuer-kinder-unter-14-jahren","10":"product_tag-warn-und-sicherheitshinweise-modellbauartikel","12":"first","13":"instock","14":"taxable","15":"shipping-taxable","16":"purchasable","17":"product-type-simple"},"jetpack_sharing_enabled":true,"_links":{"self":[{"href":"https:\/\/www.mg-modelleisenbahnbau.de\/startseite-2\/wp-json\/wp\/v2\/product\/6786","targetHints":{"allow":["GET"]}}],"collection":[{"href":"https:\/\/www.mg-modelleisenbahnbau.de\/startseite-2\/wp-json\/wp\/v2\/product"}],"about":[{"href":"https:\/\/www.mg-modelleisenbahnbau.de\/startseite-2\/wp-json\/wp\/v2\/types\/product"}],"replies":[{"embeddable":true,"href":"https:\/\/www.mg-modelleisenbahnbau.de\/startseite-2\/wp-json\/wp\/v2\/comments?post=6786"}],"wp:featuredmedia":[{"embeddable":true,"href":"https:\/\/www.mg-modelleisenbahnbau.de\/startseite-2\/wp-json\/wp\/v2\/media\/6787"}],"wp:attachment":[{"href":"https:\/\/www.mg-modelleisenbahnbau.de\/startseite-2\/wp-json\/wp\/v2\/media?parent=6786"}],"wp:term":[{"taxonomy":"product_brand","embeddable":true,"href":"https:\/\/www.mg-modelleisenbahnbau.de\/startseite-2\/wp-json\/wp\/v2\/product_brand?post=6786"},{"taxonomy":"product_cat","embeddable":true,"href":"https:\/\/www.mg-modelleisenbahnbau.de\/startseite-2\/wp-json\/wp\/v2\/product_cat?post=6786"},{"taxonomy":"product_tag","embeddable":true,"href":"https:\/\/www.mg-modelleisenbahnbau.de\/startseite-2\/wp-json\/wp\/v2\/product_tag?post=6786"}],"curies":[{"name":"wp","href":"https:\/\/api.w.org\/{rel}","templated":true}]}}