{"id":6575,"date":"2020-11-16T13:23:00","date_gmt":"2020-11-16T12:23:00","guid":{"rendered":"http:\/\/www.mg-modelleisenbahnbau.de\/?post_type=product&#038;p=6575"},"modified":"2025-03-06T18:28:28","modified_gmt":"2025-03-06T17:28:28","slug":"maerklin-3075-diesellokomotive-br-216-der-db-br-216-der-db-kunststoff-gehaeuse-analog-in-ovp","status":"publish","type":"product","link":"https:\/\/www.mg-modelleisenbahnbau.de\/startseite-2\/produkt\/maerklin-3075-diesellokomotive-br-216-der-db-br-216-der-db-kunststoff-gehaeuse-analog-in-ovp\/","title":{"rendered":"M\u00e4rklin 3075 Diesellokomotive  DB BR 216 025-7 der DB, Kunststoff-Geh\u00e4use analog in OVP"},"content":{"rendered":"<p>M\u00e4rklin 3075 Diesellokomotive\u00a0 DB BR 216 25-7 der DB, Kunststoff-Geh\u00e4use analog in OVP<\/p>\n<p>guter zustand Beleuchtung i.o sehe Bild ,gepr\u00fcft i.o<\/p>\n","protected":false},"excerpt":{"rendered":"<p>M\u00e4rklin 3075 Diesellokomotive\u00a0 DB BR 216 25-7 der DB, Kunststoff-Geh\u00e4use analog in OVP guter zustand Beleuchtung i.o sehe Bild ,gepr\u00fcft i.o<\/p>\n","protected":false},"featured_media":6576,"comment_status":"open","ping_status":"closed","template":"","meta":[],"product_brand":[],"product_cat":[51,38],"product_tag":[292,291],"class_list":{"0":"post-6575","1":"product","2":"type-product","3":"status-publish","4":"has-post-thumbnail","6":"product_cat-secondhand","7":"product_cat-unkategorisiert","8":"product_tag-kein-spielzeug-nicht-geeignet-fuer-kinder-unter-14-jahren","9":"product_tag-warn-und-sicherheitshinweise-modellbauartikel","11":"first","12":"instock","13":"taxable","14":"shipping-taxable","15":"purchasable","16":"product-type-simple"},"jetpack_sharing_enabled":true,"_links":{"self":[{"href":"https:\/\/www.mg-modelleisenbahnbau.de\/startseite-2\/wp-json\/wp\/v2\/product\/6575","targetHints":{"allow":["GET"]}}],"collection":[{"href":"https:\/\/www.mg-modelleisenbahnbau.de\/startseite-2\/wp-json\/wp\/v2\/product"}],"about":[{"href":"https:\/\/www.mg-modelleisenbahnbau.de\/startseite-2\/wp-json\/wp\/v2\/types\/product"}],"replies":[{"embeddable":true,"href":"https:\/\/www.mg-modelleisenbahnbau.de\/startseite-2\/wp-json\/wp\/v2\/comments?post=6575"}],"wp:featuredmedia":[{"embeddable":true,"href":"https:\/\/www.mg-modelleisenbahnbau.de\/startseite-2\/wp-json\/wp\/v2\/media\/6576"}],"wp:attachment":[{"href":"https:\/\/www.mg-modelleisenbahnbau.de\/startseite-2\/wp-json\/wp\/v2\/media?parent=6575"}],"wp:term":[{"taxonomy":"product_brand","embeddable":true,"href":"https:\/\/www.mg-modelleisenbahnbau.de\/startseite-2\/wp-json\/wp\/v2\/product_brand?post=6575"},{"taxonomy":"product_cat","embeddable":true,"href":"https:\/\/www.mg-modelleisenbahnbau.de\/startseite-2\/wp-json\/wp\/v2\/product_cat?post=6575"},{"taxonomy":"product_tag","embeddable":true,"href":"https:\/\/www.mg-modelleisenbahnbau.de\/startseite-2\/wp-json\/wp\/v2\/product_tag?post=6575"}],"curies":[{"name":"wp","href":"https:\/\/api.w.org\/{rel}","templated":true}]}}