{"id":6553,"date":"2020-11-13T14:21:07","date_gmt":"2020-11-13T13:21:07","guid":{"rendered":"http:\/\/www.mg-modelleisenbahnbau.de\/?post_type=product&#038;p=6553"},"modified":"2025-03-06T18:28:53","modified_gmt":"2025-03-06T17:28:53","slug":"maerklin-sondermodell-4415-paulinenpflege-winnenden-baustei-fuer-den-wiederaufbau-der-bodenwaldschuhle-ovp","status":"publish","type":"product","link":"https:\/\/www.mg-modelleisenbahnbau.de\/startseite-2\/produkt\/maerklin-sondermodell-4415-paulinenpflege-winnenden-baustei-fuer-den-wiederaufbau-der-bodenwaldschuhle-ovp\/","title":{"rendered":"M\u00e4rklin Sondermodell 4415 Paulinenpflege Winnenden Baustei f\u00fcr den Wiederaufbau der Bodenwaldschuhle OVP"},"content":{"rendered":"<p>M\u00e4rklin Sondermodell 4415 Paulinenpflege Winnenden Baustei f\u00fcr den Wiederaufbau der Bodenwaldschuhle<\/p>\n<p>gebraucht siehe Bild<\/p>\n","protected":false},"excerpt":{"rendered":"<p>M\u00e4rklin Sondermodell 4415 Paulinenpflege Winnenden Baustei f\u00fcr den Wiederaufbau der Bodenwaldschuhle gebraucht siehe Bild<\/p>\n","protected":false},"featured_media":6554,"comment_status":"open","ping_status":"closed","template":"","meta":[],"product_brand":[],"product_cat":[51,38],"product_tag":[292,291],"class_list":{"0":"post-6553","1":"product","2":"type-product","3":"status-publish","4":"has-post-thumbnail","6":"product_cat-secondhand","7":"product_cat-unkategorisiert","8":"product_tag-kein-spielzeug-nicht-geeignet-fuer-kinder-unter-14-jahren","9":"product_tag-warn-und-sicherheitshinweise-modellbauartikel","11":"first","12":"instock","13":"taxable","14":"shipping-taxable","15":"purchasable","16":"product-type-simple"},"jetpack_sharing_enabled":true,"_links":{"self":[{"href":"https:\/\/www.mg-modelleisenbahnbau.de\/startseite-2\/wp-json\/wp\/v2\/product\/6553","targetHints":{"allow":["GET"]}}],"collection":[{"href":"https:\/\/www.mg-modelleisenbahnbau.de\/startseite-2\/wp-json\/wp\/v2\/product"}],"about":[{"href":"https:\/\/www.mg-modelleisenbahnbau.de\/startseite-2\/wp-json\/wp\/v2\/types\/product"}],"replies":[{"embeddable":true,"href":"https:\/\/www.mg-modelleisenbahnbau.de\/startseite-2\/wp-json\/wp\/v2\/comments?post=6553"}],"wp:featuredmedia":[{"embeddable":true,"href":"https:\/\/www.mg-modelleisenbahnbau.de\/startseite-2\/wp-json\/wp\/v2\/media\/6554"}],"wp:attachment":[{"href":"https:\/\/www.mg-modelleisenbahnbau.de\/startseite-2\/wp-json\/wp\/v2\/media?parent=6553"}],"wp:term":[{"taxonomy":"product_brand","embeddable":true,"href":"https:\/\/www.mg-modelleisenbahnbau.de\/startseite-2\/wp-json\/wp\/v2\/product_brand?post=6553"},{"taxonomy":"product_cat","embeddable":true,"href":"https:\/\/www.mg-modelleisenbahnbau.de\/startseite-2\/wp-json\/wp\/v2\/product_cat?post=6553"},{"taxonomy":"product_tag","embeddable":true,"href":"https:\/\/www.mg-modelleisenbahnbau.de\/startseite-2\/wp-json\/wp\/v2\/product_tag?post=6553"}],"curies":[{"name":"wp","href":"https:\/\/api.w.org\/{rel}","templated":true}]}}