{"id":6408,"date":"2020-09-13T10:01:57","date_gmt":"2020-09-13T08:01:57","guid":{"rendered":"http:\/\/www.mg-modelleisenbahnbau.de\/?post_type=product&#038;p=6408"},"modified":"2025-10-02T10:59:37","modified_gmt":"2025-10-02T08:59:37","slug":"81002140-elektrostatisches-beflockungsgeraet-bflock-50-neuendwiklung","status":"publish","type":"product","link":"https:\/\/www.mg-modelleisenbahnbau.de\/startseite-2\/produkt\/81002140-elektrostatisches-beflockungsgeraet-bflock-50-neuendwiklung\/","title":{"rendered":"81002140 Elektrostatisches Beflockungsger\u00e4t bFlock 50"},"content":{"rendered":"<ul>\n<li class=\"nav-item\">\n<div id=\"product-description-short-493\">\n<p>Der 50 von Microrama ist eine hochwertiges und mit vielen Ausbaum\u00f6glichkeiten ausgestattetes Beflockungsger\u00e4t f\u00fcr den Landschaftsbau. Das Ger\u00e4t verf\u00fcgt \u00fcber viele Ausbaum\u00f6glichkeiten. Durch die einstellbaren Leistungsst\u00e4rken kann der Modellbauer seine Arbeit an die verschiedene Situationen anpassen.\u00a0 Der bFlock 50 ist ein sicheres und ergonomisches Beflockungsger\u00e4t das f\u00fcr Anf\u00e4nger und auch f\u00fcr Profis geeignet ist. Das ist der Leistungsst\u00e4rkste Beflockungsger\u00e4t f\u00fcr das Modellbau.<\/p>\n<p>Der Koffer enth\u00e4lt den bFlock 50 + 2 x 250ml Beh\u00e4lter + 4 x Fl\u00e4chensiebe (1,2,4,7) + 1 x Platter. Alle Beh\u00e4lter sind mit Deckel<\/p>\n<p><span class=\"ILfuVd\"><span class=\"hgKElc\">Der franz\u00f6sische Hersteller bietet jetzt das elektrostatische Beflockungsger\u00e4t <b>bFlock 50<\/b> an, das durch eine 9 Volt Blockbatterie gespeist wird. Es gibt nur eine Leistungsklasse; das Ger\u00e4t ist jedoch zwischen 10 <b>KV<\/b> und 55 <b>KV<\/b> regelbar.<\/span><\/span><\/p>\n<p>&nbsp;<\/p>\n<ul>\n<li><strong>H\u00f6he der Beflockung 14 mm<\/strong><\/li>\n<\/ul>\n<p><strong>L\u00e4nge der Faser 1mm-14 mm<br \/>\n<\/strong><\/p>\n<\/div>\n<\/li>\n<li class=\"nav-item\"><img decoding=\"async\" class=\"thumb js-thumb selected \" title=\"\" src=\"https:\/\/eshop.microrama.eu\/1436-small_default\/applicateur-electrostatique-bflock-microrama.jpg\" alt=\"\" data-image-medium-src=\"https:\/\/eshop.microrama.eu\/1436-medium_default\/applicateur-electrostatique-bflock-microrama.jpg\" data-image-large-src=\"https:\/\/eshop.microrama.eu\/1436-large_default\/applicateur-electrostatique-bflock-microrama.jpg\" \/><img decoding=\"async\" class=\"thumb js-thumb \" title=\"\" src=\"https:\/\/eshop.microrama.eu\/1437-small_default\/applicateur-electrostatique-bflock-microrama.jpg\" alt=\"\" data-image-medium-src=\"https:\/\/eshop.microrama.eu\/1437-medium_default\/applicateur-electrostatique-bflock-microrama.jpg\" data-image-large-src=\"https:\/\/eshop.microrama.eu\/1437-large_default\/applicateur-electrostatique-bflock-microrama.jpg\" \/><img decoding=\"async\" class=\"thumb js-thumb \" title=\"\" src=\"https:\/\/eshop.microrama.eu\/1420-small_default\/applicateur-electrostatique-bflock-microrama.jpg\" alt=\"\" data-image-medium-src=\"https:\/\/eshop.microrama.eu\/1420-medium_default\/applicateur-electrostatique-bflock-microrama.jpg\" data-image-large-src=\"https:\/\/eshop.microrama.eu\/1420-large_default\/applicateur-electrostatique-bflock-microrama.jpg\" \/><img decoding=\"async\" class=\"thumb js-thumb \" title=\"\" src=\"https:\/\/eshop.microrama.eu\/1423-small_default\/applicateur-electrostatique-bflock-microrama.jpg\" alt=\"\" data-image-medium-src=\"https:\/\/eshop.microrama.eu\/1423-medium_default\/applicateur-electrostatique-bflock-microrama.jpg\" data-image-large-src=\"https:\/\/eshop.microrama.eu\/1423-large_default\/applicateur-electrostatique-bflock-microrama.jpg\" \/><img decoding=\"async\" class=\"thumb js-thumb \" title=\"\" src=\"https:\/\/eshop.microrama.eu\/1424-small_default\/applicateur-electrostatique-bflock-microrama.jpg\" alt=\"\" data-image-medium-src=\"https:\/\/eshop.microrama.eu\/1424-medium_default\/applicateur-electrostatique-bflock-microrama.jpg\" data-image-large-src=\"https:\/\/eshop.microrama.eu\/1424-large_default\/applicateur-electrostatique-bflock-microrama.jpg\" \/><img decoding=\"async\" class=\"thumb js-thumb \" title=\"\" src=\"https:\/\/eshop.microrama.eu\/1446-small_default\/applicateur-electrostatique-bflock-microrama.jpg\" alt=\"\" data-image-medium-src=\"https:\/\/eshop.microrama.eu\/1446-medium_default\/applicateur-electrostatique-bflock-microrama.jpg\" data-image-large-src=\"https:\/\/eshop.microrama.eu\/1446-large_default\/applicateur-electrostatique-bflock-microrama.jpg\" \/><\/li>\n<li><\/li>\n<\/ul>\n","protected":false},"excerpt":{"rendered":"<p>Der 50 von Microrama ist eine hochwertiges und mit vielen Ausbaum\u00f6glichkeiten ausgestattetes Beflockungsger\u00e4t f\u00fcr den Landschaftsbau. Das Ger\u00e4t verf\u00fcgt \u00fcber viele Ausbaum\u00f6glichkeiten. Durch die einstellbaren Leistungsst\u00e4rken kann der Modellbauer seine Arbeit an die verschiedene Situationen anpassen.\u00a0 Der bFlock 50 ist ein sicheres und ergonomisches Beflockungsger\u00e4t das f\u00fcr Anf\u00e4nger und auch f\u00fcr Profis geeignet ist. Das&#8230;<\/p>\n","protected":false},"featured_media":7991,"comment_status":"open","ping_status":"closed","template":"","meta":[],"product_brand":[],"product_cat":[242,248,45,38],"product_tag":[292,291],"class_list":{"0":"post-6408","1":"product","2":"type-product","3":"status-publish","4":"has-post-thumbnail","6":"product_cat-begrasungsgeraet-bflock-50","7":"product_cat-begrasungsgeraete-und-zubehoer","8":"product_cat-microrama-miniature","9":"product_cat-unkategorisiert","10":"product_tag-kein-spielzeug-nicht-geeignet-fuer-kinder-unter-14-jahren","11":"product_tag-warn-und-sicherheitshinweise-modellbauartikel","13":"first","14":"outofstock","15":"taxable","16":"shipping-taxable","17":"purchasable","18":"product-type-simple"},"jetpack_sharing_enabled":true,"_links":{"self":[{"href":"https:\/\/www.mg-modelleisenbahnbau.de\/startseite-2\/wp-json\/wp\/v2\/product\/6408","targetHints":{"allow":["GET"]}}],"collection":[{"href":"https:\/\/www.mg-modelleisenbahnbau.de\/startseite-2\/wp-json\/wp\/v2\/product"}],"about":[{"href":"https:\/\/www.mg-modelleisenbahnbau.de\/startseite-2\/wp-json\/wp\/v2\/types\/product"}],"replies":[{"embeddable":true,"href":"https:\/\/www.mg-modelleisenbahnbau.de\/startseite-2\/wp-json\/wp\/v2\/comments?post=6408"}],"wp:featuredmedia":[{"embeddable":true,"href":"https:\/\/www.mg-modelleisenbahnbau.de\/startseite-2\/wp-json\/wp\/v2\/media\/7991"}],"wp:attachment":[{"href":"https:\/\/www.mg-modelleisenbahnbau.de\/startseite-2\/wp-json\/wp\/v2\/media?parent=6408"}],"wp:term":[{"taxonomy":"product_brand","embeddable":true,"href":"https:\/\/www.mg-modelleisenbahnbau.de\/startseite-2\/wp-json\/wp\/v2\/product_brand?post=6408"},{"taxonomy":"product_cat","embeddable":true,"href":"https:\/\/www.mg-modelleisenbahnbau.de\/startseite-2\/wp-json\/wp\/v2\/product_cat?post=6408"},{"taxonomy":"product_tag","embeddable":true,"href":"https:\/\/www.mg-modelleisenbahnbau.de\/startseite-2\/wp-json\/wp\/v2\/product_tag?post=6408"}],"curies":[{"name":"wp","href":"https:\/\/api.w.org\/{rel}","templated":true}]}}