{"id":6321,"date":"2020-07-08T16:10:00","date_gmt":"2020-07-08T14:10:00","guid":{"rendered":"http:\/\/www.mg-modelleisenbahnbau.de\/?post_type=product&#038;p=6321"},"modified":"2025-06-30T18:27:23","modified_gmt":"2025-06-30T16:27:23","slug":"43515-h0-bahnhof-daerligen","status":"publish","type":"product","link":"https:\/\/www.mg-modelleisenbahnbau.de\/startseite-2\/produkt\/43515-h0-bahnhof-daerligen\/","title":{"rendered":"43515 H0 Bahnhof D\u00e4rligen"},"content":{"rendered":"<div class=\"content--description\">\n<div class=\"content--title\">Produktinformationen &#8222;H0 Bahnhof D\u00e4rligen&#8220;<\/div>\n<div class=\"product--description\">Ein stilechter Bahnhof aus der Schweiz, der sich hervorragend f\u00fcr Alpenlandschaften eignet. Das Original dieses Bahnhofs steht eine Station vor Interlaken an der BLS-Strecke Bern-L\u00f6tschberg-Simplon bei D\u00e4rligen. Ma\u00dfe: L 34,5 x B 13,5 x H 15 cm.<\/div>\n<\/div>\n","protected":false},"excerpt":{"rendered":"<p>Produktinformationen &#8222;H0 Bahnhof D\u00e4rligen&#8220; Ein stilechter Bahnhof aus der Schweiz, der sich hervorragend f\u00fcr Alpenlandschaften eignet. Das Original dieses Bahnhofs steht eine Station vor Interlaken an der BLS-Strecke Bern-L\u00f6tschberg-Simplon bei D\u00e4rligen. Ma\u00dfe: L 34,5 x B 13,5 x H 15 cm.<\/p>\n","protected":false},"featured_media":6322,"comment_status":"open","ping_status":"closed","template":"","meta":[],"product_brand":[],"product_cat":[165,38,41,160],"product_tag":[292,291],"class_list":{"0":"post-6321","1":"product","2":"type-product","3":"status-publish","4":"has-post-thumbnail","6":"product_cat-bahnhoefe-vollmer-ho","7":"product_cat-unkategorisiert","8":"product_cat-vollmer","9":"product_cat-vollmer-ho","10":"product_tag-kein-spielzeug-nicht-geeignet-fuer-kinder-unter-14-jahren","11":"product_tag-warn-und-sicherheitshinweise-modellbauartikel","13":"first","14":"instock","15":"taxable","16":"shipping-taxable","17":"purchasable","18":"product-type-simple"},"jetpack_sharing_enabled":true,"_links":{"self":[{"href":"https:\/\/www.mg-modelleisenbahnbau.de\/startseite-2\/wp-json\/wp\/v2\/product\/6321","targetHints":{"allow":["GET"]}}],"collection":[{"href":"https:\/\/www.mg-modelleisenbahnbau.de\/startseite-2\/wp-json\/wp\/v2\/product"}],"about":[{"href":"https:\/\/www.mg-modelleisenbahnbau.de\/startseite-2\/wp-json\/wp\/v2\/types\/product"}],"replies":[{"embeddable":true,"href":"https:\/\/www.mg-modelleisenbahnbau.de\/startseite-2\/wp-json\/wp\/v2\/comments?post=6321"}],"wp:featuredmedia":[{"embeddable":true,"href":"https:\/\/www.mg-modelleisenbahnbau.de\/startseite-2\/wp-json\/wp\/v2\/media\/6322"}],"wp:attachment":[{"href":"https:\/\/www.mg-modelleisenbahnbau.de\/startseite-2\/wp-json\/wp\/v2\/media?parent=6321"}],"wp:term":[{"taxonomy":"product_brand","embeddable":true,"href":"https:\/\/www.mg-modelleisenbahnbau.de\/startseite-2\/wp-json\/wp\/v2\/product_brand?post=6321"},{"taxonomy":"product_cat","embeddable":true,"href":"https:\/\/www.mg-modelleisenbahnbau.de\/startseite-2\/wp-json\/wp\/v2\/product_cat?post=6321"},{"taxonomy":"product_tag","embeddable":true,"href":"https:\/\/www.mg-modelleisenbahnbau.de\/startseite-2\/wp-json\/wp\/v2\/product_tag?post=6321"}],"curies":[{"name":"wp","href":"https:\/\/api.w.org\/{rel}","templated":true}]}}