{"id":6319,"date":"2020-07-08T16:07:44","date_gmt":"2020-07-08T14:07:44","guid":{"rendered":"http:\/\/www.mg-modelleisenbahnbau.de\/?post_type=product&#038;p=6319"},"modified":"2025-06-30T19:15:08","modified_gmt":"2025-06-30T17:15:08","slug":"43522-h0-bahnhof-burghausen","status":"publish","type":"product","link":"https:\/\/www.mg-modelleisenbahnbau.de\/startseite-2\/produkt\/43522-h0-bahnhof-burghausen\/","title":{"rendered":"43522 H0 Bahnhof Burghausen"},"content":{"rendered":"<div class=\"content--description\">\n<div class=\"content--title\">Produktinformationen &#8222;H0 Bahnhof Burghausen&#8220;<\/div>\n<div class=\"product--description\">Der Bahnhof Burghausen macht richtig Lust auf Ferien in Deutschland. Ankommen und sich wohlf\u00fchlen! Er ist mit 44,6 cm L\u00e4nge ein stattliches Empfangsgeb\u00e4ude mit zwei Seitenfl\u00fcgeln und einem Mittelbau. Die dreieckigen Erker zur Bahnseite lockern die Fassade auf, der Haupteingang zur Stra\u00dfenseite ist \u00fcberdacht. Der Bahnsteig am Geb\u00e4ude ist enthalten. Ma\u00dfe: L 44,6 x B 12,5 x H 14 cm.<\/div>\n<\/div>\n","protected":false},"excerpt":{"rendered":"<p>Produktinformationen &#8222;H0 Bahnhof Burghausen&#8220; Der Bahnhof Burghausen macht richtig Lust auf Ferien in Deutschland. Ankommen und sich wohlf\u00fchlen! Er ist mit 44,6 cm L\u00e4nge ein stattliches Empfangsgeb\u00e4ude mit zwei Seitenfl\u00fcgeln und einem Mittelbau. Die dreieckigen Erker zur Bahnseite lockern die Fassade auf, der Haupteingang zur Stra\u00dfenseite ist \u00fcberdacht. Der Bahnsteig am Geb\u00e4ude ist enthalten. Ma\u00dfe:&#8230;<\/p>\n","protected":false},"featured_media":6320,"comment_status":"open","ping_status":"closed","template":"","meta":[],"product_brand":[],"product_cat":[165,38,41,160],"product_tag":[292,291],"class_list":{"0":"post-6319","1":"product","2":"type-product","3":"status-publish","4":"has-post-thumbnail","6":"product_cat-bahnhoefe-vollmer-ho","7":"product_cat-unkategorisiert","8":"product_cat-vollmer","9":"product_cat-vollmer-ho","10":"product_tag-kein-spielzeug-nicht-geeignet-fuer-kinder-unter-14-jahren","11":"product_tag-warn-und-sicherheitshinweise-modellbauartikel","13":"first","14":"instock","15":"taxable","16":"shipping-taxable","17":"purchasable","18":"product-type-simple"},"jetpack_sharing_enabled":true,"_links":{"self":[{"href":"https:\/\/www.mg-modelleisenbahnbau.de\/startseite-2\/wp-json\/wp\/v2\/product\/6319","targetHints":{"allow":["GET"]}}],"collection":[{"href":"https:\/\/www.mg-modelleisenbahnbau.de\/startseite-2\/wp-json\/wp\/v2\/product"}],"about":[{"href":"https:\/\/www.mg-modelleisenbahnbau.de\/startseite-2\/wp-json\/wp\/v2\/types\/product"}],"replies":[{"embeddable":true,"href":"https:\/\/www.mg-modelleisenbahnbau.de\/startseite-2\/wp-json\/wp\/v2\/comments?post=6319"}],"wp:featuredmedia":[{"embeddable":true,"href":"https:\/\/www.mg-modelleisenbahnbau.de\/startseite-2\/wp-json\/wp\/v2\/media\/6320"}],"wp:attachment":[{"href":"https:\/\/www.mg-modelleisenbahnbau.de\/startseite-2\/wp-json\/wp\/v2\/media?parent=6319"}],"wp:term":[{"taxonomy":"product_brand","embeddable":true,"href":"https:\/\/www.mg-modelleisenbahnbau.de\/startseite-2\/wp-json\/wp\/v2\/product_brand?post=6319"},{"taxonomy":"product_cat","embeddable":true,"href":"https:\/\/www.mg-modelleisenbahnbau.de\/startseite-2\/wp-json\/wp\/v2\/product_cat?post=6319"},{"taxonomy":"product_tag","embeddable":true,"href":"https:\/\/www.mg-modelleisenbahnbau.de\/startseite-2\/wp-json\/wp\/v2\/product_tag?post=6319"}],"curies":[{"name":"wp","href":"https:\/\/api.w.org\/{rel}","templated":true}]}}