{"id":6317,"date":"2020-07-08T16:05:21","date_gmt":"2020-07-08T14:05:21","guid":{"rendered":"http:\/\/www.mg-modelleisenbahnbau.de\/?post_type=product&#038;p=6317"},"modified":"2025-06-30T19:26:57","modified_gmt":"2025-06-30T17:26:57","slug":"43602-h0-koehlerei","status":"publish","type":"product","link":"https:\/\/www.mg-modelleisenbahnbau.de\/startseite-2\/produkt\/43602-h0-koehlerei\/","title":{"rendered":"43602 H0 K\u00f6hlerei"},"content":{"rendered":"<div class=\"content--description\">\n<div class=\"content--title\">Produktinformationen &#8222;H0 K\u00f6hlerei&#8220;<\/div>\n<div class=\"product--description\">Hier wird Holzkohle hergestellt. Durch den Einbau des Vollmer Rauchgenerators Art. 44113 mit einem passenden Dampfdestillat k\u00f6nnen Sie den Meiler realistisch zum Qualmen bringen. Zu diesem Bausatz geh\u00f6ren zwei Meiler, die H\u00fctte und viel Zubeh\u00f6r. Ma\u00dfe: L 10 x B 7,5 x H 5 cm.<\/div>\n<\/div>\n","protected":false},"excerpt":{"rendered":"<p>Produktinformationen &#8222;H0 K\u00f6hlerei&#8220; Hier wird Holzkohle hergestellt. Durch den Einbau des Vollmer Rauchgenerators Art. 44113 mit einem passenden Dampfdestillat k\u00f6nnen Sie den Meiler realistisch zum Qualmen bringen. Zu diesem Bausatz geh\u00f6ren zwei Meiler, die H\u00fctte und viel Zubeh\u00f6r. Ma\u00dfe: L 10 x B 7,5 x H 5 cm.<\/p>\n","protected":false},"featured_media":6318,"comment_status":"open","ping_status":"closed","template":"","meta":[],"product_brand":[],"product_cat":[177,38,41,160],"product_tag":[292,291],"class_list":{"0":"post-6317","1":"product","2":"type-product","3":"status-publish","4":"has-post-thumbnail","6":"product_cat-kleinbausaetze-ho","7":"product_cat-unkategorisiert","8":"product_cat-vollmer","9":"product_cat-vollmer-ho","10":"product_tag-kein-spielzeug-nicht-geeignet-fuer-kinder-unter-14-jahren","11":"product_tag-warn-und-sicherheitshinweise-modellbauartikel","13":"first","14":"instock","15":"taxable","16":"shipping-taxable","17":"purchasable","18":"product-type-simple"},"jetpack_sharing_enabled":true,"_links":{"self":[{"href":"https:\/\/www.mg-modelleisenbahnbau.de\/startseite-2\/wp-json\/wp\/v2\/product\/6317","targetHints":{"allow":["GET"]}}],"collection":[{"href":"https:\/\/www.mg-modelleisenbahnbau.de\/startseite-2\/wp-json\/wp\/v2\/product"}],"about":[{"href":"https:\/\/www.mg-modelleisenbahnbau.de\/startseite-2\/wp-json\/wp\/v2\/types\/product"}],"replies":[{"embeddable":true,"href":"https:\/\/www.mg-modelleisenbahnbau.de\/startseite-2\/wp-json\/wp\/v2\/comments?post=6317"}],"wp:featuredmedia":[{"embeddable":true,"href":"https:\/\/www.mg-modelleisenbahnbau.de\/startseite-2\/wp-json\/wp\/v2\/media\/6318"}],"wp:attachment":[{"href":"https:\/\/www.mg-modelleisenbahnbau.de\/startseite-2\/wp-json\/wp\/v2\/media?parent=6317"}],"wp:term":[{"taxonomy":"product_brand","embeddable":true,"href":"https:\/\/www.mg-modelleisenbahnbau.de\/startseite-2\/wp-json\/wp\/v2\/product_brand?post=6317"},{"taxonomy":"product_cat","embeddable":true,"href":"https:\/\/www.mg-modelleisenbahnbau.de\/startseite-2\/wp-json\/wp\/v2\/product_cat?post=6317"},{"taxonomy":"product_tag","embeddable":true,"href":"https:\/\/www.mg-modelleisenbahnbau.de\/startseite-2\/wp-json\/wp\/v2\/product_tag?post=6317"}],"curies":[{"name":"wp","href":"https:\/\/api.w.org\/{rel}","templated":true}]}}