{"id":6309,"date":"2020-07-08T15:44:59","date_gmt":"2020-07-08T13:44:59","guid":{"rendered":"http:\/\/www.mg-modelleisenbahnbau.de\/?post_type=product&#038;p=6309"},"modified":"2025-07-01T07:41:45","modified_gmt":"2025-07-01T05:41:45","slug":"45622-h0-gueterschuppen-fuer-gefahrgut","status":"publish","type":"product","link":"https:\/\/www.mg-modelleisenbahnbau.de\/startseite-2\/produkt\/45622-h0-gueterschuppen-fuer-gefahrgut\/","title":{"rendered":"45622 H0 G\u00fcterschuppen f\u00fcr Gefahrgut"},"content":{"rendered":"<div class=\"content--description\">\n<div class=\"content--title\">Produktinformationen &#8222;H0 G\u00fcterschuppen f\u00fcr Gefahrgut&#8220;<\/div>\n<div class=\"product--description\">Gef\u00e4hrliche G\u00fcter werden auch auf der Schiene transportiert. Seien es Fl\u00fcssigkeiten, Gase oder feste Stoffe \u2013 alles muss sicher und unzug\u00e4nglich aufbewahrt werden, bevor die G\u00fcter weitertransportiert oder an ihren Bestimmungsort gebracht werden. Dieses kleine, holzverkleidete Geb\u00e4ude mit vergitterten Fenstern dient als Gefahrgutschuppen. Ma\u00dfe: L 11 x B 6 x H 5,8 cm.<\/div>\n<\/div>\n","protected":false},"excerpt":{"rendered":"<p>Produktinformationen &#8222;H0 G\u00fcterschuppen f\u00fcr Gefahrgut&#8220; Gef\u00e4hrliche G\u00fcter werden auch auf der Schiene transportiert. Seien es Fl\u00fcssigkeiten, Gase oder feste Stoffe \u2013 alles muss sicher und unzug\u00e4nglich aufbewahrt werden, bevor die G\u00fcter weitertransportiert oder an ihren Bestimmungsort gebracht werden. Dieses kleine, holzverkleidete Geb\u00e4ude mit vergitterten Fenstern dient als Gefahrgutschuppen. Ma\u00dfe: L 11 x B 6 x&#8230;<\/p>\n","protected":false},"featured_media":6310,"comment_status":"open","ping_status":"closed","template":"","meta":[],"product_brand":[],"product_cat":[168,169,38,41,160],"product_tag":[292,291],"class_list":{"0":"post-6309","1":"product","2":"type-product","3":"status-publish","4":"has-post-thumbnail","6":"product_cat-bahnbestriebswerke-ho","7":"product_cat-gueterschuppen-ho","8":"product_cat-unkategorisiert","9":"product_cat-vollmer","10":"product_cat-vollmer-ho","11":"product_tag-kein-spielzeug-nicht-geeignet-fuer-kinder-unter-14-jahren","12":"product_tag-warn-und-sicherheitshinweise-modellbauartikel","14":"first","15":"instock","16":"taxable","17":"shipping-taxable","18":"purchasable","19":"product-type-simple"},"jetpack_sharing_enabled":true,"_links":{"self":[{"href":"https:\/\/www.mg-modelleisenbahnbau.de\/startseite-2\/wp-json\/wp\/v2\/product\/6309","targetHints":{"allow":["GET"]}}],"collection":[{"href":"https:\/\/www.mg-modelleisenbahnbau.de\/startseite-2\/wp-json\/wp\/v2\/product"}],"about":[{"href":"https:\/\/www.mg-modelleisenbahnbau.de\/startseite-2\/wp-json\/wp\/v2\/types\/product"}],"replies":[{"embeddable":true,"href":"https:\/\/www.mg-modelleisenbahnbau.de\/startseite-2\/wp-json\/wp\/v2\/comments?post=6309"}],"wp:featuredmedia":[{"embeddable":true,"href":"https:\/\/www.mg-modelleisenbahnbau.de\/startseite-2\/wp-json\/wp\/v2\/media\/6310"}],"wp:attachment":[{"href":"https:\/\/www.mg-modelleisenbahnbau.de\/startseite-2\/wp-json\/wp\/v2\/media?parent=6309"}],"wp:term":[{"taxonomy":"product_brand","embeddable":true,"href":"https:\/\/www.mg-modelleisenbahnbau.de\/startseite-2\/wp-json\/wp\/v2\/product_brand?post=6309"},{"taxonomy":"product_cat","embeddable":true,"href":"https:\/\/www.mg-modelleisenbahnbau.de\/startseite-2\/wp-json\/wp\/v2\/product_cat?post=6309"},{"taxonomy":"product_tag","embeddable":true,"href":"https:\/\/www.mg-modelleisenbahnbau.de\/startseite-2\/wp-json\/wp\/v2\/product_tag?post=6309"}],"curies":[{"name":"wp","href":"https:\/\/api.w.org\/{rel}","templated":true}]}}