{"id":6307,"date":"2020-07-08T15:42:12","date_gmt":"2020-07-08T13:42:12","guid":{"rendered":"http:\/\/www.mg-modelleisenbahnbau.de\/?post_type=product&#038;p=6307"},"modified":"2025-07-01T07:41:46","modified_gmt":"2025-07-01T05:41:46","slug":"45635-h0-schotter-verladestation-mit-angetriebenen-verschlussklappen-funktionsbausatz","status":"publish","type":"product","link":"https:\/\/www.mg-modelleisenbahnbau.de\/startseite-2\/produkt\/45635-h0-schotter-verladestation-mit-angetriebenen-verschlussklappen-funktionsbausatz\/","title":{"rendered":"45635 H0 Schotter-Verladestation mit angetriebenen Verschlussklappen, Funktionsbausatz"},"content":{"rendered":"<div class=\"content--description\">\n<div class=\"content--title\">Produktinformationen &#8222;H0 Schotter-Verladestation mit angetriebenen Verschlussklappen, Funktionsbausatz&#8220;<\/div>\n<div class=\"product--description\">Funktionsbausatz. Diese Verladestation ist der kleine Bruder des Kieswerks Art. 45723. Sie eignet sich aufgrund des geringen Platzbedarfs hervorragend, um Leben auch auf kleine Anlagen zu bringen. \u00dcber eine \u00d6ffnung im Dach wird das Geb\u00e4ude mit Schotter bef\u00fcllt. Durch elektromagnetische Bet\u00e4tigung der Verschlussklappen gelangt der Kies \u00fcber Laderutschen in die zum Abtransport bereitstehenden G\u00fcterwagen. Die Aufsichtspersonen k\u00f6nnen \u00fcber eine Au\u00dfentreppe in das Geb\u00e4ude gelangen. Ma\u00dfe: L 14 x B 9 x H 13,2 cm.<\/div>\n<\/div>\n","protected":false},"excerpt":{"rendered":"<p>Produktinformationen &#8222;H0 Schotter-Verladestation mit angetriebenen Verschlussklappen, Funktionsbausatz&#8220; Funktionsbausatz. Diese Verladestation ist der kleine Bruder des Kieswerks Art. 45723. Sie eignet sich aufgrund des geringen Platzbedarfs hervorragend, um Leben auch auf kleine Anlagen zu bringen. \u00dcber eine \u00d6ffnung im Dach wird das Geb\u00e4ude mit Schotter bef\u00fcllt. Durch elektromagnetische Bet\u00e4tigung der Verschlussklappen gelangt der Kies \u00fcber Laderutschen&#8230;<\/p>\n","protected":false},"featured_media":6308,"comment_status":"open","ping_status":"closed","template":"","meta":[],"product_brand":[],"product_cat":[168,170,38,41,160],"product_tag":[292,291],"class_list":{"0":"post-6307","1":"product","2":"type-product","3":"status-publish","4":"has-post-thumbnail","6":"product_cat-bahnbestriebswerke-ho","7":"product_cat-industrie-fabrikanlagen-ho","8":"product_cat-unkategorisiert","9":"product_cat-vollmer","10":"product_cat-vollmer-ho","11":"product_tag-kein-spielzeug-nicht-geeignet-fuer-kinder-unter-14-jahren","12":"product_tag-warn-und-sicherheitshinweise-modellbauartikel","14":"first","15":"instock","16":"taxable","17":"shipping-taxable","18":"purchasable","19":"product-type-simple"},"jetpack_sharing_enabled":true,"_links":{"self":[{"href":"https:\/\/www.mg-modelleisenbahnbau.de\/startseite-2\/wp-json\/wp\/v2\/product\/6307","targetHints":{"allow":["GET"]}}],"collection":[{"href":"https:\/\/www.mg-modelleisenbahnbau.de\/startseite-2\/wp-json\/wp\/v2\/product"}],"about":[{"href":"https:\/\/www.mg-modelleisenbahnbau.de\/startseite-2\/wp-json\/wp\/v2\/types\/product"}],"replies":[{"embeddable":true,"href":"https:\/\/www.mg-modelleisenbahnbau.de\/startseite-2\/wp-json\/wp\/v2\/comments?post=6307"}],"wp:featuredmedia":[{"embeddable":true,"href":"https:\/\/www.mg-modelleisenbahnbau.de\/startseite-2\/wp-json\/wp\/v2\/media\/6308"}],"wp:attachment":[{"href":"https:\/\/www.mg-modelleisenbahnbau.de\/startseite-2\/wp-json\/wp\/v2\/media?parent=6307"}],"wp:term":[{"taxonomy":"product_brand","embeddable":true,"href":"https:\/\/www.mg-modelleisenbahnbau.de\/startseite-2\/wp-json\/wp\/v2\/product_brand?post=6307"},{"taxonomy":"product_cat","embeddable":true,"href":"https:\/\/www.mg-modelleisenbahnbau.de\/startseite-2\/wp-json\/wp\/v2\/product_cat?post=6307"},{"taxonomy":"product_tag","embeddable":true,"href":"https:\/\/www.mg-modelleisenbahnbau.de\/startseite-2\/wp-json\/wp\/v2\/product_tag?post=6307"}],"curies":[{"name":"wp","href":"https:\/\/api.w.org\/{rel}","templated":true}]}}