{"id":6295,"date":"2020-07-08T15:23:47","date_gmt":"2020-07-08T13:23:47","guid":{"rendered":"http:\/\/www.mg-modelleisenbahnbau.de\/?post_type=product&#038;p=6295"},"modified":"2025-07-01T07:57:02","modified_gmt":"2025-07-01T05:57:02","slug":"45720-h0-grossbekohlungsanlage-2","status":"publish","type":"product","link":"https:\/\/www.mg-modelleisenbahnbau.de\/startseite-2\/produkt\/45720-h0-grossbekohlungsanlage-2\/","title":{"rendered":"45720 H0 Gro\u00dfbekohlungsanlage"},"content":{"rendered":"<div class=\"content--description\">\n<div class=\"content--title\">Produktinformationen &#8222;H0 Gro\u00dfbekohlungsanlage&#8220;<\/div>\n<div class=\"product--description\">Eine Gro\u00dfbekohlungsanlage war im Zeitalter der Dampflokomotiven im Bahnbetriebswerk unverzichtbar. Noch heute strahlen solche Industriebauten Charme und Anziehungskraft aus. Diese Gro\u00dfbekohlungsanlage hat 2 voneinander unabh\u00e4ngige Kohleabf\u00fcllbeh\u00e4lter. Durchfahrtsh\u00f6he: 6,7 cm, Gleismittenabstand: 9,5 cm. Ma\u00dfe: L 19,3 x B 17 x H 13,8 cm.<\/div>\n<\/div>\n","protected":false},"excerpt":{"rendered":"<p>Produktinformationen &#8222;H0 Gro\u00dfbekohlungsanlage&#8220; Eine Gro\u00dfbekohlungsanlage war im Zeitalter der Dampflokomotiven im Bahnbetriebswerk unverzichtbar. Noch heute strahlen solche Industriebauten Charme und Anziehungskraft aus. Diese Gro\u00dfbekohlungsanlage hat 2 voneinander unabh\u00e4ngige Kohleabf\u00fcllbeh\u00e4lter. Durchfahrtsh\u00f6he: 6,7 cm, Gleismittenabstand: 9,5 cm. Ma\u00dfe: L 19,3 x B 17 x H 13,8 cm.<\/p>\n","protected":false},"featured_media":6296,"comment_status":"open","ping_status":"closed","template":"","meta":[],"product_brand":[],"product_cat":[168,38,41,160],"product_tag":[292,291],"class_list":{"0":"post-6295","1":"product","2":"type-product","3":"status-publish","4":"has-post-thumbnail","6":"product_cat-bahnbestriebswerke-ho","7":"product_cat-unkategorisiert","8":"product_cat-vollmer","9":"product_cat-vollmer-ho","10":"product_tag-kein-spielzeug-nicht-geeignet-fuer-kinder-unter-14-jahren","11":"product_tag-warn-und-sicherheitshinweise-modellbauartikel","13":"first","14":"instock","15":"taxable","16":"shipping-taxable","17":"purchasable","18":"product-type-simple"},"jetpack_sharing_enabled":true,"_links":{"self":[{"href":"https:\/\/www.mg-modelleisenbahnbau.de\/startseite-2\/wp-json\/wp\/v2\/product\/6295","targetHints":{"allow":["GET"]}}],"collection":[{"href":"https:\/\/www.mg-modelleisenbahnbau.de\/startseite-2\/wp-json\/wp\/v2\/product"}],"about":[{"href":"https:\/\/www.mg-modelleisenbahnbau.de\/startseite-2\/wp-json\/wp\/v2\/types\/product"}],"replies":[{"embeddable":true,"href":"https:\/\/www.mg-modelleisenbahnbau.de\/startseite-2\/wp-json\/wp\/v2\/comments?post=6295"}],"wp:featuredmedia":[{"embeddable":true,"href":"https:\/\/www.mg-modelleisenbahnbau.de\/startseite-2\/wp-json\/wp\/v2\/media\/6296"}],"wp:attachment":[{"href":"https:\/\/www.mg-modelleisenbahnbau.de\/startseite-2\/wp-json\/wp\/v2\/media?parent=6295"}],"wp:term":[{"taxonomy":"product_brand","embeddable":true,"href":"https:\/\/www.mg-modelleisenbahnbau.de\/startseite-2\/wp-json\/wp\/v2\/product_brand?post=6295"},{"taxonomy":"product_cat","embeddable":true,"href":"https:\/\/www.mg-modelleisenbahnbau.de\/startseite-2\/wp-json\/wp\/v2\/product_cat?post=6295"},{"taxonomy":"product_tag","embeddable":true,"href":"https:\/\/www.mg-modelleisenbahnbau.de\/startseite-2\/wp-json\/wp\/v2\/product_tag?post=6295"}],"curies":[{"name":"wp","href":"https:\/\/api.w.org\/{rel}","templated":true}]}}