{"id":6291,"date":"2020-07-08T15:19:10","date_gmt":"2020-07-08T13:19:10","guid":{"rendered":"http:\/\/www.mg-modelleisenbahnbau.de\/?post_type=product&#038;p=6291"},"modified":"2025-07-01T07:57:06","modified_gmt":"2025-07-01T05:57:06","slug":"45727-h0-ueberladekran","status":"publish","type":"product","link":"https:\/\/www.mg-modelleisenbahnbau.de\/startseite-2\/produkt\/45727-h0-ueberladekran\/","title":{"rendered":"45727 H0 \u00dcberladekran"},"content":{"rendered":"<div class=\"content--description\">\n<div class=\"content--title\">Produktinformationen &#8222;H0 \u00dcberladekran&#8220;<\/div>\n<div class=\"product--description\">Mit Hilfe des \u00dcberladekrans k\u00f6nnen gewichtige G\u00fcter bis 10 Tonnen umgeschlagen werden. Be- und Entladen von Waren im Bahnhofsbereich bringt Bewegung und Abwechslung ins Spiel. Durchfahrtsh\u00f6he: 8\/5,8 cm, Durchfahrtsbreite: 9 cm. Ma\u00dfe: L 14 x B 6,5 x H 12,3 cm.<\/div>\n<\/div>\n","protected":false},"excerpt":{"rendered":"<p>Produktinformationen &#8222;H0 \u00dcberladekran&#8220; Mit Hilfe des \u00dcberladekrans k\u00f6nnen gewichtige G\u00fcter bis 10 Tonnen umgeschlagen werden. Be- und Entladen von Waren im Bahnhofsbereich bringt Bewegung und Abwechslung ins Spiel. Durchfahrtsh\u00f6he: 8\/5,8 cm, Durchfahrtsbreite: 9 cm. Ma\u00dfe: L 14 x B 6,5 x H 12,3 cm.<\/p>\n","protected":false},"featured_media":6292,"comment_status":"open","ping_status":"closed","template":"","meta":[],"product_brand":[],"product_cat":[168,38,41,160],"product_tag":[292,291],"class_list":{"0":"post-6291","1":"product","2":"type-product","3":"status-publish","4":"has-post-thumbnail","6":"product_cat-bahnbestriebswerke-ho","7":"product_cat-unkategorisiert","8":"product_cat-vollmer","9":"product_cat-vollmer-ho","10":"product_tag-kein-spielzeug-nicht-geeignet-fuer-kinder-unter-14-jahren","11":"product_tag-warn-und-sicherheitshinweise-modellbauartikel","13":"first","14":"instock","15":"taxable","16":"shipping-taxable","17":"purchasable","18":"product-type-simple"},"jetpack_sharing_enabled":true,"_links":{"self":[{"href":"https:\/\/www.mg-modelleisenbahnbau.de\/startseite-2\/wp-json\/wp\/v2\/product\/6291","targetHints":{"allow":["GET"]}}],"collection":[{"href":"https:\/\/www.mg-modelleisenbahnbau.de\/startseite-2\/wp-json\/wp\/v2\/product"}],"about":[{"href":"https:\/\/www.mg-modelleisenbahnbau.de\/startseite-2\/wp-json\/wp\/v2\/types\/product"}],"replies":[{"embeddable":true,"href":"https:\/\/www.mg-modelleisenbahnbau.de\/startseite-2\/wp-json\/wp\/v2\/comments?post=6291"}],"wp:featuredmedia":[{"embeddable":true,"href":"https:\/\/www.mg-modelleisenbahnbau.de\/startseite-2\/wp-json\/wp\/v2\/media\/6292"}],"wp:attachment":[{"href":"https:\/\/www.mg-modelleisenbahnbau.de\/startseite-2\/wp-json\/wp\/v2\/media?parent=6291"}],"wp:term":[{"taxonomy":"product_brand","embeddable":true,"href":"https:\/\/www.mg-modelleisenbahnbau.de\/startseite-2\/wp-json\/wp\/v2\/product_brand?post=6291"},{"taxonomy":"product_cat","embeddable":true,"href":"https:\/\/www.mg-modelleisenbahnbau.de\/startseite-2\/wp-json\/wp\/v2\/product_cat?post=6291"},{"taxonomy":"product_tag","embeddable":true,"href":"https:\/\/www.mg-modelleisenbahnbau.de\/startseite-2\/wp-json\/wp\/v2\/product_tag?post=6291"}],"curies":[{"name":"wp","href":"https:\/\/api.w.org\/{rel}","templated":true}]}}