{"id":627,"date":"2018-10-14T15:44:18","date_gmt":"2018-10-14T13:44:18","guid":{"rendered":"http:\/\/www.mg-modelleisenbahnbau.de\/?post_type=product&#038;p=627"},"modified":"2025-06-29T18:42:40","modified_gmt":"2025-06-29T16:42:40","slug":"4163-h0-quertragwerk-ueber-4-gleise","status":"publish","type":"product","link":"https:\/\/www.mg-modelleisenbahnbau.de\/startseite-2\/produkt\/4163-h0-quertragwerk-ueber-4-gleise\/","title":{"rendered":"4163 H0 Quertragwerk \u00fcber 4 Gleise"},"content":{"rendered":"<p>Produktinformationen &#8222;H0 Quertragwerk \u00fcber 4 Gleise&#8220;<br \/>\nKomplett montiert und lackiert. Die Gleisabst\u00e4nde sind beliebig w\u00e4hlbar und die 4 Gleise sind elektrisch getrennt. Filigrane Metallausf\u00fchrung mit eingepr\u00e4gten Nietenimitationen. Maximaler Mastmittenabstand: 312,5 mm, H\u00f6he: 170 mm.<\/p>\n","protected":false},"excerpt":{"rendered":"<p>Produktinformationen &#8222;H0 Quertragwerk \u00fcber 4 Gleise&#8220; Komplett montiert und lackiert. Die Gleisabst\u00e4nde sind beliebig w\u00e4hlbar und die 4 Gleise sind elektrisch getrennt. Filigrane Metallausf\u00fchrung mit eingepr\u00e4gten Nietenimitationen. Maximaler Mastmittenabstand: 312,5 mm, H\u00f6he: 170 mm.<\/p>\n","protected":false},"featured_media":628,"comment_status":"open","ping_status":"closed","template":"","meta":[],"product_brand":[],"product_cat":[127,38,37,124],"product_tag":[292,291],"class_list":{"0":"post-627","1":"product","2":"type-product","3":"status-publish","4":"has-post-thumbnail","6":"product_cat-oberleitung-h0","7":"product_cat-unkategorisiert","8":"product_cat-viessmann","9":"product_cat-viessmann-spur-h0","10":"product_tag-kein-spielzeug-nicht-geeignet-fuer-kinder-unter-14-jahren","11":"product_tag-warn-und-sicherheitshinweise-modellbauartikel","13":"first","14":"instock","15":"taxable","16":"shipping-taxable","17":"purchasable","18":"product-type-simple"},"jetpack_sharing_enabled":true,"_links":{"self":[{"href":"https:\/\/www.mg-modelleisenbahnbau.de\/startseite-2\/wp-json\/wp\/v2\/product\/627","targetHints":{"allow":["GET"]}}],"collection":[{"href":"https:\/\/www.mg-modelleisenbahnbau.de\/startseite-2\/wp-json\/wp\/v2\/product"}],"about":[{"href":"https:\/\/www.mg-modelleisenbahnbau.de\/startseite-2\/wp-json\/wp\/v2\/types\/product"}],"replies":[{"embeddable":true,"href":"https:\/\/www.mg-modelleisenbahnbau.de\/startseite-2\/wp-json\/wp\/v2\/comments?post=627"}],"wp:featuredmedia":[{"embeddable":true,"href":"https:\/\/www.mg-modelleisenbahnbau.de\/startseite-2\/wp-json\/wp\/v2\/media\/628"}],"wp:attachment":[{"href":"https:\/\/www.mg-modelleisenbahnbau.de\/startseite-2\/wp-json\/wp\/v2\/media?parent=627"}],"wp:term":[{"taxonomy":"product_brand","embeddable":true,"href":"https:\/\/www.mg-modelleisenbahnbau.de\/startseite-2\/wp-json\/wp\/v2\/product_brand?post=627"},{"taxonomy":"product_cat","embeddable":true,"href":"https:\/\/www.mg-modelleisenbahnbau.de\/startseite-2\/wp-json\/wp\/v2\/product_cat?post=627"},{"taxonomy":"product_tag","embeddable":true,"href":"https:\/\/www.mg-modelleisenbahnbau.de\/startseite-2\/wp-json\/wp\/v2\/product_tag?post=627"}],"curies":[{"name":"wp","href":"https:\/\/api.w.org\/{rel}","templated":true}]}}