{"id":6254,"date":"2020-07-02T21:05:04","date_gmt":"2020-07-02T19:05:04","guid":{"rendered":"http:\/\/www.mg-modelleisenbahnbau.de\/?post_type=product&#038;p=6254"},"modified":"2025-07-01T10:31:38","modified_gmt":"2025-07-01T08:31:38","slug":"47711-n-gasthaus-mit-metzgerei-und-inneneinrichtung","status":"publish","type":"product","link":"https:\/\/www.mg-modelleisenbahnbau.de\/startseite-2\/produkt\/47711-n-gasthaus-mit-metzgerei-und-inneneinrichtung\/","title":{"rendered":"47711 N Gasthaus mit Metzgerei und Inneneinrichtung"},"content":{"rendered":"<div class=\"content--description\">\n<div class=\"content--title\">Produktinformationen &#8222;N Gasthaus mit Metzgerei und Inneneinrichtung&#8220;<\/div>\n<div class=\"product--description\">Dieser Bausatz ist mit umfangreichem Zubeh\u00f6r ausgestattet. Dem Bausatz liegen Tische und B\u00e4nke f\u00fcr den angeschlossenen Biergarten und eine Ladeneinrichtung f\u00fcr die Metzgerei bei. Ma\u00dfe: L 16 x B 10,6 x H 12,8 cm.<\/div>\n<\/div>\n","protected":false},"excerpt":{"rendered":"<p>Produktinformationen &#8222;N Gasthaus mit Metzgerei und Inneneinrichtung&#8220; Dieser Bausatz ist mit umfangreichem Zubeh\u00f6r ausgestattet. Dem Bausatz liegen Tische und B\u00e4nke f\u00fcr den angeschlossenen Biergarten und eine Ladeneinrichtung f\u00fcr die Metzgerei bei. Ma\u00dfe: L 16 x B 10,6 x H 12,8 cm.<\/p>\n","protected":false},"featured_media":6255,"comment_status":"open","ping_status":"closed","template":"","meta":[],"product_brand":[],"product_cat":[198,38,41],"product_tag":[292,291],"class_list":{"0":"post-6254","1":"product","2":"type-product","3":"status-publish","4":"has-post-thumbnail","6":"product_cat-stadt-dorfhaeuser-n","7":"product_cat-unkategorisiert","8":"product_cat-vollmer","9":"product_tag-kein-spielzeug-nicht-geeignet-fuer-kinder-unter-14-jahren","10":"product_tag-warn-und-sicherheitshinweise-modellbauartikel","12":"first","13":"instock","14":"taxable","15":"shipping-taxable","16":"purchasable","17":"product-type-simple"},"jetpack_sharing_enabled":true,"_links":{"self":[{"href":"https:\/\/www.mg-modelleisenbahnbau.de\/startseite-2\/wp-json\/wp\/v2\/product\/6254","targetHints":{"allow":["GET"]}}],"collection":[{"href":"https:\/\/www.mg-modelleisenbahnbau.de\/startseite-2\/wp-json\/wp\/v2\/product"}],"about":[{"href":"https:\/\/www.mg-modelleisenbahnbau.de\/startseite-2\/wp-json\/wp\/v2\/types\/product"}],"replies":[{"embeddable":true,"href":"https:\/\/www.mg-modelleisenbahnbau.de\/startseite-2\/wp-json\/wp\/v2\/comments?post=6254"}],"wp:featuredmedia":[{"embeddable":true,"href":"https:\/\/www.mg-modelleisenbahnbau.de\/startseite-2\/wp-json\/wp\/v2\/media\/6255"}],"wp:attachment":[{"href":"https:\/\/www.mg-modelleisenbahnbau.de\/startseite-2\/wp-json\/wp\/v2\/media?parent=6254"}],"wp:term":[{"taxonomy":"product_brand","embeddable":true,"href":"https:\/\/www.mg-modelleisenbahnbau.de\/startseite-2\/wp-json\/wp\/v2\/product_brand?post=6254"},{"taxonomy":"product_cat","embeddable":true,"href":"https:\/\/www.mg-modelleisenbahnbau.de\/startseite-2\/wp-json\/wp\/v2\/product_cat?post=6254"},{"taxonomy":"product_tag","embeddable":true,"href":"https:\/\/www.mg-modelleisenbahnbau.de\/startseite-2\/wp-json\/wp\/v2\/product_tag?post=6254"}],"curies":[{"name":"wp","href":"https:\/\/api.w.org\/{rel}","templated":true}]}}