{"id":6211,"date":"2020-06-28T20:39:23","date_gmt":"2020-06-28T18:39:23","guid":{"rendered":"http:\/\/www.mg-modelleisenbahnbau.de\/?post_type=product&#038;p=6211"},"modified":"2025-06-29T21:20:38","modified_gmt":"2025-06-29T19:20:38","slug":"4508-h0-form-hauptsignal-oebb-mit-2-gekoppelten-umgebauten-fluegeln","status":"publish","type":"product","link":"https:\/\/www.mg-modelleisenbahnbau.de\/startseite-2\/produkt\/4508-h0-form-hauptsignal-oebb-mit-2-gekoppelten-umgebauten-fluegeln\/","title":{"rendered":"4508 H0 Form-Hauptsignal \u00d6BB mit 2 gekoppelten, umgebauten Fl\u00fcgeln"},"content":{"rendered":"<div class=\"content--description\">\n<div class=\"content--title\">Produktinformationen &#8222;H0 Form-Hauptsignal \u00d6BB mit 2 gekoppelten, umgebauten Fl\u00fcgeln&#8220;<\/div>\n<div class=\"product--description\">Mit filigranem Zoresmast aus Messing in originalgetreuer Lackierung. Bedruckte Signalfl\u00fcgel. Gl\u00fchlampe und Unterflur-Kompaktantrieb mit integrierter Zugbeeinflussung. Signalbilder Hp0 und Hp2. Ersatzgl\u00fchlampe Art. 6200. H\u00f6he: 10,3 cm.<\/div>\n<\/div>\n","protected":false},"excerpt":{"rendered":"<p>Produktinformationen &#8222;H0 Form-Hauptsignal \u00d6BB mit 2 gekoppelten, umgebauten Fl\u00fcgeln&#8220; Mit filigranem Zoresmast aus Messing in originalgetreuer Lackierung. Bedruckte Signalfl\u00fcgel. Gl\u00fchlampe und Unterflur-Kompaktantrieb mit integrierter Zugbeeinflussung. Signalbilder Hp0 und Hp2. Ersatzgl\u00fchlampe Art. 6200. H\u00f6he: 10,3 cm.<\/p>\n","protected":false},"featured_media":6212,"comment_status":"open","ping_status":"closed","template":"","meta":[],"product_brand":[],"product_cat":[125,38,37,124],"product_tag":[292,291],"class_list":{"0":"post-6211","1":"product","2":"type-product","3":"status-publish","4":"has-post-thumbnail","6":"product_cat-formsignale-h0","7":"product_cat-unkategorisiert","8":"product_cat-viessmann","9":"product_cat-viessmann-spur-h0","10":"product_tag-kein-spielzeug-nicht-geeignet-fuer-kinder-unter-14-jahren","11":"product_tag-warn-und-sicherheitshinweise-modellbauartikel","13":"first","14":"instock","15":"taxable","16":"shipping-taxable","17":"purchasable","18":"product-type-simple"},"jetpack_sharing_enabled":true,"_links":{"self":[{"href":"https:\/\/www.mg-modelleisenbahnbau.de\/startseite-2\/wp-json\/wp\/v2\/product\/6211","targetHints":{"allow":["GET"]}}],"collection":[{"href":"https:\/\/www.mg-modelleisenbahnbau.de\/startseite-2\/wp-json\/wp\/v2\/product"}],"about":[{"href":"https:\/\/www.mg-modelleisenbahnbau.de\/startseite-2\/wp-json\/wp\/v2\/types\/product"}],"replies":[{"embeddable":true,"href":"https:\/\/www.mg-modelleisenbahnbau.de\/startseite-2\/wp-json\/wp\/v2\/comments?post=6211"}],"wp:featuredmedia":[{"embeddable":true,"href":"https:\/\/www.mg-modelleisenbahnbau.de\/startseite-2\/wp-json\/wp\/v2\/media\/6212"}],"wp:attachment":[{"href":"https:\/\/www.mg-modelleisenbahnbau.de\/startseite-2\/wp-json\/wp\/v2\/media?parent=6211"}],"wp:term":[{"taxonomy":"product_brand","embeddable":true,"href":"https:\/\/www.mg-modelleisenbahnbau.de\/startseite-2\/wp-json\/wp\/v2\/product_brand?post=6211"},{"taxonomy":"product_cat","embeddable":true,"href":"https:\/\/www.mg-modelleisenbahnbau.de\/startseite-2\/wp-json\/wp\/v2\/product_cat?post=6211"},{"taxonomy":"product_tag","embeddable":true,"href":"https:\/\/www.mg-modelleisenbahnbau.de\/startseite-2\/wp-json\/wp\/v2\/product_tag?post=6211"}],"curies":[{"name":"wp","href":"https:\/\/api.w.org\/{rel}","templated":true}]}}