{"id":6200,"date":"2020-06-27T18:54:40","date_gmt":"2020-06-27T16:54:40","guid":{"rendered":"http:\/\/www.mg-modelleisenbahnbau.de\/?post_type=product&#038;p=6200"},"modified":"2025-06-30T07:49:43","modified_gmt":"2025-06-30T05:49:43","slug":"6992-tt-strassenleuchte-modern-einfach-led-weiss","status":"publish","type":"product","link":"https:\/\/www.mg-modelleisenbahnbau.de\/startseite-2\/produkt\/6992-tt-strassenleuchte-modern-einfach-led-weiss\/","title":{"rendered":"6992 TT Stra\u00dfenleuchte modern, einfach, LED wei\u00df"},"content":{"rendered":"<div class=\"content--description\">\n<div class=\"content--title\">Produktinformationen &#8222;TT Stra\u00dfenleuchte modern, einfach, LED wei\u00df&#8220;<\/div>\n<div class=\"product--description\">Moderne Stra\u00dfenleuchte der Epochen IV \u2013 VI. Vorbildgetreuer Messingmast mit Patentsteckfu\u00df f\u00fcr eine besonders einfache Montage. H\u00f6he: 8 cm.<\/div>\n<div><a class=\"product--image\" title=\"2A Powermodul\" href=\"https:\/\/viessmann-modell.com\/sortiment\/elektronik\/elektronik-digital\/108\/2a-powermodul\"> <span class=\"image--element\"> <span class=\"image--media\"> <img title=\"2A Powermodul \" srcset=\"https:\/\/viessmann-modell.com\/media\/image\/49\/52\/7f\/5215tTSfF2n99LqzI_200x200.jpg, https:\/\/viessmann-modell.com\/media\/image\/4c\/60\/95\/5215tTSfF2n99LqzI_200x200@2x.jpg 2x\" alt=\"2A Powermodul \" data-extension=\"jpg\" \/><\/span><\/span><\/a><\/div>\n<div>\n<div class=\"supplier--image--container\"><a class=\"product--title\" title=\"2A Powermodul\" href=\"https:\/\/viessmann-modell.com\/sortiment\/elektronik\/elektronik-digital\/108\/2a-powermodul\"> 5215 2A Powermodul <\/a><\/div>\n<\/div>\n<\/div>\n","protected":false},"excerpt":{"rendered":"<p>Produktinformationen &#8222;TT Stra\u00dfenleuchte modern, einfach, LED wei\u00df&#8220; Moderne Stra\u00dfenleuchte der Epochen IV \u2013 VI. Vorbildgetreuer Messingmast mit Patentsteckfu\u00df f\u00fcr eine besonders einfache Montage. H\u00f6he: 8 cm. 5215 2A Powermodul<\/p>\n","protected":false},"featured_media":6201,"comment_status":"open","ping_status":"closed","template":"","meta":[],"product_brand":[],"product_cat":[132,38,37,131],"product_tag":[292,291],"class_list":{"0":"post-6200","1":"product","2":"type-product","3":"status-publish","4":"has-post-thumbnail","6":"product_cat-leuchten-tt","7":"product_cat-unkategorisiert","8":"product_cat-viessmann","9":"product_cat-viessmann-spur-tt","10":"product_tag-kein-spielzeug-nicht-geeignet-fuer-kinder-unter-14-jahren","11":"product_tag-warn-und-sicherheitshinweise-modellbauartikel","13":"first","14":"instock","15":"taxable","16":"shipping-taxable","17":"purchasable","18":"product-type-simple"},"jetpack_sharing_enabled":true,"_links":{"self":[{"href":"https:\/\/www.mg-modelleisenbahnbau.de\/startseite-2\/wp-json\/wp\/v2\/product\/6200","targetHints":{"allow":["GET"]}}],"collection":[{"href":"https:\/\/www.mg-modelleisenbahnbau.de\/startseite-2\/wp-json\/wp\/v2\/product"}],"about":[{"href":"https:\/\/www.mg-modelleisenbahnbau.de\/startseite-2\/wp-json\/wp\/v2\/types\/product"}],"replies":[{"embeddable":true,"href":"https:\/\/www.mg-modelleisenbahnbau.de\/startseite-2\/wp-json\/wp\/v2\/comments?post=6200"}],"wp:featuredmedia":[{"embeddable":true,"href":"https:\/\/www.mg-modelleisenbahnbau.de\/startseite-2\/wp-json\/wp\/v2\/media\/6201"}],"wp:attachment":[{"href":"https:\/\/www.mg-modelleisenbahnbau.de\/startseite-2\/wp-json\/wp\/v2\/media?parent=6200"}],"wp:term":[{"taxonomy":"product_brand","embeddable":true,"href":"https:\/\/www.mg-modelleisenbahnbau.de\/startseite-2\/wp-json\/wp\/v2\/product_brand?post=6200"},{"taxonomy":"product_cat","embeddable":true,"href":"https:\/\/www.mg-modelleisenbahnbau.de\/startseite-2\/wp-json\/wp\/v2\/product_cat?post=6200"},{"taxonomy":"product_tag","embeddable":true,"href":"https:\/\/www.mg-modelleisenbahnbau.de\/startseite-2\/wp-json\/wp\/v2\/product_tag?post=6200"}],"curies":[{"name":"wp","href":"https:\/\/api.w.org\/{rel}","templated":true}]}}