{"id":6173,"date":"2020-06-27T17:59:49","date_gmt":"2020-06-27T15:59:49","guid":{"rendered":"http:\/\/www.mg-modelleisenbahnbau.de\/?post_type=product&#038;p=6173"},"modified":"2025-06-29T23:30:44","modified_gmt":"2025-06-29T21:30:44","slug":"5875-n-db-keks-mit-led-beleuchtung-weiss","status":"publish","type":"product","link":"https:\/\/www.mg-modelleisenbahnbau.de\/startseite-2\/produkt\/5875-n-db-keks-mit-led-beleuchtung-weiss\/","title":{"rendered":"5875 N DB Keks mit LED-Beleuchtung wei\u00df"},"content":{"rendered":"<div class=\"content--description\">\n<div class=\"content--title\">Produktinformationen &#8222;N DB Keks mit LED-Beleuchtung wei\u00df&#8220;<\/div>\n<div class=\"product--description\">Doppelseitig beleuchtetes Schild mit LED, wartungsfrei. Geeignet z. B. f\u00fcr Bahnh\u00f6fe. Das DB-Logo ist austauschbar. Im Lieferumfang sind 3 Bedruckungsvarianten enthalten: 1956 \u2013 1986, 1986 \u2013 1994, ab 1994. Ma\u00dfe: L 0,8 x B 0,1 x H 0,7 cm. Passt perfekt zu Vollmer Art. 47506 Bahnhof Altstadt und Art. 47505 Bahnhof Baden-Baden.<\/div>\n<\/div>\n","protected":false},"excerpt":{"rendered":"<p>Produktinformationen &#8222;N DB Keks mit LED-Beleuchtung wei\u00df&#8220; Doppelseitig beleuchtetes Schild mit LED, wartungsfrei. Geeignet z. B. f\u00fcr Bahnh\u00f6fe. Das DB-Logo ist austauschbar. Im Lieferumfang sind 3 Bedruckungsvarianten enthalten: 1956 \u2013 1986, 1986 \u2013 1994, ab 1994. Ma\u00dfe: L 0,8 x B 0,1 x H 0,7 cm. Passt perfekt zu Vollmer Art. 47506 Bahnhof Altstadt und&#8230;<\/p>\n","protected":false},"featured_media":6174,"comment_status":"open","ping_status":"closed","template":"","meta":[],"product_brand":[],"product_cat":[144,38,37,138],"product_tag":[292,291],"class_list":{"0":"post-6173","1":"product","2":"type-product","3":"status-publish","4":"has-post-thumbnail","6":"product_cat-bahnzubehoer-n","7":"product_cat-unkategorisiert","8":"product_cat-viessmann","9":"product_cat-viessmann-spur-n","10":"product_tag-kein-spielzeug-nicht-geeignet-fuer-kinder-unter-14-jahren","11":"product_tag-warn-und-sicherheitshinweise-modellbauartikel","13":"first","14":"instock","15":"taxable","16":"shipping-taxable","17":"purchasable","18":"product-type-simple"},"jetpack_sharing_enabled":true,"_links":{"self":[{"href":"https:\/\/www.mg-modelleisenbahnbau.de\/startseite-2\/wp-json\/wp\/v2\/product\/6173","targetHints":{"allow":["GET"]}}],"collection":[{"href":"https:\/\/www.mg-modelleisenbahnbau.de\/startseite-2\/wp-json\/wp\/v2\/product"}],"about":[{"href":"https:\/\/www.mg-modelleisenbahnbau.de\/startseite-2\/wp-json\/wp\/v2\/types\/product"}],"replies":[{"embeddable":true,"href":"https:\/\/www.mg-modelleisenbahnbau.de\/startseite-2\/wp-json\/wp\/v2\/comments?post=6173"}],"wp:featuredmedia":[{"embeddable":true,"href":"https:\/\/www.mg-modelleisenbahnbau.de\/startseite-2\/wp-json\/wp\/v2\/media\/6174"}],"wp:attachment":[{"href":"https:\/\/www.mg-modelleisenbahnbau.de\/startseite-2\/wp-json\/wp\/v2\/media?parent=6173"}],"wp:term":[{"taxonomy":"product_brand","embeddable":true,"href":"https:\/\/www.mg-modelleisenbahnbau.de\/startseite-2\/wp-json\/wp\/v2\/product_brand?post=6173"},{"taxonomy":"product_cat","embeddable":true,"href":"https:\/\/www.mg-modelleisenbahnbau.de\/startseite-2\/wp-json\/wp\/v2\/product_cat?post=6173"},{"taxonomy":"product_tag","embeddable":true,"href":"https:\/\/www.mg-modelleisenbahnbau.de\/startseite-2\/wp-json\/wp\/v2\/product_tag?post=6173"}],"curies":[{"name":"wp","href":"https:\/\/api.w.org\/{rel}","templated":true}]}}