{"id":6162,"date":"2020-06-27T17:18:27","date_gmt":"2020-06-27T15:18:27","guid":{"rendered":"http:\/\/www.mg-modelleisenbahnbau.de\/?post_type=product&#038;p=6162"},"modified":"2025-06-29T23:11:31","modified_gmt":"2025-06-29T21:11:31","slug":"5556-soundmodul-bahnuebergang","status":"publish","type":"product","link":"https:\/\/www.mg-modelleisenbahnbau.de\/startseite-2\/produkt\/5556-soundmodul-bahnuebergang\/","title":{"rendered":"5556 Soundmodul Bahn\u00fcbergang"},"content":{"rendered":"<div class=\"content--description\">\n<div class=\"content--title\">Produktinformationen &#8222;Soundmodul Bahn\u00fcbergang&#8220;<\/div>\n<div class=\"product--description\">Modellbahn mit allen Sinnen erleben: Das station\u00e4re Soundmodul erg\u00e4nzt die Szenen der \u201eBewegten Welten\u201c um die passenden Ger\u00e4usche und ist in verschiedenen Themen erh\u00e4ltlich. Das Soundmodul verf\u00fcgt \u00fcber einen internen Lautsprecher und einen Anschluss f\u00fcr einen externen Lautsprecher. Die Lautst\u00e4rke ist selbstverst\u00e4ndlich regelbar. Betriebsspannung 14 \u2013 16 V ~\/=. Passend f\u00fcr: Bahn\u00fcberg\u00e4nge Art. 5100 (H0), 5104 (H0), 5108 (H0) 5700 (TT) und 5900 (N).<\/div>\n<\/div>\n","protected":false},"excerpt":{"rendered":"<p>Produktinformationen &#8222;Soundmodul Bahn\u00fcbergang&#8220; Modellbahn mit allen Sinnen erleben: Das station\u00e4re Soundmodul erg\u00e4nzt die Szenen der \u201eBewegten Welten\u201c um die passenden Ger\u00e4usche und ist in verschiedenen Themen erh\u00e4ltlich. Das Soundmodul verf\u00fcgt \u00fcber einen internen Lautsprecher und einen Anschluss f\u00fcr einen externen Lautsprecher. Die Lautst\u00e4rke ist selbstverst\u00e4ndlich regelbar. Betriebsspannung 14 \u2013 16 V ~\/=. Passend f\u00fcr: Bahn\u00fcberg\u00e4nge&#8230;<\/p>\n","protected":false},"featured_media":6163,"comment_status":"open","ping_status":"closed","template":"","meta":[],"product_brand":[],"product_cat":[130,38,37,124],"product_tag":[292,291],"class_list":{"0":"post-6162","1":"product","2":"type-product","3":"status-publish","4":"has-post-thumbnail","6":"product_cat-bahnzubehoer-h0","7":"product_cat-unkategorisiert","8":"product_cat-viessmann","9":"product_cat-viessmann-spur-h0","10":"product_tag-kein-spielzeug-nicht-geeignet-fuer-kinder-unter-14-jahren","11":"product_tag-warn-und-sicherheitshinweise-modellbauartikel","13":"first","14":"instock","15":"taxable","16":"shipping-taxable","17":"purchasable","18":"product-type-simple"},"jetpack_sharing_enabled":true,"_links":{"self":[{"href":"https:\/\/www.mg-modelleisenbahnbau.de\/startseite-2\/wp-json\/wp\/v2\/product\/6162","targetHints":{"allow":["GET"]}}],"collection":[{"href":"https:\/\/www.mg-modelleisenbahnbau.de\/startseite-2\/wp-json\/wp\/v2\/product"}],"about":[{"href":"https:\/\/www.mg-modelleisenbahnbau.de\/startseite-2\/wp-json\/wp\/v2\/types\/product"}],"replies":[{"embeddable":true,"href":"https:\/\/www.mg-modelleisenbahnbau.de\/startseite-2\/wp-json\/wp\/v2\/comments?post=6162"}],"wp:featuredmedia":[{"embeddable":true,"href":"https:\/\/www.mg-modelleisenbahnbau.de\/startseite-2\/wp-json\/wp\/v2\/media\/6163"}],"wp:attachment":[{"href":"https:\/\/www.mg-modelleisenbahnbau.de\/startseite-2\/wp-json\/wp\/v2\/media?parent=6162"}],"wp:term":[{"taxonomy":"product_brand","embeddable":true,"href":"https:\/\/www.mg-modelleisenbahnbau.de\/startseite-2\/wp-json\/wp\/v2\/product_brand?post=6162"},{"taxonomy":"product_cat","embeddable":true,"href":"https:\/\/www.mg-modelleisenbahnbau.de\/startseite-2\/wp-json\/wp\/v2\/product_cat?post=6162"},{"taxonomy":"product_tag","embeddable":true,"href":"https:\/\/www.mg-modelleisenbahnbau.de\/startseite-2\/wp-json\/wp\/v2\/product_tag?post=6162"}],"curies":[{"name":"wp","href":"https:\/\/api.w.org\/{rel}","templated":true}]}}