{"id":6148,"date":"2020-06-27T16:45:04","date_gmt":"2020-06-27T14:45:04","guid":{"rendered":"http:\/\/www.mg-modelleisenbahnbau.de\/?post_type=product&#038;p=6148"},"modified":"2025-06-29T22:53:49","modified_gmt":"2025-06-29T20:53:49","slug":"5200-lichttransformator-16-v-52-va","status":"publish","type":"product","link":"https:\/\/www.mg-modelleisenbahnbau.de\/startseite-2\/produkt\/5200-lichttransformator-16-v-52-va\/","title":{"rendered":"5200 Lichttransformator 16 V, 52 VA"},"content":{"rendered":"<div class=\"content--description\">\n<div class=\"content--title\">Produktinformationen &#8222;Lichttransformator 16 V, 52 VA&#8220;<\/div>\n<div class=\"product--description\">Der Transformator dient zur Versorgung des Modellbahnzubeh\u00f6rs, z. B. von Leuchten, Signalen und Weichen, mit der f\u00fcr den Betrieb erforderlichen Kleinspannung. Geeignet f\u00fcr alle Modellbahnsysteme. Ein eingebauter \u00dcberlastschutz verhindert bei \u00dcberlastung und Kurzschluss Besch\u00e4digungen, indem er den Transformator rechtzeitig abschaltet. Technische Daten: Eingangsspannung 230 V ~, Ausgangsspannung 10 und 16 V ~, maximale Leistung 52 VA. Ma\u00dfe: L 13 x B 7 x H 5 cm.<\/div>\n<\/div>\n","protected":false},"excerpt":{"rendered":"<p>Produktinformationen &#8222;Lichttransformator 16 V, 52 VA&#8220; Der Transformator dient zur Versorgung des Modellbahnzubeh\u00f6rs, z. B. von Leuchten, Signalen und Weichen, mit der f\u00fcr den Betrieb erforderlichen Kleinspannung. Geeignet f\u00fcr alle Modellbahnsysteme. Ein eingebauter \u00dcberlastschutz verhindert bei \u00dcberlastung und Kurzschluss Besch\u00e4digungen, indem er den Transformator rechtzeitig abschaltet. Technische Daten: Eingangsspannung 230 V ~, Ausgangsspannung 10 und&#8230;<\/p>\n","protected":false},"featured_media":6149,"comment_status":"open","ping_status":"closed","template":"","meta":[],"product_brand":[],"product_cat":[152,38,37,148],"product_tag":[292,291],"class_list":{"0":"post-6148","1":"product","2":"type-product","3":"status-publish","4":"has-post-thumbnail","6":"product_cat-relais-und-zubehoer","7":"product_cat-unkategorisiert","8":"product_cat-viessmann","9":"product_cat-viessmann-elektronik","10":"product_tag-kein-spielzeug-nicht-geeignet-fuer-kinder-unter-14-jahren","11":"product_tag-warn-und-sicherheitshinweise-modellbauartikel","13":"first","14":"instock","15":"taxable","16":"shipping-taxable","17":"purchasable","18":"product-type-simple"},"jetpack_sharing_enabled":true,"_links":{"self":[{"href":"https:\/\/www.mg-modelleisenbahnbau.de\/startseite-2\/wp-json\/wp\/v2\/product\/6148","targetHints":{"allow":["GET"]}}],"collection":[{"href":"https:\/\/www.mg-modelleisenbahnbau.de\/startseite-2\/wp-json\/wp\/v2\/product"}],"about":[{"href":"https:\/\/www.mg-modelleisenbahnbau.de\/startseite-2\/wp-json\/wp\/v2\/types\/product"}],"replies":[{"embeddable":true,"href":"https:\/\/www.mg-modelleisenbahnbau.de\/startseite-2\/wp-json\/wp\/v2\/comments?post=6148"}],"wp:featuredmedia":[{"embeddable":true,"href":"https:\/\/www.mg-modelleisenbahnbau.de\/startseite-2\/wp-json\/wp\/v2\/media\/6149"}],"wp:attachment":[{"href":"https:\/\/www.mg-modelleisenbahnbau.de\/startseite-2\/wp-json\/wp\/v2\/media?parent=6148"}],"wp:term":[{"taxonomy":"product_brand","embeddable":true,"href":"https:\/\/www.mg-modelleisenbahnbau.de\/startseite-2\/wp-json\/wp\/v2\/product_brand?post=6148"},{"taxonomy":"product_cat","embeddable":true,"href":"https:\/\/www.mg-modelleisenbahnbau.de\/startseite-2\/wp-json\/wp\/v2\/product_cat?post=6148"},{"taxonomy":"product_tag","embeddable":true,"href":"https:\/\/www.mg-modelleisenbahnbau.de\/startseite-2\/wp-json\/wp\/v2\/product_tag?post=6148"}],"curies":[{"name":"wp","href":"https:\/\/api.w.org\/{rel}","templated":true}]}}