{"id":6142,"date":"2020-06-27T16:36:57","date_gmt":"2020-06-27T14:36:57","guid":{"rendered":"http:\/\/www.mg-modelleisenbahnbau.de\/?post_type=product&#038;p=6142"},"modified":"2025-06-29T22:26:27","modified_gmt":"2025-06-29T20:26:27","slug":"5076-h0-waggon-innenbeleuchtung-11-leds-gelb-mit-funktionsdecoder","status":"publish","type":"product","link":"https:\/\/www.mg-modelleisenbahnbau.de\/startseite-2\/produkt\/5076-h0-waggon-innenbeleuchtung-11-leds-gelb-mit-funktionsdecoder\/","title":{"rendered":"5076 H0 Waggon-Innenbeleuchtung, 11 LEDs gelb, mit Funktionsdecoder"},"content":{"rendered":"<div class=\"content--description\">\n<div class=\"content--title\">Produktinformationen &#8222;H0 Waggon-Innenbeleuchtung, 11 LEDs gelb, mit Funktionsdecoder&#8220;<\/div>\n<div class=\"product--description\">Vielfach teilbare Innenbeleuchtung mit eingebautem Multiprotokoll-Decoder (Motorola\/DCC) und 11 wartungsfreien, stromsparenden LEDs und hellem Licht. Helligkeit digital \u00fcber CVs sowie durch Potentiometer einstellbar. Geeignet f\u00fcr Waggons aller Hersteller, die f\u00fcr Beleuchtung vorgesehen sind. Befestigung der Platinen unter dem Waggondach. Durch K\u00fcrzen k\u00f6nnen die Platinen auf jede Waggonl\u00e4nge angepasst werden. Integrierter Flackerschutz f\u00fcr gleichbleibendes Licht auch bei kurzen Unterbrechungen der Spannungsversorgung, zus\u00e4tzliche St\u00fctzkondensatoren\/Powerpacks anschlie\u00dfbar. Verschiedene Licht-<br \/>\neffekte einstellbar, wie Einschaltsimulation von Leuchtstoffr\u00f6hren oder einzelne flackernde R\u00f6hren. Das Modell verf\u00fcgt \u00fcber fahrtrichtungsabh\u00e4ngige Schaltausg\u00e4nge f\u00fcr Stirn- und Schlussbeleuchtung. Ein zus\u00e4tzlicher Schaltausgang mit bis zu 150 mA Belastbarkeit rundet die Funktionalit\u00e4ten ab. Die Stromversorgung erfolgt entweder durch am Waggon vorhandene Schleifer\/Kontakts\u00e4tze oder durch unsere stromf\u00fchrenden Kupplungen Art. 5048\/5071. F\u00fcr Gleich-, Wechsel- und Digitalspannung geeignet. Anschlussm\u00f6glichkeit f\u00fcr Zugschlussbeleuchtung, z. B. Art. 5056. Aufgrund des verlustarmen Schaltreglers erw\u00e4rmt sich die Innenbeleuchtung nur wenig. Stromaufnahme ca. 20 mA. Ma\u00dfe: L 25,4 x B 0,8 cm.<\/div>\n<\/div>\n","protected":false},"excerpt":{"rendered":"<p>Produktinformationen &#8222;H0 Waggon-Innenbeleuchtung, 11 LEDs gelb, mit Funktionsdecoder&#8220; Vielfach teilbare Innenbeleuchtung mit eingebautem Multiprotokoll-Decoder (Motorola\/DCC) und 11 wartungsfreien, stromsparenden LEDs und hellem Licht. Helligkeit digital \u00fcber CVs sowie durch Potentiometer einstellbar. Geeignet f\u00fcr Waggons aller Hersteller, die f\u00fcr Beleuchtung vorgesehen sind. Befestigung der Platinen unter dem Waggondach. Durch K\u00fcrzen k\u00f6nnen die Platinen auf jede Waggonl\u00e4nge&#8230;<\/p>\n","protected":false},"featured_media":6143,"comment_status":"open","ping_status":"closed","template":"","meta":[],"product_brand":[],"product_cat":[128,152,38,37],"product_tag":[292,291],"class_list":{"0":"post-6142","1":"product","2":"type-product","3":"status-publish","4":"has-post-thumbnail","6":"product_cat-railmotion-h0","7":"product_cat-relais-und-zubehoer","8":"product_cat-unkategorisiert","9":"product_cat-viessmann","10":"product_tag-kein-spielzeug-nicht-geeignet-fuer-kinder-unter-14-jahren","11":"product_tag-warn-und-sicherheitshinweise-modellbauartikel","13":"first","14":"instock","15":"taxable","16":"shipping-taxable","17":"purchasable","18":"product-type-simple"},"jetpack_sharing_enabled":true,"_links":{"self":[{"href":"https:\/\/www.mg-modelleisenbahnbau.de\/startseite-2\/wp-json\/wp\/v2\/product\/6142","targetHints":{"allow":["GET"]}}],"collection":[{"href":"https:\/\/www.mg-modelleisenbahnbau.de\/startseite-2\/wp-json\/wp\/v2\/product"}],"about":[{"href":"https:\/\/www.mg-modelleisenbahnbau.de\/startseite-2\/wp-json\/wp\/v2\/types\/product"}],"replies":[{"embeddable":true,"href":"https:\/\/www.mg-modelleisenbahnbau.de\/startseite-2\/wp-json\/wp\/v2\/comments?post=6142"}],"wp:featuredmedia":[{"embeddable":true,"href":"https:\/\/www.mg-modelleisenbahnbau.de\/startseite-2\/wp-json\/wp\/v2\/media\/6143"}],"wp:attachment":[{"href":"https:\/\/www.mg-modelleisenbahnbau.de\/startseite-2\/wp-json\/wp\/v2\/media?parent=6142"}],"wp:term":[{"taxonomy":"product_brand","embeddable":true,"href":"https:\/\/www.mg-modelleisenbahnbau.de\/startseite-2\/wp-json\/wp\/v2\/product_brand?post=6142"},{"taxonomy":"product_cat","embeddable":true,"href":"https:\/\/www.mg-modelleisenbahnbau.de\/startseite-2\/wp-json\/wp\/v2\/product_cat?post=6142"},{"taxonomy":"product_tag","embeddable":true,"href":"https:\/\/www.mg-modelleisenbahnbau.de\/startseite-2\/wp-json\/wp\/v2\/product_tag?post=6142"}],"curies":[{"name":"wp","href":"https:\/\/api.w.org\/{rel}","templated":true}]}}