{"id":6140,"date":"2020-06-27T16:32:37","date_gmt":"2020-06-27T14:32:37","guid":{"rendered":"http:\/\/www.mg-modelleisenbahnbau.de\/?post_type=product&#038;p=6140"},"modified":"2025-06-29T22:26:26","modified_gmt":"2025-06-29T20:26:26","slug":"5074-multiprotokoll-lichtdecoder","status":"publish","type":"product","link":"https:\/\/www.mg-modelleisenbahnbau.de\/startseite-2\/produkt\/5074-multiprotokoll-lichtdecoder\/","title":{"rendered":"5074 Multiprotokoll-Lichtdecoder"},"content":{"rendered":"<div class=\"content--description\">\n<div class=\"content--title\">Produktinformationen &#8222;Multiprotokoll-Lichtdecoder&#8220;<\/div>\n<div class=\"product--description\">Vielseitig einsetzbares Lichtmodul mit zahlreichen M\u00f6glichkeiten bei einfachster Bedienung: Die Konfiguration der Funktionen kann in weitem Umfang \u00fcber DIP-Schalter (&#8222;M\u00e4useklaviere&#8220;) erfolgen. Erweiterte M\u00f6glichkeiten bieten sich \u00fcber die CV-Programmierung. 4 Gruppen mit je 8 \u00fcberlastgesch\u00fctzten Ausg\u00e4ngen k\u00f6nnen einzeln angesteuert werden oder werden zum Ansteuern von Lichtszenarien konfiguriert. Flackerfreier LED-Betrieb und eine Vielzahl an Effekten sorgen f\u00fcr eine gro\u00dfe Bandbreite an Einsatzm\u00f6glichkeiten auf Modellbahnanlagen. F\u00fcr jede der vier Ausgangsgruppen kann aus 13 Szenarien mit einer Vielzahl von darin enthaltenen Effekten gew\u00e4hlt werden. Jede Ausgangsgruppe verf\u00fcgt zudem \u00fcber 2 Steuereing\u00e4nge. Szenarien und Effekte: Hausbeleuchtung mit Zufallsbetrieb, TV-Simulator, Gewerbebeleuchtung, Betrieb von Stra\u00dfenlampen mit Einschalteffekten, zuf\u00e4lligem Flackern und Nachglimmen, Flacker- und Blinkeffekte (z. B. Lagerfeuer, Warnblinker, Andreaskreuze, Lauflicht), Sondereffekte (z. B. Gewitterblitze, Feuerwerk, Doppelblitz f\u00fcr Einsatzfahrzeuge) usw. Leistung je Lichtausgang: max. 100 mA, \u00fcberlastgesch\u00fctzt. F\u00fcr Analog- und Digitalbetrieb.<\/div>\n<div><span class=\"delivery--text delivery--text-more-is-coming\" style=\"color: #ff6600;\"><strong>Voraussichtlich verf\u00fcgbar ab (ohne Gew\u00e4hr): 31. August 2020<\/strong> <\/span><\/div>\n<\/div>\n","protected":false},"excerpt":{"rendered":"<p>Produktinformationen &#8222;Multiprotokoll-Lichtdecoder&#8220; Vielseitig einsetzbares Lichtmodul mit zahlreichen M\u00f6glichkeiten bei einfachster Bedienung: Die Konfiguration der Funktionen kann in weitem Umfang \u00fcber DIP-Schalter (&#8222;M\u00e4useklaviere&#8220;) erfolgen. Erweiterte M\u00f6glichkeiten bieten sich \u00fcber die CV-Programmierung. 4 Gruppen mit je 8 \u00fcberlastgesch\u00fctzten Ausg\u00e4ngen k\u00f6nnen einzeln angesteuert werden oder werden zum Ansteuern von Lichtszenarien konfiguriert. Flackerfreier LED-Betrieb und eine Vielzahl an Effekten&#8230;<\/p>\n","protected":false},"featured_media":6141,"comment_status":"open","ping_status":"closed","template":"","meta":[],"product_brand":[],"product_cat":[38,37,148],"product_tag":[292,291],"class_list":{"0":"post-6140","1":"product","2":"type-product","3":"status-publish","4":"has-post-thumbnail","6":"product_cat-unkategorisiert","7":"product_cat-viessmann","8":"product_cat-viessmann-elektronik","9":"product_tag-kein-spielzeug-nicht-geeignet-fuer-kinder-unter-14-jahren","10":"product_tag-warn-und-sicherheitshinweise-modellbauartikel","12":"first","13":"instock","14":"taxable","15":"shipping-taxable","16":"purchasable","17":"product-type-simple"},"jetpack_sharing_enabled":true,"_links":{"self":[{"href":"https:\/\/www.mg-modelleisenbahnbau.de\/startseite-2\/wp-json\/wp\/v2\/product\/6140","targetHints":{"allow":["GET"]}}],"collection":[{"href":"https:\/\/www.mg-modelleisenbahnbau.de\/startseite-2\/wp-json\/wp\/v2\/product"}],"about":[{"href":"https:\/\/www.mg-modelleisenbahnbau.de\/startseite-2\/wp-json\/wp\/v2\/types\/product"}],"replies":[{"embeddable":true,"href":"https:\/\/www.mg-modelleisenbahnbau.de\/startseite-2\/wp-json\/wp\/v2\/comments?post=6140"}],"wp:featuredmedia":[{"embeddable":true,"href":"https:\/\/www.mg-modelleisenbahnbau.de\/startseite-2\/wp-json\/wp\/v2\/media\/6141"}],"wp:attachment":[{"href":"https:\/\/www.mg-modelleisenbahnbau.de\/startseite-2\/wp-json\/wp\/v2\/media?parent=6140"}],"wp:term":[{"taxonomy":"product_brand","embeddable":true,"href":"https:\/\/www.mg-modelleisenbahnbau.de\/startseite-2\/wp-json\/wp\/v2\/product_brand?post=6140"},{"taxonomy":"product_cat","embeddable":true,"href":"https:\/\/www.mg-modelleisenbahnbau.de\/startseite-2\/wp-json\/wp\/v2\/product_cat?post=6140"},{"taxonomy":"product_tag","embeddable":true,"href":"https:\/\/www.mg-modelleisenbahnbau.de\/startseite-2\/wp-json\/wp\/v2\/product_tag?post=6140"}],"curies":[{"name":"wp","href":"https:\/\/api.w.org\/{rel}","templated":true}]}}