{"id":6136,"date":"2020-06-27T16:24:07","date_gmt":"2020-06-27T14:24:07","guid":{"rendered":"http:\/\/www.mg-modelleisenbahnbau.de\/?post_type=product&#038;p=6136"},"modified":"2025-06-29T22:26:22","modified_gmt":"2025-06-29T20:26:22","slug":"5062-h0-blinklicht-ueberwachungssignal-modern","status":"publish","type":"product","link":"https:\/\/www.mg-modelleisenbahnbau.de\/startseite-2\/produkt\/5062-h0-blinklicht-ueberwachungssignal-modern\/","title":{"rendered":"5062 H0 Blinklicht-\u00dcberwachungssignal, modern"},"content":{"rendered":"<div class=\"content--description\">\n<div class=\"content--title\">Produktinformationen &#8222;H0 Blinklicht-\u00dcberwachungssignal, modern&#8220;<\/div>\n<div class=\"product--description\">F\u00fcr Bahn\u00fcberg\u00e4nge mit Blinklicht. Mit filigranem Messingmast in original\u00adgetreuer Lackierung und Patentsteckfu\u00df f\u00fcr einfache Montage. Zum Anschluss an das Blinkger\u00e4t Art. 5065. Mit einer LED, wartungsfrei. Signalbild B\u00fc1. H\u00f6he: 5,6 cm.<\/div>\n<\/div>\n","protected":false},"excerpt":{"rendered":"<p>Produktinformationen &#8222;H0 Blinklicht-\u00dcberwachungssignal, modern&#8220; F\u00fcr Bahn\u00fcberg\u00e4nge mit Blinklicht. Mit filigranem Messingmast in original\u00adgetreuer Lackierung und Patentsteckfu\u00df f\u00fcr einfache Montage. Zum Anschluss an das Blinkger\u00e4t Art. 5065. Mit einer LED, wartungsfrei. Signalbild B\u00fc1. H\u00f6he: 5,6 cm.<\/p>\n","protected":false},"featured_media":6137,"comment_status":"open","ping_status":"closed","template":"","meta":[],"product_brand":[],"product_cat":[126,38,37,124],"product_tag":[292,291],"class_list":{"0":"post-6136","1":"product","2":"type-product","3":"status-publish","4":"has-post-thumbnail","6":"product_cat-lichtsignale-h0","7":"product_cat-unkategorisiert","8":"product_cat-viessmann","9":"product_cat-viessmann-spur-h0","10":"product_tag-kein-spielzeug-nicht-geeignet-fuer-kinder-unter-14-jahren","11":"product_tag-warn-und-sicherheitshinweise-modellbauartikel","13":"first","14":"instock","15":"taxable","16":"shipping-taxable","17":"purchasable","18":"product-type-simple"},"jetpack_sharing_enabled":true,"_links":{"self":[{"href":"https:\/\/www.mg-modelleisenbahnbau.de\/startseite-2\/wp-json\/wp\/v2\/product\/6136","targetHints":{"allow":["GET"]}}],"collection":[{"href":"https:\/\/www.mg-modelleisenbahnbau.de\/startseite-2\/wp-json\/wp\/v2\/product"}],"about":[{"href":"https:\/\/www.mg-modelleisenbahnbau.de\/startseite-2\/wp-json\/wp\/v2\/types\/product"}],"replies":[{"embeddable":true,"href":"https:\/\/www.mg-modelleisenbahnbau.de\/startseite-2\/wp-json\/wp\/v2\/comments?post=6136"}],"wp:featuredmedia":[{"embeddable":true,"href":"https:\/\/www.mg-modelleisenbahnbau.de\/startseite-2\/wp-json\/wp\/v2\/media\/6137"}],"wp:attachment":[{"href":"https:\/\/www.mg-modelleisenbahnbau.de\/startseite-2\/wp-json\/wp\/v2\/media?parent=6136"}],"wp:term":[{"taxonomy":"product_brand","embeddable":true,"href":"https:\/\/www.mg-modelleisenbahnbau.de\/startseite-2\/wp-json\/wp\/v2\/product_brand?post=6136"},{"taxonomy":"product_cat","embeddable":true,"href":"https:\/\/www.mg-modelleisenbahnbau.de\/startseite-2\/wp-json\/wp\/v2\/product_cat?post=6136"},{"taxonomy":"product_tag","embeddable":true,"href":"https:\/\/www.mg-modelleisenbahnbau.de\/startseite-2\/wp-json\/wp\/v2\/product_tag?post=6136"}],"curies":[{"name":"wp","href":"https:\/\/api.w.org\/{rel}","templated":true}]}}