{"id":6132,"date":"2020-06-27T16:18:04","date_gmt":"2020-06-27T14:18:04","guid":{"rendered":"http:\/\/www.mg-modelleisenbahnbau.de\/?post_type=product&#038;p=6132"},"modified":"2025-06-29T22:14:49","modified_gmt":"2025-06-29T20:14:49","slug":"5042-n-vierfach-blinkelektronik","status":"publish","type":"product","link":"https:\/\/www.mg-modelleisenbahnbau.de\/startseite-2\/produkt\/5042-n-vierfach-blinkelektronik\/","title":{"rendered":"5042 N Vierfach-Blinkelektronik"},"content":{"rendered":"<div class=\"content--description\">\n<div class=\"content--title\">Produktinformationen &#8222;N Vierfach-Blinkelektronik&#8220;<\/div>\n<div class=\"product--description\">Diese Blinkelektronik ist geeignet, um Modellfahrzeuge mit sehr realistisch wirkendem Blinklicht auszustatten. Die spezielle Blinkschaltung wird unter der Anlage montiert und erzeugt den t\u00e4uschend echten Eindruck von rotierendem Rundumlicht. Betrieb nur mit Wechselspannung zul\u00e4ssig.Alle 4 anschlie\u00dfbaren Gl\u00fchlampen blinken unabh\u00e4ngig voneinander. Ersatzgl\u00fchlampen Art. 3506 (2x blau), Art. 3507 (2x gelb), Art. 3508 (2x rot) und Art. 3509 (2x klar).<\/div>\n<\/div>\n","protected":false},"excerpt":{"rendered":"<p>Produktinformationen &#8222;N Vierfach-Blinkelektronik&#8220; Diese Blinkelektronik ist geeignet, um Modellfahrzeuge mit sehr realistisch wirkendem Blinklicht auszustatten. Die spezielle Blinkschaltung wird unter der Anlage montiert und erzeugt den t\u00e4uschend echten Eindruck von rotierendem Rundumlicht. Betrieb nur mit Wechselspannung zul\u00e4ssig.Alle 4 anschlie\u00dfbaren Gl\u00fchlampen blinken unabh\u00e4ngig voneinander. Ersatzgl\u00fchlampen Art. 3506 (2x blau), Art. 3507 (2x gelb), Art. 3508 (2x&#8230;<\/p>\n","protected":false},"featured_media":6133,"comment_status":"open","ping_status":"closed","template":"","meta":[],"product_brand":[],"product_cat":[144,143,38,37,138],"product_tag":[292,291],"class_list":{"0":"post-6132","1":"product","2":"type-product","3":"status-publish","4":"has-post-thumbnail","6":"product_cat-bahnzubehoer-n","7":"product_cat-emotion-n","8":"product_cat-unkategorisiert","9":"product_cat-viessmann","10":"product_cat-viessmann-spur-n","11":"product_tag-kein-spielzeug-nicht-geeignet-fuer-kinder-unter-14-jahren","12":"product_tag-warn-und-sicherheitshinweise-modellbauartikel","14":"first","15":"instock","16":"taxable","17":"shipping-taxable","18":"purchasable","19":"product-type-simple"},"jetpack_sharing_enabled":true,"_links":{"self":[{"href":"https:\/\/www.mg-modelleisenbahnbau.de\/startseite-2\/wp-json\/wp\/v2\/product\/6132","targetHints":{"allow":["GET"]}}],"collection":[{"href":"https:\/\/www.mg-modelleisenbahnbau.de\/startseite-2\/wp-json\/wp\/v2\/product"}],"about":[{"href":"https:\/\/www.mg-modelleisenbahnbau.de\/startseite-2\/wp-json\/wp\/v2\/types\/product"}],"replies":[{"embeddable":true,"href":"https:\/\/www.mg-modelleisenbahnbau.de\/startseite-2\/wp-json\/wp\/v2\/comments?post=6132"}],"wp:featuredmedia":[{"embeddable":true,"href":"https:\/\/www.mg-modelleisenbahnbau.de\/startseite-2\/wp-json\/wp\/v2\/media\/6133"}],"wp:attachment":[{"href":"https:\/\/www.mg-modelleisenbahnbau.de\/startseite-2\/wp-json\/wp\/v2\/media?parent=6132"}],"wp:term":[{"taxonomy":"product_brand","embeddable":true,"href":"https:\/\/www.mg-modelleisenbahnbau.de\/startseite-2\/wp-json\/wp\/v2\/product_brand?post=6132"},{"taxonomy":"product_cat","embeddable":true,"href":"https:\/\/www.mg-modelleisenbahnbau.de\/startseite-2\/wp-json\/wp\/v2\/product_cat?post=6132"},{"taxonomy":"product_tag","embeddable":true,"href":"https:\/\/www.mg-modelleisenbahnbau.de\/startseite-2\/wp-json\/wp\/v2\/product_tag?post=6132"}],"curies":[{"name":"wp","href":"https:\/\/api.w.org\/{rel}","templated":true}]}}