{"id":6120,"date":"2020-06-27T15:57:38","date_gmt":"2020-06-27T13:57:38","guid":{"rendered":"http:\/\/www.mg-modelleisenbahnbau.de\/?post_type=product&#038;p=6120"},"modified":"2025-06-29T22:14:46","modified_gmt":"2025-06-29T20:14:46","slug":"5021-brandflackern","status":"publish","type":"product","link":"https:\/\/www.mg-modelleisenbahnbau.de\/startseite-2\/produkt\/5021-brandflackern\/","title":{"rendered":"5021 Brandflackern"},"content":{"rendered":"<div class=\"content--description\">\n<div class=\"content--title\">Produktinformationen &#8222;Brandflackern&#8220;<\/div>\n<div class=\"product--description\">Das Brandflackern erzeugt den sehr realistischen Effekt eines lodernden Feuers. Bis zu 7 rot und gelb leuchtende Miniaturgl\u00fchlampen flackern jeweils in unterschiedlichem Rhythmus, so dass der t\u00e4uschend echte Eindruck von brennendem Feuer entsteht. Die Flackerintensit\u00e4t kann stufenlos dem pers\u00f6nlichen Geschmack und dem Anwendungsfall entsprechend eingestellt werden. Folgende Anwendungen bieten sich an: Brennende H\u00e4user, Lagerfeuer (im Wald, am See usw.), \u00d6fen (Schmelz\u00f6fen in Industrieanlagen oder sogar f\u00fcr der Backofen im weihnachtlichen Hexenhaus). Im Lieferumfang enthalten sind 2 gelbe und eine rote Gl\u00fchlampe. Ein Nachr\u00fcsten auf bis zu 7 flackernde Lampen ist durch die Gl\u00fchbirnen Art. 3501 (gelb), 3502 (rot) und 3503 (klar) m\u00f6glich. Passend zum Lagerfeuer Art. 5022.<\/div>\n<\/div>\n","protected":false},"excerpt":{"rendered":"<p>Produktinformationen &#8222;Brandflackern&#8220; Das Brandflackern erzeugt den sehr realistischen Effekt eines lodernden Feuers. Bis zu 7 rot und gelb leuchtende Miniaturgl\u00fchlampen flackern jeweils in unterschiedlichem Rhythmus, so dass der t\u00e4uschend echte Eindruck von brennendem Feuer entsteht. Die Flackerintensit\u00e4t kann stufenlos dem pers\u00f6nlichen Geschmack und dem Anwendungsfall entsprechend eingestellt werden. Folgende Anwendungen bieten sich an: Brennende H\u00e4user,&#8230;<\/p>\n","protected":false},"featured_media":6121,"comment_status":"open","ping_status":"closed","template":"","meta":[],"product_brand":[],"product_cat":[129,38,37,124],"product_tag":[292,291],"class_list":{"0":"post-6120","1":"product","2":"type-product","3":"status-publish","4":"has-post-thumbnail","6":"product_cat-emotion-h0","7":"product_cat-unkategorisiert","8":"product_cat-viessmann","9":"product_cat-viessmann-spur-h0","10":"product_tag-kein-spielzeug-nicht-geeignet-fuer-kinder-unter-14-jahren","11":"product_tag-warn-und-sicherheitshinweise-modellbauartikel","13":"first","14":"instock","15":"taxable","16":"shipping-taxable","17":"purchasable","18":"product-type-simple"},"jetpack_sharing_enabled":true,"_links":{"self":[{"href":"https:\/\/www.mg-modelleisenbahnbau.de\/startseite-2\/wp-json\/wp\/v2\/product\/6120","targetHints":{"allow":["GET"]}}],"collection":[{"href":"https:\/\/www.mg-modelleisenbahnbau.de\/startseite-2\/wp-json\/wp\/v2\/product"}],"about":[{"href":"https:\/\/www.mg-modelleisenbahnbau.de\/startseite-2\/wp-json\/wp\/v2\/types\/product"}],"replies":[{"embeddable":true,"href":"https:\/\/www.mg-modelleisenbahnbau.de\/startseite-2\/wp-json\/wp\/v2\/comments?post=6120"}],"wp:featuredmedia":[{"embeddable":true,"href":"https:\/\/www.mg-modelleisenbahnbau.de\/startseite-2\/wp-json\/wp\/v2\/media\/6121"}],"wp:attachment":[{"href":"https:\/\/www.mg-modelleisenbahnbau.de\/startseite-2\/wp-json\/wp\/v2\/media?parent=6120"}],"wp:term":[{"taxonomy":"product_brand","embeddable":true,"href":"https:\/\/www.mg-modelleisenbahnbau.de\/startseite-2\/wp-json\/wp\/v2\/product_brand?post=6120"},{"taxonomy":"product_cat","embeddable":true,"href":"https:\/\/www.mg-modelleisenbahnbau.de\/startseite-2\/wp-json\/wp\/v2\/product_cat?post=6120"},{"taxonomy":"product_tag","embeddable":true,"href":"https:\/\/www.mg-modelleisenbahnbau.de\/startseite-2\/wp-json\/wp\/v2\/product_tag?post=6120"}],"curies":[{"name":"wp","href":"https:\/\/api.w.org\/{rel}","templated":true}]}}