{"id":6118,"date":"2020-06-27T15:53:44","date_gmt":"2020-06-27T13:53:44","guid":{"rendered":"http:\/\/www.mg-modelleisenbahnbau.de\/?post_type=product&#038;p=6118"},"modified":"2025-06-29T22:14:46","modified_gmt":"2025-06-29T20:14:46","slug":"5020-elektronisches-schweisslicht","status":"publish","type":"product","link":"https:\/\/www.mg-modelleisenbahnbau.de\/startseite-2\/produkt\/5020-elektronisches-schweisslicht\/","title":{"rendered":"5020 Elektronisches Schwei\u00dflicht"},"content":{"rendered":"<div class=\"content--description\">\n<div class=\"content--title\">Produktinformationen &#8222;Elektronisches Schwei\u00dflicht&#8220;<\/div>\n<div class=\"product--description\">Dieses Modul bringt die beiliegende blaue Gl\u00fchlampe so zum Flackern, dass der t\u00e4uschend echte Eindruck von flackerndem Schwei\u00dflicht entsteht. F\u00fcr einen besonders realistischen Effekt sorgt der eingebaute Intervallschalter, der das Flackern automatisch durch Pausen unterbricht. Das Schwei\u00dflicht ist f\u00fcr alle Spurgr\u00f6\u00dfen geeignet. Ideal zum Einbau z. B. in Betriebswerke, Werkst\u00e4tten und Fabrikhallen. Ersatzgl\u00fchlampe Art. 3500.<\/div>\n<\/div>\n","protected":false},"excerpt":{"rendered":"<p>Produktinformationen &#8222;Elektronisches Schwei\u00dflicht&#8220; Dieses Modul bringt die beiliegende blaue Gl\u00fchlampe so zum Flackern, dass der t\u00e4uschend echte Eindruck von flackerndem Schwei\u00dflicht entsteht. F\u00fcr einen besonders realistischen Effekt sorgt der eingebaute Intervallschalter, der das Flackern automatisch durch Pausen unterbricht. Das Schwei\u00dflicht ist f\u00fcr alle Spurgr\u00f6\u00dfen geeignet. Ideal zum Einbau z. B. in Betriebswerke, Werkst\u00e4tten und Fabrikhallen&#8230;.<\/p>\n","protected":false},"featured_media":6119,"comment_status":"open","ping_status":"closed","template":"","meta":[],"product_brand":[],"product_cat":[129,38,37,124],"product_tag":[292,291],"class_list":{"0":"post-6118","1":"product","2":"type-product","3":"status-publish","4":"has-post-thumbnail","6":"product_cat-emotion-h0","7":"product_cat-unkategorisiert","8":"product_cat-viessmann","9":"product_cat-viessmann-spur-h0","10":"product_tag-kein-spielzeug-nicht-geeignet-fuer-kinder-unter-14-jahren","11":"product_tag-warn-und-sicherheitshinweise-modellbauartikel","13":"first","14":"instock","15":"taxable","16":"shipping-taxable","17":"purchasable","18":"product-type-simple"},"jetpack_sharing_enabled":true,"_links":{"self":[{"href":"https:\/\/www.mg-modelleisenbahnbau.de\/startseite-2\/wp-json\/wp\/v2\/product\/6118","targetHints":{"allow":["GET"]}}],"collection":[{"href":"https:\/\/www.mg-modelleisenbahnbau.de\/startseite-2\/wp-json\/wp\/v2\/product"}],"about":[{"href":"https:\/\/www.mg-modelleisenbahnbau.de\/startseite-2\/wp-json\/wp\/v2\/types\/product"}],"replies":[{"embeddable":true,"href":"https:\/\/www.mg-modelleisenbahnbau.de\/startseite-2\/wp-json\/wp\/v2\/comments?post=6118"}],"wp:featuredmedia":[{"embeddable":true,"href":"https:\/\/www.mg-modelleisenbahnbau.de\/startseite-2\/wp-json\/wp\/v2\/media\/6119"}],"wp:attachment":[{"href":"https:\/\/www.mg-modelleisenbahnbau.de\/startseite-2\/wp-json\/wp\/v2\/media?parent=6118"}],"wp:term":[{"taxonomy":"product_brand","embeddable":true,"href":"https:\/\/www.mg-modelleisenbahnbau.de\/startseite-2\/wp-json\/wp\/v2\/product_brand?post=6118"},{"taxonomy":"product_cat","embeddable":true,"href":"https:\/\/www.mg-modelleisenbahnbau.de\/startseite-2\/wp-json\/wp\/v2\/product_cat?post=6118"},{"taxonomy":"product_tag","embeddable":true,"href":"https:\/\/www.mg-modelleisenbahnbau.de\/startseite-2\/wp-json\/wp\/v2\/product_tag?post=6118"}],"curies":[{"name":"wp","href":"https:\/\/api.w.org\/{rel}","templated":true}]}}