{"id":6116,"date":"2020-06-27T14:43:54","date_gmt":"2020-06-27T12:43:54","guid":{"rendered":"http:\/\/www.mg-modelleisenbahnbau.de\/?post_type=product&#038;p=6116"},"modified":"2025-06-29T21:52:58","modified_gmt":"2025-06-29T19:52:58","slug":"4702-h0-digital-form-hauptsignal-mit-2-ungekoppelten-fluegeln","status":"publish","type":"product","link":"https:\/\/www.mg-modelleisenbahnbau.de\/startseite-2\/produkt\/4702-h0-digital-form-hauptsignal-mit-2-ungekoppelten-fluegeln\/","title":{"rendered":"4702 H0 Digital Form-Hauptsignal mit 2 ungekoppelten Fl\u00fcgeln"},"content":{"rendered":"<div class=\"content--description\">\n<div class=\"content--title\">Produktinformationen &#8222;H0 Digital Form-Hauptsignal mit 2 ungekoppelten Fl\u00fcgeln&#8220;<\/div>\n<div class=\"product--description\">Mit filigranem Gittermast aus Messing in originalgetreuer Lackierung. Bedruckte Signalfl\u00fcgel. Integrierter Multiprotokoll-Digitaldecoder f\u00fcr DCC und MM sorgt f\u00fcr eine besonders vorbildgerechte Fl\u00fcgelbewegung. Sogar das Nachwippen der Signalfl\u00fcgel kann individuell eingestellt werden. Im Auslieferungszustand ist das Nachwippen bereits eingestellt. Der kompakte Oberflurantrieb ist, inklusive Decoder, am Mastfu\u00df des Signals untergebracht. Wartungsfrei dank LED-Beleuchtung. F\u00fcr Analog- und Digitalbetrieb geeignet. Konfigurierbare Schaltausg\u00e4nge k\u00f6nnen Relais schalten, z. B. f\u00fcr Zugbeeinflussung. R\u00fcckmeldung via RailCom. Mit 2 leistungsstarken und ger\u00e4uscharmen motorischen Antrieben. Signalbilder Hp0, Hp1 und Hp2. H\u00f6he: 10,3 cm. Antrieb: L 3,5 x B 1,6 x H 0,45 cm.<\/div>\n<\/div>\n","protected":false},"excerpt":{"rendered":"<p>Produktinformationen &#8222;H0 Digital Form-Hauptsignal mit 2 ungekoppelten Fl\u00fcgeln&#8220; Mit filigranem Gittermast aus Messing in originalgetreuer Lackierung. Bedruckte Signalfl\u00fcgel. Integrierter Multiprotokoll-Digitaldecoder f\u00fcr DCC und MM sorgt f\u00fcr eine besonders vorbildgerechte Fl\u00fcgelbewegung. Sogar das Nachwippen der Signalfl\u00fcgel kann individuell eingestellt werden. Im Auslieferungszustand ist das Nachwippen bereits eingestellt. Der kompakte Oberflurantrieb ist, inklusive Decoder, am Mastfu\u00df des&#8230;<\/p>\n","protected":false},"featured_media":6117,"comment_status":"open","ping_status":"closed","template":"","meta":[],"product_brand":[],"product_cat":[125,38,37,124],"product_tag":[292,291],"class_list":{"0":"post-6116","1":"product","2":"type-product","3":"status-publish","4":"has-post-thumbnail","6":"product_cat-formsignale-h0","7":"product_cat-unkategorisiert","8":"product_cat-viessmann","9":"product_cat-viessmann-spur-h0","10":"product_tag-kein-spielzeug-nicht-geeignet-fuer-kinder-unter-14-jahren","11":"product_tag-warn-und-sicherheitshinweise-modellbauartikel","13":"first","14":"instock","15":"taxable","16":"shipping-taxable","17":"purchasable","18":"product-type-simple"},"jetpack_sharing_enabled":true,"_links":{"self":[{"href":"https:\/\/www.mg-modelleisenbahnbau.de\/startseite-2\/wp-json\/wp\/v2\/product\/6116","targetHints":{"allow":["GET"]}}],"collection":[{"href":"https:\/\/www.mg-modelleisenbahnbau.de\/startseite-2\/wp-json\/wp\/v2\/product"}],"about":[{"href":"https:\/\/www.mg-modelleisenbahnbau.de\/startseite-2\/wp-json\/wp\/v2\/types\/product"}],"replies":[{"embeddable":true,"href":"https:\/\/www.mg-modelleisenbahnbau.de\/startseite-2\/wp-json\/wp\/v2\/comments?post=6116"}],"wp:featuredmedia":[{"embeddable":true,"href":"https:\/\/www.mg-modelleisenbahnbau.de\/startseite-2\/wp-json\/wp\/v2\/media\/6117"}],"wp:attachment":[{"href":"https:\/\/www.mg-modelleisenbahnbau.de\/startseite-2\/wp-json\/wp\/v2\/media?parent=6116"}],"wp:term":[{"taxonomy":"product_brand","embeddable":true,"href":"https:\/\/www.mg-modelleisenbahnbau.de\/startseite-2\/wp-json\/wp\/v2\/product_brand?post=6116"},{"taxonomy":"product_cat","embeddable":true,"href":"https:\/\/www.mg-modelleisenbahnbau.de\/startseite-2\/wp-json\/wp\/v2\/product_cat?post=6116"},{"taxonomy":"product_tag","embeddable":true,"href":"https:\/\/www.mg-modelleisenbahnbau.de\/startseite-2\/wp-json\/wp\/v2\/product_tag?post=6116"}],"curies":[{"name":"wp","href":"https:\/\/api.w.org\/{rel}","templated":true}]}}