{"id":6081,"date":"2020-06-27T12:45:16","date_gmt":"2020-06-27T10:45:16","guid":{"rendered":"http:\/\/www.mg-modelleisenbahnbau.de\/?post_type=product&#038;p=6081"},"modified":"2025-06-29T18:00:21","modified_gmt":"2025-06-29T16:00:21","slug":"4021-h0-hobby-licht-blocksignal","status":"publish","type":"product","link":"https:\/\/www.mg-modelleisenbahnbau.de\/startseite-2\/produkt\/4021-h0-hobby-licht-blocksignal\/","title":{"rendered":"4021 H0 Hobby-Licht-Blocksignal"},"content":{"rendered":"<div class=\"content--description\">\n<div class=\"content--title\">Produktinformationen &#8222;H0 Hobby-Licht-Blocksignal&#8220;<\/div>\n<div class=\"product--description\">Signal der Einheitsbauart mit filigranem Messingmast in originalgetreuer Lackierung, wartungsfrei, mit Elektronik und Zugbeeinflussung. Mit 2 LEDs, Signalbilder Hp0 und Hp1. H\u00f6he: 8,6 cm.<\/div>\n<div><span class=\"delivery--text delivery--text-more-is-coming\" style=\"color: #ff6600;\"><strong>Voraussichtlich verf\u00fcgbar ab (ohne Gew\u00e4hr): 31. Juli 2020<\/strong> <\/span><\/div>\n<\/div>\n","protected":false},"excerpt":{"rendered":"<p>Produktinformationen &#8222;H0 Hobby-Licht-Blocksignal&#8220; Signal der Einheitsbauart mit filigranem Messingmast in originalgetreuer Lackierung, wartungsfrei, mit Elektronik und Zugbeeinflussung. Mit 2 LEDs, Signalbilder Hp0 und Hp1. H\u00f6he: 8,6 cm. Voraussichtlich verf\u00fcgbar ab (ohne Gew\u00e4hr): 31. Juli 2020<\/p>\n","protected":false},"featured_media":6082,"comment_status":"open","ping_status":"closed","template":"","meta":[],"product_brand":[],"product_cat":[126,38,37,124],"product_tag":[292,291],"class_list":{"0":"post-6081","1":"product","2":"type-product","3":"status-publish","4":"has-post-thumbnail","6":"product_cat-lichtsignale-h0","7":"product_cat-unkategorisiert","8":"product_cat-viessmann","9":"product_cat-viessmann-spur-h0","10":"product_tag-kein-spielzeug-nicht-geeignet-fuer-kinder-unter-14-jahren","11":"product_tag-warn-und-sicherheitshinweise-modellbauartikel","13":"first","14":"instock","15":"taxable","16":"shipping-taxable","17":"purchasable","18":"product-type-simple"},"jetpack_sharing_enabled":true,"_links":{"self":[{"href":"https:\/\/www.mg-modelleisenbahnbau.de\/startseite-2\/wp-json\/wp\/v2\/product\/6081","targetHints":{"allow":["GET"]}}],"collection":[{"href":"https:\/\/www.mg-modelleisenbahnbau.de\/startseite-2\/wp-json\/wp\/v2\/product"}],"about":[{"href":"https:\/\/www.mg-modelleisenbahnbau.de\/startseite-2\/wp-json\/wp\/v2\/types\/product"}],"replies":[{"embeddable":true,"href":"https:\/\/www.mg-modelleisenbahnbau.de\/startseite-2\/wp-json\/wp\/v2\/comments?post=6081"}],"wp:featuredmedia":[{"embeddable":true,"href":"https:\/\/www.mg-modelleisenbahnbau.de\/startseite-2\/wp-json\/wp\/v2\/media\/6082"}],"wp:attachment":[{"href":"https:\/\/www.mg-modelleisenbahnbau.de\/startseite-2\/wp-json\/wp\/v2\/media?parent=6081"}],"wp:term":[{"taxonomy":"product_brand","embeddable":true,"href":"https:\/\/www.mg-modelleisenbahnbau.de\/startseite-2\/wp-json\/wp\/v2\/product_brand?post=6081"},{"taxonomy":"product_cat","embeddable":true,"href":"https:\/\/www.mg-modelleisenbahnbau.de\/startseite-2\/wp-json\/wp\/v2\/product_cat?post=6081"},{"taxonomy":"product_tag","embeddable":true,"href":"https:\/\/www.mg-modelleisenbahnbau.de\/startseite-2\/wp-json\/wp\/v2\/product_tag?post=6081"}],"curies":[{"name":"wp","href":"https:\/\/api.w.org\/{rel}","templated":true}]}}