{"id":6079,"date":"2020-06-27T12:41:44","date_gmt":"2020-06-27T10:41:44","guid":{"rendered":"http:\/\/www.mg-modelleisenbahnbau.de\/?post_type=product&#038;p=6079"},"modified":"2025-03-06T18:07:11","modified_gmt":"2025-03-06T17:07:11","slug":"2670-h0-unimat-09-4x4-4s-e%c2%b3-schienenstopfmaschine-p-t-funktionsmodell-fuer-zweileitersysteme","status":"publish","type":"product","link":"https:\/\/www.mg-modelleisenbahnbau.de\/startseite-2\/produkt\/2670-h0-unimat-09-4x4-4s-e%c2%b3-schienenstopfmaschine-p-t-funktionsmodell-fuer-zweileitersysteme\/","title":{"rendered":"2670 H0 Unimat 09-4&#215;4\/4S E\u00b3 Schienenstopfmaschine, P &#038; T, Funktionsmodell f\u00fcr Zweileitersysteme"},"content":{"rendered":"<div class=\"content--description\">\n<div class=\"content--title\">Produktinformationen &#8222;H0 Unimat 09-4&#215;4\/4S E\u00b3 Schienenstopfmaschine, P &amp; T, Funktionsmodell f\u00fcr Zweileitersysteme&#8220;<\/div>\n<div class=\"product--description\">Diese neu entwickelte Schotteraufbereitungsmaschine von Plasser &amp; Theurer verf\u00fcgt \u00fcber zwei Antriebsarten &#8211; elektrisch und diesel-elektrisch (Hybrid)<br \/>\n&#8211; \u00fcber einen 600 kW Dieselmotor zur Stromerzeugung. Die Fahrmotore und die Hydraulik werden immer elektrisch angetrieben. Der elektrische Antrieb<br \/>\nerm\u00f6glicht einen wartungsg\u00fcnstigen sowie l\u00e4rm- und emissionsarmen Betrieb (CO2-reduziert).<\/p>\n<p>Das zukunftsweisende Design folgt im Wesentlichen der Funktion sowie der Arbeitssicherheit. Das Modell ist dem Vorbild in Design und Funktion weitestgehend nachgebildet.<\/p>\n<p>Innovation von Viessmann:<br \/>\nBetrieb wahlweise im Fahr- oder im Arbeitsmodus bei Vorw\u00e4rtsfahrt bei ca. 3 km\/h mit vertikal und horizontal bewegter Stopfeinheit. Pantograph motorisch<br \/>\nbewegt, diverse Lichtfunktionen. Digitaldecoder mit Originalsound f\u00fcr Elektro- bzw. Dieselbetrieb f\u00fcr DCC, MM und Analogbetrieb DC, Rail-<br \/>\nCom-f\u00e4hig. Exzellent synchronisierte Stopfeinheit mit den Fahrmotoren und dem Sound. Hochwertiges zweiteiliges Modell mit Zinkdruckguss-Chassis<br \/>\nund zwei synchronisierten Antriebsmotoren, die f\u00fcr kraftvollen und feinf\u00fchligen Fahrbetrieb sorgen, unterst\u00fctzt durch integrierte Stromspeicher.<br \/>\nMit Kupplungssch\u00e4chten nach NEM 362 und beiliegender Systemkupplung.<\/p>\n<p>Ma\u00dfe: L\u00fcP 39,3 x B 3,9 x H (ohne\/mit Pantograph) 5,1\/7,6 cm.<\/p>\n<p>Funktionsumfang im Analogbetrieb:<br \/>\n&#8211; Fahrmodus vorw\u00e4rts\/r\u00fcckw\u00e4rts<br \/>\n&#8211; Schaltbare Funktionen: Arbeitsmodus anw\u00e4hlbar mit voll funktionsf\u00e4higer Stopfeinheit, mit den Fahrmotoren und dem Sound synchronisiert, inklusive Warnleuchten und Arbeitslichtern<br \/>\n&#8211; Sound aktiv<br \/>\n&#8211; Licht aktiv (konfigurierbar \u00fcber CVs)<\/p>\n<p>Funktionsumfang im Digitalbetrieb:<br \/>\n&#8211; Fahrmodus vorw\u00e4rts\/r\u00fcckw\u00e4rts<br \/>\n&#8211; Schaltbare Funktionen: Arbeitsmodus mit voll funktionsf\u00e4higer Stopfeinheit, mit den Fahrmotoren und dem Sound synchronisiert (Schlitten nach vorn bewegen, Schlitten nach hinten bewegen, Stopfbewegung, alle auch einzeln schaltbar)<br \/>\n&#8211; Sound, Pfeife<br \/>\n&#8211; Pantograph auf\/ab<br \/>\n&#8211; Rangiermodus<\/p>\n<p>Schaltbare Lichtfunktionen im Digitalbetrieb:<br \/>\n&#8211; Kabinenbeleuchtung wei\u00df oder blau<br \/>\n&#8211; Spitzenlichter fahrtrichtungsabh\u00e4ngig sowie wei\u00df\/rot getrennt schaltbar, Fern- und Abblendlicht umschaltbar<br \/>\n&#8211; Bremslicht<br \/>\n&#8211; Fernlicht<br \/>\n&#8211; Beleuchtete Arbeitskabinen<br \/>\n&#8211; Beleuchtung des Arbeitsraumes<br \/>\n&#8211; Warnleuchten vorne und hinten<\/p><\/div>\n<\/div>\n","protected":false},"excerpt":{"rendered":"<p>Produktinformationen &#8222;H0 Unimat 09-4&#215;4\/4S E\u00b3 Schienenstopfmaschine, P &amp; T, Funktionsmodell f\u00fcr Zweileitersysteme&#8220; Diese neu entwickelte Schotteraufbereitungsmaschine von Plasser &amp; Theurer verf\u00fcgt \u00fcber zwei Antriebsarten &#8211; elektrisch und diesel-elektrisch (Hybrid) &#8211; \u00fcber einen 600 kW Dieselmotor zur Stromerzeugung. Die Fahrmotore und die Hydraulik werden immer elektrisch angetrieben. Der elektrische Antrieb erm\u00f6glicht einen wartungsg\u00fcnstigen sowie l\u00e4rm- und&#8230;<\/p>\n","protected":false},"featured_media":6080,"comment_status":"open","ping_status":"closed","template":"","meta":[],"product_brand":[],"product_cat":[128,38,37,124],"product_tag":[292,291],"class_list":{"0":"post-6079","1":"product","2":"type-product","3":"status-publish","4":"has-post-thumbnail","6":"product_cat-railmotion-h0","7":"product_cat-unkategorisiert","8":"product_cat-viessmann","9":"product_cat-viessmann-spur-h0","10":"product_tag-kein-spielzeug-nicht-geeignet-fuer-kinder-unter-14-jahren","11":"product_tag-warn-und-sicherheitshinweise-modellbauartikel","13":"first","14":"instock","15":"taxable","16":"shipping-taxable","17":"purchasable","18":"product-type-simple"},"jetpack_sharing_enabled":true,"_links":{"self":[{"href":"https:\/\/www.mg-modelleisenbahnbau.de\/startseite-2\/wp-json\/wp\/v2\/product\/6079","targetHints":{"allow":["GET"]}}],"collection":[{"href":"https:\/\/www.mg-modelleisenbahnbau.de\/startseite-2\/wp-json\/wp\/v2\/product"}],"about":[{"href":"https:\/\/www.mg-modelleisenbahnbau.de\/startseite-2\/wp-json\/wp\/v2\/types\/product"}],"replies":[{"embeddable":true,"href":"https:\/\/www.mg-modelleisenbahnbau.de\/startseite-2\/wp-json\/wp\/v2\/comments?post=6079"}],"wp:featuredmedia":[{"embeddable":true,"href":"https:\/\/www.mg-modelleisenbahnbau.de\/startseite-2\/wp-json\/wp\/v2\/media\/6080"}],"wp:attachment":[{"href":"https:\/\/www.mg-modelleisenbahnbau.de\/startseite-2\/wp-json\/wp\/v2\/media?parent=6079"}],"wp:term":[{"taxonomy":"product_brand","embeddable":true,"href":"https:\/\/www.mg-modelleisenbahnbau.de\/startseite-2\/wp-json\/wp\/v2\/product_brand?post=6079"},{"taxonomy":"product_cat","embeddable":true,"href":"https:\/\/www.mg-modelleisenbahnbau.de\/startseite-2\/wp-json\/wp\/v2\/product_cat?post=6079"},{"taxonomy":"product_tag","embeddable":true,"href":"https:\/\/www.mg-modelleisenbahnbau.de\/startseite-2\/wp-json\/wp\/v2\/product_tag?post=6079"}],"curies":[{"name":"wp","href":"https:\/\/api.w.org\/{rel}","templated":true}]}}