{"id":6077,"date":"2020-06-27T12:36:11","date_gmt":"2020-06-27T10:36:11","guid":{"rendered":"http:\/\/www.mg-modelleisenbahnbau.de\/?post_type=product&#038;p=6077"},"modified":"2025-06-29T17:46:03","modified_gmt":"2025-06-29T15:46:03","slug":"2320-h0-zugschlussbeleuchtung-modern-2-stueck-fuer-niederbordwagen","status":"publish","type":"product","link":"https:\/\/www.mg-modelleisenbahnbau.de\/startseite-2\/produkt\/2320-h0-zugschlussbeleuchtung-modern-2-stueck-fuer-niederbordwagen\/","title":{"rendered":"2320 H0 Zugschlussbeleuchtung modern, 2 St\u00fcck, f\u00fcr Niederbordwagen"},"content":{"rendered":"<div class=\"content--description\">\n<div class=\"content--title\">Produktinformationen &#8222;H0 Zugschlussbeleuchtung modern, 2 St\u00fcck, f\u00fcr Niederbordwagen&#8220;<\/div>\n<div class=\"product--description\">Diese Zugschlussbeleuchtung ist geeignet f\u00fcr die Niederbordwagen Art. 2310, 2311 und Zweiwege-UNIMOG mit Niederbordwagen Art. 2680.<\/div>\n<\/div>\n","protected":false},"excerpt":{"rendered":"<p>Produktinformationen &#8222;H0 Zugschlussbeleuchtung modern, 2 St\u00fcck, f\u00fcr Niederbordwagen&#8220; Diese Zugschlussbeleuchtung ist geeignet f\u00fcr die Niederbordwagen Art. 2310, 2311 und Zweiwege-UNIMOG mit Niederbordwagen Art. 2680.<\/p>\n","protected":false},"featured_media":6078,"comment_status":"open","ping_status":"closed","template":"","meta":[],"product_brand":[],"product_cat":[128,38,37,124],"product_tag":[292,291],"class_list":{"0":"post-6077","1":"product","2":"type-product","3":"status-publish","4":"has-post-thumbnail","6":"product_cat-railmotion-h0","7":"product_cat-unkategorisiert","8":"product_cat-viessmann","9":"product_cat-viessmann-spur-h0","10":"product_tag-kein-spielzeug-nicht-geeignet-fuer-kinder-unter-14-jahren","11":"product_tag-warn-und-sicherheitshinweise-modellbauartikel","13":"first","14":"instock","15":"taxable","16":"shipping-taxable","17":"purchasable","18":"product-type-simple"},"jetpack_sharing_enabled":true,"_links":{"self":[{"href":"https:\/\/www.mg-modelleisenbahnbau.de\/startseite-2\/wp-json\/wp\/v2\/product\/6077","targetHints":{"allow":["GET"]}}],"collection":[{"href":"https:\/\/www.mg-modelleisenbahnbau.de\/startseite-2\/wp-json\/wp\/v2\/product"}],"about":[{"href":"https:\/\/www.mg-modelleisenbahnbau.de\/startseite-2\/wp-json\/wp\/v2\/types\/product"}],"replies":[{"embeddable":true,"href":"https:\/\/www.mg-modelleisenbahnbau.de\/startseite-2\/wp-json\/wp\/v2\/comments?post=6077"}],"wp:featuredmedia":[{"embeddable":true,"href":"https:\/\/www.mg-modelleisenbahnbau.de\/startseite-2\/wp-json\/wp\/v2\/media\/6078"}],"wp:attachment":[{"href":"https:\/\/www.mg-modelleisenbahnbau.de\/startseite-2\/wp-json\/wp\/v2\/media?parent=6077"}],"wp:term":[{"taxonomy":"product_brand","embeddable":true,"href":"https:\/\/www.mg-modelleisenbahnbau.de\/startseite-2\/wp-json\/wp\/v2\/product_brand?post=6077"},{"taxonomy":"product_cat","embeddable":true,"href":"https:\/\/www.mg-modelleisenbahnbau.de\/startseite-2\/wp-json\/wp\/v2\/product_cat?post=6077"},{"taxonomy":"product_tag","embeddable":true,"href":"https:\/\/www.mg-modelleisenbahnbau.de\/startseite-2\/wp-json\/wp\/v2\/product_tag?post=6077"}],"curies":[{"name":"wp","href":"https:\/\/api.w.org\/{rel}","templated":true}]}}