{"id":5935,"date":"2020-04-01T17:05:36","date_gmt":"2020-04-01T15:05:36","guid":{"rendered":"http:\/\/www.mg-modelleisenbahnbau.de\/?post_type=product&#038;p=5935"},"modified":"2025-07-01T11:34:28","modified_gmt":"2025-07-01T09:34:28","slug":"48275-h0-steinbogenbruecke-aus-steinkunst-auslauf","status":"publish","type":"product","link":"https:\/\/www.mg-modelleisenbahnbau.de\/startseite-2\/produkt\/48275-h0-steinbogenbruecke-aus-steinkunst-auslauf\/","title":{"rendered":"48275 H0 Steinbogenbr\u00fccke aus Steinkunst **Auslauf**"},"content":{"rendered":"<div class=\"content--description\">\n<div class=\"content--title\">Produktinformationen &#8222;H0 Steinbogenbr\u00fccke aus Steinkunst **Auslauf**&#8220;<\/div>\n<div class=\"product--description\">Bausatz. Diese Br\u00fccke aus der Steinkunst-Serie besteht aus wetterfestem Sedimentverbundwerkstoff. Dieser Werkstoff erzeugt eine un\u00fcbertroffen realistische Steinoberfl\u00e4che und kann mit handels\u00fcblichen Farben einfach und realistisch gealtert werden. F\u00fcr die Montage empfehlen wir einen gelartigen Kleber, z. B. Sekundenkleber oder den im Vollmer Programm erh\u00e4ltlichen Kleber f\u00fcr Bio-Baus\u00e4tze. Durchfahrtsh\u00f6he: 4,2 cm. Durchfahrtsbreite: 8,5 cm. L 27 x B 9,2 x H 7 cm.<\/div>\n<\/div>\n","protected":false},"excerpt":{"rendered":"<p>Produktinformationen &#8222;H0 Steinbogenbr\u00fccke aus Steinkunst **Auslauf**&#8220; Bausatz. Diese Br\u00fccke aus der Steinkunst-Serie besteht aus wetterfestem Sedimentverbundwerkstoff. Dieser Werkstoff erzeugt eine un\u00fcbertroffen realistische Steinoberfl\u00e4che und kann mit handels\u00fcblichen Farben einfach und realistisch gealtert werden. F\u00fcr die Montage empfehlen wir einen gelartigen Kleber, z. B. Sekundenkleber oder den im Vollmer Programm erh\u00e4ltlichen Kleber f\u00fcr Bio-Baus\u00e4tze. Durchfahrtsh\u00f6he: 4,2&#8230;<\/p>\n","protected":false},"featured_media":5941,"comment_status":"open","ping_status":"closed","template":"","meta":[],"product_brand":[],"product_cat":[161,38,41],"product_tag":[292,291],"class_list":{"0":"post-5935","1":"product","2":"type-product","3":"status-publish","4":"has-post-thumbnail","6":"product_cat-steinkunst-ho","7":"product_cat-unkategorisiert","8":"product_cat-vollmer","9":"product_tag-kein-spielzeug-nicht-geeignet-fuer-kinder-unter-14-jahren","10":"product_tag-warn-und-sicherheitshinweise-modellbauartikel","12":"first","13":"instock","14":"taxable","15":"shipping-taxable","16":"purchasable","17":"product-type-simple"},"jetpack_sharing_enabled":true,"_links":{"self":[{"href":"https:\/\/www.mg-modelleisenbahnbau.de\/startseite-2\/wp-json\/wp\/v2\/product\/5935","targetHints":{"allow":["GET"]}}],"collection":[{"href":"https:\/\/www.mg-modelleisenbahnbau.de\/startseite-2\/wp-json\/wp\/v2\/product"}],"about":[{"href":"https:\/\/www.mg-modelleisenbahnbau.de\/startseite-2\/wp-json\/wp\/v2\/types\/product"}],"replies":[{"embeddable":true,"href":"https:\/\/www.mg-modelleisenbahnbau.de\/startseite-2\/wp-json\/wp\/v2\/comments?post=5935"}],"wp:featuredmedia":[{"embeddable":true,"href":"https:\/\/www.mg-modelleisenbahnbau.de\/startseite-2\/wp-json\/wp\/v2\/media\/5941"}],"wp:attachment":[{"href":"https:\/\/www.mg-modelleisenbahnbau.de\/startseite-2\/wp-json\/wp\/v2\/media?parent=5935"}],"wp:term":[{"taxonomy":"product_brand","embeddable":true,"href":"https:\/\/www.mg-modelleisenbahnbau.de\/startseite-2\/wp-json\/wp\/v2\/product_brand?post=5935"},{"taxonomy":"product_cat","embeddable":true,"href":"https:\/\/www.mg-modelleisenbahnbau.de\/startseite-2\/wp-json\/wp\/v2\/product_cat?post=5935"},{"taxonomy":"product_tag","embeddable":true,"href":"https:\/\/www.mg-modelleisenbahnbau.de\/startseite-2\/wp-json\/wp\/v2\/product_tag?post=5935"}],"curies":[{"name":"wp","href":"https:\/\/api.w.org\/{rel}","templated":true}]}}