{"id":591,"date":"2018-10-14T14:05:20","date_gmt":"2018-10-14T12:05:20","guid":{"rendered":"http:\/\/www.mg-modelleisenbahnbau.de\/?post_type=product&#038;p=591"},"modified":"2025-06-29T18:00:25","modified_gmt":"2025-06-29T16:00:25","slug":"4100-h0-startset-oberleitung","status":"publish","type":"product","link":"https:\/\/www.mg-modelleisenbahnbau.de\/startseite-2\/produkt\/4100-h0-startset-oberleitung\/","title":{"rendered":"4100 H0 Startset Oberleitung"},"content":{"rendered":"<p>Produktinformationen &#8222;H0 Startset Oberleitung&#8220;<br \/>\nOberleitungsset f\u00fcr ein Gleisoval (112 cm x 76 cm), bestehend aus 14 Streckenmasten Art. 4110, 12 Fahrdr\u00e4hten 190 mm Art. 4142, 2 Fahrdr\u00e4hten 360 mm Art. 4143 und einer Fahrdrahtmontagelehre Art. 4196. Wenn Sie die Oberleitung funktionsf\u00e4hig (d. h. stromf\u00fchrend) betreiben wollen, ben\u00f6tigen Sie einen Anschlussmast Art. 4111, den Sicherungshalter Art. 4188 mit Sicherungen sowie Y-Seile Art. 4170, welche eine optimale Verbindung zwischen den Fahrdr\u00e4hten sicherstellen.<\/p>\n","protected":false},"excerpt":{"rendered":"<p>Produktinformationen &#8222;H0 Startset Oberleitung&#8220; Oberleitungsset f\u00fcr ein Gleisoval (112 cm x 76 cm), bestehend aus 14 Streckenmasten Art. 4110, 12 Fahrdr\u00e4hten 190 mm Art. 4142, 2 Fahrdr\u00e4hten 360 mm Art. 4143 und einer Fahrdrahtmontagelehre Art. 4196. Wenn Sie die Oberleitung funktionsf\u00e4hig (d. h. stromf\u00fchrend) betreiben wollen, ben\u00f6tigen Sie einen Anschlussmast Art. 4111, den Sicherungshalter Art&#8230;.<\/p>\n","protected":false},"featured_media":592,"comment_status":"open","ping_status":"closed","template":"","meta":[],"product_brand":[],"product_cat":[127,38,37,124],"product_tag":[292,291],"class_list":{"0":"post-591","1":"product","2":"type-product","3":"status-publish","4":"has-post-thumbnail","6":"product_cat-oberleitung-h0","7":"product_cat-unkategorisiert","8":"product_cat-viessmann","9":"product_cat-viessmann-spur-h0","10":"product_tag-kein-spielzeug-nicht-geeignet-fuer-kinder-unter-14-jahren","11":"product_tag-warn-und-sicherheitshinweise-modellbauartikel","13":"first","14":"instock","15":"taxable","16":"shipping-taxable","17":"purchasable","18":"product-type-simple"},"jetpack_sharing_enabled":true,"_links":{"self":[{"href":"https:\/\/www.mg-modelleisenbahnbau.de\/startseite-2\/wp-json\/wp\/v2\/product\/591","targetHints":{"allow":["GET"]}}],"collection":[{"href":"https:\/\/www.mg-modelleisenbahnbau.de\/startseite-2\/wp-json\/wp\/v2\/product"}],"about":[{"href":"https:\/\/www.mg-modelleisenbahnbau.de\/startseite-2\/wp-json\/wp\/v2\/types\/product"}],"replies":[{"embeddable":true,"href":"https:\/\/www.mg-modelleisenbahnbau.de\/startseite-2\/wp-json\/wp\/v2\/comments?post=591"}],"wp:featuredmedia":[{"embeddable":true,"href":"https:\/\/www.mg-modelleisenbahnbau.de\/startseite-2\/wp-json\/wp\/v2\/media\/592"}],"wp:attachment":[{"href":"https:\/\/www.mg-modelleisenbahnbau.de\/startseite-2\/wp-json\/wp\/v2\/media?parent=591"}],"wp:term":[{"taxonomy":"product_brand","embeddable":true,"href":"https:\/\/www.mg-modelleisenbahnbau.de\/startseite-2\/wp-json\/wp\/v2\/product_brand?post=591"},{"taxonomy":"product_cat","embeddable":true,"href":"https:\/\/www.mg-modelleisenbahnbau.de\/startseite-2\/wp-json\/wp\/v2\/product_cat?post=591"},{"taxonomy":"product_tag","embeddable":true,"href":"https:\/\/www.mg-modelleisenbahnbau.de\/startseite-2\/wp-json\/wp\/v2\/product_tag?post=591"}],"curies":[{"name":"wp","href":"https:\/\/api.w.org\/{rel}","templated":true}]}}