{"id":5908,"date":"2020-04-01T11:04:52","date_gmt":"2020-04-01T09:04:52","guid":{"rendered":"http:\/\/www.mg-modelleisenbahnbau.de\/?post_type=product&#038;p=5908"},"modified":"2025-06-30T11:40:00","modified_gmt":"2025-06-30T09:40:00","slug":"37301-n-windmuehle-in-lemkenhafen","status":"publish","type":"product","link":"https:\/\/www.mg-modelleisenbahnbau.de\/startseite-2\/produkt\/37301-n-windmuehle-in-lemkenhafen\/","title":{"rendered":"37301 N Windm\u00fchle in Lemkenhafen"},"content":{"rendered":"<div class=\"content--description\">\n<div class=\"content--title\">Produktinformationen &#8222;N Windm\u00fchle in Lemkenhafen&#8220;<\/div>\n<div class=\"product--description\">Bausatz. Dieses Modell ist der Nachbau der letzten Windm\u00fchle auf der Insel Fehmarn. Die Windm\u00fchle wurde 1787 als Gr\u00fctz- und Graupenm\u00fchle errichtet und mit Windsegeln betrieben. F\u00fcr das Kornmahlen hat sie heute ausgedient und wurde ab 1961 als M\u00fchlenmuseum eingerichtet. Bei dieser M\u00fchle dreht sich nur die Kappe mittels eines dreieckigen Sterts, nicht mehr das ganze M\u00fchlenhaus, um die M\u00fchlenfl\u00fcgel in unterschiedliche Windrichtungen auszurichten. Die gesamte Umkleidung des M\u00fchlenrumpfes zeigt h\u00f6lzerne Schindelplatten, die im Modell einen besonders gelungenen Kontrast zu den filigranen Fl\u00fcgeln ergeben. Ma\u00dfe: L 9 x B 9 x H 16 cm. Schwierigkeitsgrad: 2 (Fortgeschrittene).<\/div>\n<\/div>\n","protected":false},"excerpt":{"rendered":"<p>Produktinformationen &#8222;N Windm\u00fchle in Lemkenhafen&#8220; Bausatz. Dieses Modell ist der Nachbau der letzten Windm\u00fchle auf der Insel Fehmarn. Die Windm\u00fchle wurde 1787 als Gr\u00fctz- und Graupenm\u00fchle errichtet und mit Windsegeln betrieben. F\u00fcr das Kornmahlen hat sie heute ausgedient und wurde ab 1961 als M\u00fchlenmuseum eingerichtet. Bei dieser M\u00fchle dreht sich nur die Kappe mittels eines&#8230;<\/p>\n","protected":false},"featured_media":5909,"comment_status":"open","ping_status":"closed","template":"","meta":[],"product_brand":[],"product_cat":[237,44,228,38],"product_tag":[292,291],"class_list":{"0":"post-5908","1":"product","2":"type-product","3":"status-publish","4":"has-post-thumbnail","6":"product_cat-alpenhaeuser-windmuehlen-decoration-n","7":"product_cat-kibri","8":"product_cat-kibri-spur-n","9":"product_cat-unkategorisiert","10":"product_tag-kein-spielzeug-nicht-geeignet-fuer-kinder-unter-14-jahren","11":"product_tag-warn-und-sicherheitshinweise-modellbauartikel","13":"first","14":"instock","15":"taxable","16":"shipping-taxable","17":"purchasable","18":"product-type-simple"},"jetpack_sharing_enabled":true,"_links":{"self":[{"href":"https:\/\/www.mg-modelleisenbahnbau.de\/startseite-2\/wp-json\/wp\/v2\/product\/5908","targetHints":{"allow":["GET"]}}],"collection":[{"href":"https:\/\/www.mg-modelleisenbahnbau.de\/startseite-2\/wp-json\/wp\/v2\/product"}],"about":[{"href":"https:\/\/www.mg-modelleisenbahnbau.de\/startseite-2\/wp-json\/wp\/v2\/types\/product"}],"replies":[{"embeddable":true,"href":"https:\/\/www.mg-modelleisenbahnbau.de\/startseite-2\/wp-json\/wp\/v2\/comments?post=5908"}],"wp:featuredmedia":[{"embeddable":true,"href":"https:\/\/www.mg-modelleisenbahnbau.de\/startseite-2\/wp-json\/wp\/v2\/media\/5909"}],"wp:attachment":[{"href":"https:\/\/www.mg-modelleisenbahnbau.de\/startseite-2\/wp-json\/wp\/v2\/media?parent=5908"}],"wp:term":[{"taxonomy":"product_brand","embeddable":true,"href":"https:\/\/www.mg-modelleisenbahnbau.de\/startseite-2\/wp-json\/wp\/v2\/product_brand?post=5908"},{"taxonomy":"product_cat","embeddable":true,"href":"https:\/\/www.mg-modelleisenbahnbau.de\/startseite-2\/wp-json\/wp\/v2\/product_cat?post=5908"},{"taxonomy":"product_tag","embeddable":true,"href":"https:\/\/www.mg-modelleisenbahnbau.de\/startseite-2\/wp-json\/wp\/v2\/product_tag?post=5908"}],"curies":[{"name":"wp","href":"https:\/\/api.w.org\/{rel}","templated":true}]}}