{"id":5906,"date":"2020-04-01T11:02:03","date_gmt":"2020-04-01T09:02:03","guid":{"rendered":"http:\/\/www.mg-modelleisenbahnbau.de\/?post_type=product&#038;p=5906"},"modified":"2025-06-30T11:51:54","modified_gmt":"2025-06-30T09:51:54","slug":"37318-n-reetdachhaus","status":"publish","type":"product","link":"https:\/\/www.mg-modelleisenbahnbau.de\/startseite-2\/produkt\/37318-n-reetdachhaus\/","title":{"rendered":"37318 N Reetdachhaus"},"content":{"rendered":"<div class=\"content--description\">\n<div class=\"content--title\">Produktinformationen &#8222;N Reetdachhaus&#8220;<\/div>\n<div class=\"product--description\">Bausatz. Das Reetdachhaus ist ein typisches Haus unter anderem f\u00fcr die Region der nordeutschen Nordseek\u00fcste und der Ostseek\u00fcste. Ma\u00dfe: L 10,5 x B 6,5 x H 7 cm. Schwierigkeitsgrad: 2 (Fortgeschrittene).<\/div>\n<h3><span style=\"color: #ff6600;\"><strong><span class=\"delivery--text delivery--text-not-available\">Lieferzeit auf Anfrage<\/span><\/strong><\/span><\/h3>\n<div><a class=\"product--image\" title=\"LED-Hausinnenbeleuchtung mit TV-Simulation\" href=\"https:\/\/viessmann-modell.com\/sortiment\/elektronik\/elektronik-effekt\/193\/led-hausinnenbeleuchtung-mit-tv-simulation\"> <span class=\"image--element\"> <span class=\"image--media\"> <img title=\"LED-Hausinnenbeleuchtung mit TV-Simulation \" srcset=\"https:\/\/viessmann-modell.com\/media\/image\/06\/04\/35\/5079TyvmgqwFCPMTb_200x200.jpg, https:\/\/viessmann-modell.com\/media\/image\/g0\/b4\/14\/5079TyvmgqwFCPMTb_200x200@2x.jpg 2x\" alt=\"LED-Hausinnenbeleuchtung mit TV-Simulation \" data-extension=\"jpg\" \/><\/span><\/span><\/a><a class=\"product--title\" title=\"LED-Hausinnenbeleuchtung mit TV-Simulation\" href=\"https:\/\/viessmann-modell.com\/sortiment\/elektronik\/elektronik-effekt\/193\/led-hausinnenbeleuchtung-mit-tv-simulation\"> 5079 LED-Hausinnenbeleuchtung mit TV-Simulation <\/a><a class=\"product--image\" title=\"Hausbeleuchtungs-Startset, 12 Boxen, 4 verschiedene Gr\u00f6\u00dfen, 1 LED wei\u00df\" href=\"https:\/\/viessmann-modell.com\/sortiment\/zubehoer\/bauteile\/2251\/hausbeleuchtungs-startset-12-boxen-4-verschiedene-groessen-1-led-weiss\"> <span class=\"image--element\"> <span class=\"image--media\"> <img title=\"Hausbeleuchtungs-Startset, 12 Boxen,\" srcset=\"https:\/\/viessmann-modell.com\/media\/image\/fd\/4e\/ee\/6005Gq354sb8YHdaI_200x200.jpg, https:\/\/viessmann-modell.com\/media\/image\/57\/f0\/e7\/6005Gq354sb8YHdaI_200x200@2x.jpg 2x\" alt=\"Hausbeleuchtungs-Startset, 12 Boxen,\" data-extension=\"jpg\" \/><a class=\"product--title\" title=\"Hausbeleuchtungs-Startset, 12 Boxen, 4 verschiedene Gr\u00f6\u00dfen, 1 LED wei\u00df\" href=\"https:\/\/viessmann-modell.com\/sortiment\/zubehoer\/bauteile\/2251\/hausbeleuchtungs-startset-12-boxen-4-verschiedene-groessen-1-led-weiss\"> 6005 Hausbeleuchtungs-Startset, 12 Boxen, 4&#8230; <\/a> <\/span> <\/span> <\/a><\/div>\n<\/div>\n","protected":false},"excerpt":{"rendered":"<p>Produktinformationen &#8222;N Reetdachhaus&#8220; Bausatz. Das Reetdachhaus ist ein typisches Haus unter anderem f\u00fcr die Region der nordeutschen Nordseek\u00fcste und der Ostseek\u00fcste. Ma\u00dfe: L 10,5 x B 6,5 x H 7 cm. Schwierigkeitsgrad: 2 (Fortgeschrittene). Lieferzeit auf Anfrage 5079 LED-Hausinnenbeleuchtung mit TV-Simulation 6005 Hausbeleuchtungs-Startset, 12 Boxen, 4&#8230;<\/p>\n","protected":false},"featured_media":5907,"comment_status":"open","ping_status":"closed","template":"","meta":[],"product_brand":[],"product_cat":[237,44,228,38],"product_tag":[292,291],"class_list":{"0":"post-5906","1":"product","2":"type-product","3":"status-publish","4":"has-post-thumbnail","6":"product_cat-alpenhaeuser-windmuehlen-decoration-n","7":"product_cat-kibri","8":"product_cat-kibri-spur-n","9":"product_cat-unkategorisiert","10":"product_tag-kein-spielzeug-nicht-geeignet-fuer-kinder-unter-14-jahren","11":"product_tag-warn-und-sicherheitshinweise-modellbauartikel","13":"first","14":"instock","15":"taxable","16":"shipping-taxable","17":"purchasable","18":"product-type-simple"},"jetpack_sharing_enabled":true,"_links":{"self":[{"href":"https:\/\/www.mg-modelleisenbahnbau.de\/startseite-2\/wp-json\/wp\/v2\/product\/5906","targetHints":{"allow":["GET"]}}],"collection":[{"href":"https:\/\/www.mg-modelleisenbahnbau.de\/startseite-2\/wp-json\/wp\/v2\/product"}],"about":[{"href":"https:\/\/www.mg-modelleisenbahnbau.de\/startseite-2\/wp-json\/wp\/v2\/types\/product"}],"replies":[{"embeddable":true,"href":"https:\/\/www.mg-modelleisenbahnbau.de\/startseite-2\/wp-json\/wp\/v2\/comments?post=5906"}],"wp:featuredmedia":[{"embeddable":true,"href":"https:\/\/www.mg-modelleisenbahnbau.de\/startseite-2\/wp-json\/wp\/v2\/media\/5907"}],"wp:attachment":[{"href":"https:\/\/www.mg-modelleisenbahnbau.de\/startseite-2\/wp-json\/wp\/v2\/media?parent=5906"}],"wp:term":[{"taxonomy":"product_brand","embeddable":true,"href":"https:\/\/www.mg-modelleisenbahnbau.de\/startseite-2\/wp-json\/wp\/v2\/product_brand?post=5906"},{"taxonomy":"product_cat","embeddable":true,"href":"https:\/\/www.mg-modelleisenbahnbau.de\/startseite-2\/wp-json\/wp\/v2\/product_cat?post=5906"},{"taxonomy":"product_tag","embeddable":true,"href":"https:\/\/www.mg-modelleisenbahnbau.de\/startseite-2\/wp-json\/wp\/v2\/product_tag?post=5906"}],"curies":[{"name":"wp","href":"https:\/\/api.w.org\/{rel}","templated":true}]}}