{"id":588,"date":"2018-10-14T13:59:08","date_gmt":"2018-10-14T11:59:08","guid":{"rendered":"http:\/\/www.mg-modelleisenbahnbau.de\/?post_type=product&#038;p=588"},"modified":"2025-06-29T17:43:02","modified_gmt":"2025-06-29T15:43:02","slug":"3563-led-rot-mit-angeloeteten-kabeln-5-stueck","status":"publish","type":"product","link":"https:\/\/www.mg-modelleisenbahnbau.de\/startseite-2\/produkt\/3563-led-rot-mit-angeloeteten-kabeln-5-stueck\/","title":{"rendered":"3563 LED rot mit angel\u00f6teten Kabeln, 5 St\u00fcck"},"content":{"rendered":"<p>Produktinformationen &#8222;LED rot mit angel\u00f6teten Kabeln, 5 St\u00fcck&#8220;<br \/>\nBastelset. Universell einsetzbare LEDs. Bei diesem Set ist kein Anl\u00f6ten der Kabel mehr notwendig. Inklusive Vorwiderstand und Diode. Ma\u00dfe: L 1,6 mm x B 0,8 mm.<\/p>\n","protected":false},"excerpt":{"rendered":"<p>Produktinformationen &#8222;LED rot mit angel\u00f6teten Kabeln, 5 St\u00fcck&#8220; Bastelset. Universell einsetzbare LEDs. Bei diesem Set ist kein Anl\u00f6ten der Kabel mehr notwendig. Inklusive Vorwiderstand und Diode. Ma\u00dfe: L 1,6 mm x B 0,8 mm.<\/p>\n","protected":false},"featured_media":589,"comment_status":"open","ping_status":"closed","template":"","meta":[],"product_brand":[],"product_cat":[38,37,154],"product_tag":[292,291],"class_list":{"0":"post-588","1":"product","2":"type-product","3":"status-publish","4":"has-post-thumbnail","6":"product_cat-unkategorisiert","7":"product_cat-viessmann","8":"product_cat-viessmann-zubehoer","9":"product_tag-kein-spielzeug-nicht-geeignet-fuer-kinder-unter-14-jahren","10":"product_tag-warn-und-sicherheitshinweise-modellbauartikel","12":"first","13":"instock","14":"taxable","15":"shipping-taxable","16":"purchasable","17":"product-type-simple"},"jetpack_sharing_enabled":true,"_links":{"self":[{"href":"https:\/\/www.mg-modelleisenbahnbau.de\/startseite-2\/wp-json\/wp\/v2\/product\/588","targetHints":{"allow":["GET"]}}],"collection":[{"href":"https:\/\/www.mg-modelleisenbahnbau.de\/startseite-2\/wp-json\/wp\/v2\/product"}],"about":[{"href":"https:\/\/www.mg-modelleisenbahnbau.de\/startseite-2\/wp-json\/wp\/v2\/types\/product"}],"replies":[{"embeddable":true,"href":"https:\/\/www.mg-modelleisenbahnbau.de\/startseite-2\/wp-json\/wp\/v2\/comments?post=588"}],"wp:featuredmedia":[{"embeddable":true,"href":"https:\/\/www.mg-modelleisenbahnbau.de\/startseite-2\/wp-json\/wp\/v2\/media\/589"}],"wp:attachment":[{"href":"https:\/\/www.mg-modelleisenbahnbau.de\/startseite-2\/wp-json\/wp\/v2\/media?parent=588"}],"wp:term":[{"taxonomy":"product_brand","embeddable":true,"href":"https:\/\/www.mg-modelleisenbahnbau.de\/startseite-2\/wp-json\/wp\/v2\/product_brand?post=588"},{"taxonomy":"product_cat","embeddable":true,"href":"https:\/\/www.mg-modelleisenbahnbau.de\/startseite-2\/wp-json\/wp\/v2\/product_cat?post=588"},{"taxonomy":"product_tag","embeddable":true,"href":"https:\/\/www.mg-modelleisenbahnbau.de\/startseite-2\/wp-json\/wp\/v2\/product_tag?post=588"}],"curies":[{"name":"wp","href":"https:\/\/api.w.org\/{rel}","templated":true}]}}